{"id":67854,"date":"2024-01-14T09:28:00","date_gmt":"2024-01-14T09:28:00","guid":{"rendered":"https:\/\/staging.dyrsan.fr\/?post_type=product&#038;p=67854"},"modified":"2026-03-15T17:27:10","modified_gmt":"2026-03-15T17:27:10","slug":"monaco-bikini-noir-a-petit-strass","status":"publish","type":"product","link":"https:\/\/staging.dyrsan.fr\/pt\/shop\/monaco-bikini-noir-a-petit-strass\/","title":{"rendered":"M\u00f3naco - biqu\u00edni preto com brilhantes"},"content":{"rendered":"<ul>\n<li>Tri\u00e2ngulo elevado<\/li>\n<li>Calcinhas brasileiras<\/li>\n<li>Estofo amov\u00edvel<\/li>\n<li>Cristais genu\u00ednos<\/li>\n<li>Totalmente forrado<\/li>\n<li>Composi\u00e7\u00e3o: 80% Poliamida, 20% Elastano<\/li>\n<li>A modelo est\u00e1 a usar um tamanho S \/ 36 FR<\/li>\n<\/ul>","protected":false},"excerpt":{"rendered":"<p>O conjunto de biqu\u00edni Monaco preto com strass, fabricado em lycra italiana topo de gama, oferece um visual sofisticado com o seu top triangular com strass e cuecas brasileiras a condizer. Uma combina\u00e7\u00e3o perfeita de qualidade, estilo e eleg\u00e2ncia.<\/p>","protected":false},"featured_media":67868,"comment_status":"open","ping_status":"closed","template":"","meta":[],"product_brand":[370],"product_cat":[428],"product_tag":[],"class_list":{"0":"post-67854","1":"product","2":"type-product","3":"status-publish","4":"has-post-thumbnail","6":"product_brand-dyrsan","7":"product_cat-swimwear","9":"first","10":"instock","11":"purchasable","12":"product-type-variable","13":"has-default-attributes"},"_links":{"self":[{"href":"https:\/\/staging.dyrsan.fr\/pt\/wp-json\/wp\/v2\/product\/67854","targetHints":{"allow":["GET"]}}],"collection":[{"href":"https:\/\/staging.dyrsan.fr\/pt\/wp-json\/wp\/v2\/product"}],"about":[{"href":"https:\/\/staging.dyrsan.fr\/pt\/wp-json\/wp\/v2\/types\/product"}],"replies":[{"embeddable":true,"href":"https:\/\/staging.dyrsan.fr\/pt\/wp-json\/wp\/v2\/comments?post=67854"}],"version-history":[{"count":1,"href":"https:\/\/staging.dyrsan.fr\/pt\/wp-json\/wp\/v2\/product\/67854\/revisions"}],"predecessor-version":[{"id":67870,"href":"https:\/\/staging.dyrsan.fr\/pt\/wp-json\/wp\/v2\/product\/67854\/revisions\/67870"}],"wp:featuredmedia":[{"embeddable":true,"href":"https:\/\/staging.dyrsan.fr\/pt\/wp-json\/wp\/v2\/media\/67868"}],"wp:attachment":[{"href":"https:\/\/staging.dyrsan.fr\/pt\/wp-json\/wp\/v2\/media?parent=67854"}],"wp:term":[{"taxonomy":"product_brand","embeddable":true,"href":"https:\/\/staging.dyrsan.fr\/pt\/wp-json\/wp\/v2\/product_brand?post=67854"},{"taxonomy":"product_cat","embeddable":true,"href":"https:\/\/staging.dyrsan.fr\/pt\/wp-json\/wp\/v2\/product_cat?post=67854"},{"taxonomy":"product_tag","embeddable":true,"href":"https:\/\/staging.dyrsan.fr\/pt\/wp-json\/wp\/v2\/product_tag?post=67854"}],"curies":[{"name":"wp","href":"https:\/\/api.w.org\/{rel}","templated":true}]}}