{"id":65737,"date":"2025-08-29T20:32:39","date_gmt":"2025-08-29T20:32:39","guid":{"rendered":"https:\/\/www.2027.staging.dyrsan.fr\/?post_type=product&#038;p=65737"},"modified":"2026-04-14T10:21:34","modified_gmt":"2026-04-14T10:21:34","slug":"connecteur-en-metal-argente","status":"publish","type":"product","link":"https:\/\/staging.dyrsan.fr\/pt\/shop\/connecteur-en-metal-argente\/","title":{"rendered":"Conector de metal prateado"},"content":{"rendered":"<p>Ce connecteur en m\u00e9tal argent\u00e9 est un \u00e9l\u00e9ment fonctionnel destin\u00e9 \u00e0 l\u2019assemblage et \u00e0 la finition des cr\u00e9ations textiles. Sa finition polie assure une tenue durable et une esth\u00e9tique soign\u00e9e pour les usages baln\u00e9aires et techniques.<\/p>\n<p>&nbsp;<\/p>\n<p><strong>Especifica\u00e7\u00f5es t\u00e9cnicas:<\/strong><\/p>\n<p>R\u00e9f\u00e9rence : DY8291<br \/>\nMaterial(is): Metal<br \/>\nCor: prata<br \/>\nTaille : 62 \u00d7 20 \u00d7 14 mm<br \/>\nPoids : 7,6 g<\/p>\n<p>&nbsp;<\/p>\n<p><strong>Carater\u00edsticas t\u00e9cnicas:<\/strong><br \/>\nResistente \u00e0 ferrugem<br \/>\nResistente \u00e0 \u00e1gua do mar e \u00e0 transpira\u00e7\u00e3o<br \/>\nN\u00e3o descolora<br \/>\nSem arestas vivas (n\u00e3o irritante)<br \/>\nElevada durabilidade (mesmo quando cosido ou exposto ao sol)<\/p>\n<p>Vendido em embalagens de 100 \/ Entrega em 15-20 dias<\/p>\n<p>Traitement de surface : Polissage miroir &amp; galvanoplastie multicouche<\/p>","protected":false},"excerpt":{"rendered":"<p>Ce connecteur en m\u00e9tal argent\u00e9 est un \u00e9l\u00e9ment fonctionnel destin\u00e9 \u00e0 l\u2019assemblage et \u00e0 la finition des cr\u00e9ations textiles. Sa finition polie assure une tenue durable et une esth\u00e9tique soign\u00e9e pour les usages baln\u00e9aires et techniques.<\/p>\n<p>&nbsp;<\/p>\n<p><strong>Especifica\u00e7\u00f5es t\u00e9cnicas:<\/strong><\/p>\n<p>R\u00e9f\u00e9rence : DY8291<br \/>\nMaterial(is): Metal<br \/>\nCor: prata<br \/>\nTaille : 62 \u00d7 20 \u00d7 14 mm<br \/>\nPoids : 7,6 g<\/p>\n<p>&nbsp;<\/p>\n<p><strong>Carater\u00edsticas t\u00e9cnicas:<\/strong><br \/>\nResistente \u00e0 ferrugem<br \/>\nResistente \u00e0 \u00e1gua do mar e \u00e0 transpira\u00e7\u00e3o<br \/>\nN\u00e3o descolora<br \/>\nSem arestas vivas (n\u00e3o irritante)<br \/>\nElevada durabilidade (mesmo quando cosido ou exposto ao sol)<\/p>\n<p>Vendido em embalagens de 100 \/ Entrega em 15-20 dias<\/p>\n<p>Traitement de surface : Polissage miroir &amp; galvanoplastie multicouche<\/p>","protected":false},"featured_media":61733,"comment_status":"closed","ping_status":"closed","template":"","meta":[],"product_brand":[370],"product_cat":[149,140],"product_tag":[381,438],"class_list":{"0":"post-65737","1":"product","2":"type-product","3":"status-publish","4":"has-post-thumbnail","6":"product_brand-dyrsan","7":"product_cat-connecteurs","8":"product_cat-accessoires","9":"product_tag-chaine","10":"product_tag-connecteur","11":"product_shipping_class-1-a-2kg","13":"first","14":"instock","15":"taxable","16":"shipping-taxable","17":"purchasable","18":"product-type-simple"},"_links":{"self":[{"href":"https:\/\/staging.dyrsan.fr\/pt\/wp-json\/wp\/v2\/product\/65737","targetHints":{"allow":["GET"]}}],"collection":[{"href":"https:\/\/staging.dyrsan.fr\/pt\/wp-json\/wp\/v2\/product"}],"about":[{"href":"https:\/\/staging.dyrsan.fr\/pt\/wp-json\/wp\/v2\/types\/product"}],"replies":[{"embeddable":true,"href":"https:\/\/staging.dyrsan.fr\/pt\/wp-json\/wp\/v2\/comments?post=65737"}],"version-history":[{"count":7,"href":"https:\/\/staging.dyrsan.fr\/pt\/wp-json\/wp\/v2\/product\/65737\/revisions"}],"predecessor-version":[{"id":76343,"href":"https:\/\/staging.dyrsan.fr\/pt\/wp-json\/wp\/v2\/product\/65737\/revisions\/76343"}],"wp:featuredmedia":[{"embeddable":true,"href":"https:\/\/staging.dyrsan.fr\/pt\/wp-json\/wp\/v2\/media\/61733"}],"wp:attachment":[{"href":"https:\/\/staging.dyrsan.fr\/pt\/wp-json\/wp\/v2\/media?parent=65737"}],"wp:term":[{"taxonomy":"product_brand","embeddable":true,"href":"https:\/\/staging.dyrsan.fr\/pt\/wp-json\/wp\/v2\/product_brand?post=65737"},{"taxonomy":"product_cat","embeddable":true,"href":"https:\/\/staging.dyrsan.fr\/pt\/wp-json\/wp\/v2\/product_cat?post=65737"},{"taxonomy":"product_tag","embeddable":true,"href":"https:\/\/staging.dyrsan.fr\/pt\/wp-json\/wp\/v2\/product_tag?post=65737"}],"curies":[{"name":"wp","href":"https:\/\/api.w.org\/{rel}","templated":true}]}}