{"id":65736,"date":"2025-08-29T20:32:39","date_gmt":"2025-08-29T20:32:39","guid":{"rendered":"https:\/\/www.2027.staging.dyrsan.fr\/?post_type=product&#038;p=65736"},"modified":"2026-04-03T17:51:44","modified_gmt":"2026-04-03T17:51:44","slug":"connecteur-en-metal-dore-a-deux-boucles-avec-pierre-naturelle-rose-centrale","status":"publish","type":"product","link":"https:\/\/staging.dyrsan.fr\/pt\/shop\/connecteur-en-metal-dore-a-deux-boucles-avec-pierre-naturelle-rose-centrale\/","title":{"rendered":"Conector de metal banhado a ouro com duas argolas e pedra natural rosa central"},"content":{"rendered":"<p>Este conetor de metal dourado de dois la\u00e7os com pedra natural rosa central \u00e9 um elemento decorativo e funcional para a montagem de t\u00eaxteis. Confere um acabamento elegante e delicado aos fatos de banho e ao vestu\u00e1rio.<\/p>\n<p>&nbsp;<\/p>\n<p><strong>Especifica\u00e7\u00f5es t\u00e9cnicas:<\/strong><\/p>\n<p>N\u00famero de cat\u00e1logo: 65736<br \/>\nMaterial(is): Metal<br \/>\nCor: dourado e cor-de-rosa<br \/>\nTamanho: 58 \u00d7 14 mm<br \/>\nPeso: 7,3 g<\/p>\n<p>&nbsp;<\/p>\n<p><strong>Carater\u00edsticas t\u00e9cnicas:<\/strong><br \/>\nResistente \u00e0 ferrugem<br \/>\nResistente \u00e0 \u00e1gua do mar e \u00e0 transpira\u00e7\u00e3o<br \/>\nN\u00e3o descolora<br \/>\nSem arestas vivas (n\u00e3o irritante)<br \/>\nElevada durabilidade (mesmo quando cosido ou exposto ao sol)<\/p>\n<p>Vendido em embalagens de 100 \/ Entrega em 15-20 dias<\/p>","protected":false},"excerpt":{"rendered":"<p>Este conetor de metal dourado de dois la\u00e7os com pedra natural rosa central \u00e9 um elemento decorativo e funcional para a montagem de t\u00eaxteis. Confere um acabamento elegante e delicado aos fatos de banho e ao vestu\u00e1rio.<\/p>\n<p>&nbsp;<\/p>\n<p><strong>Especifica\u00e7\u00f5es t\u00e9cnicas:<\/strong><\/p>\n<p>N\u00famero de cat\u00e1logo: 65736<br \/>\nMaterial(is): Metal<br \/>\nCor: dourado e cor-de-rosa<br \/>\nTamanho: 58 \u00d7 14 mm<br \/>\nPeso: 7,3 g<\/p>\n<p>&nbsp;<\/p>\n<p><strong>Carater\u00edsticas t\u00e9cnicas:<\/strong><br \/>\nResistente \u00e0 ferrugem<br \/>\nResistente \u00e0 \u00e1gua do mar e \u00e0 transpira\u00e7\u00e3o<br \/>\nN\u00e3o descolora<br \/>\nSem arestas vivas (n\u00e3o irritante)<br \/>\nElevada durabilidade (mesmo quando cosido ou exposto ao sol)<\/p>\n<p>Vendido em embalagens de 100 \/ Entrega em 15-20 dias<\/p>","protected":false},"featured_media":61729,"comment_status":"closed","ping_status":"closed","template":"","meta":[],"product_brand":[],"product_cat":[149,140],"product_tag":[385,383],"class_list":{"0":"post-65736","1":"product","2":"type-product","3":"status-publish","4":"has-post-thumbnail","6":"product_cat-connecteurs","7":"product_cat-accessoires","8":"product_tag-double-boucle","9":"product_tag-pierre-naturelle","10":"product_shipping_class-1-a-2kg","12":"first","13":"instock","14":"taxable","15":"shipping-taxable","16":"purchasable","17":"product-type-simple"},"_links":{"self":[{"href":"https:\/\/staging.dyrsan.fr\/pt\/wp-json\/wp\/v2\/product\/65736","targetHints":{"allow":["GET"]}}],"collection":[{"href":"https:\/\/staging.dyrsan.fr\/pt\/wp-json\/wp\/v2\/product"}],"about":[{"href":"https:\/\/staging.dyrsan.fr\/pt\/wp-json\/wp\/v2\/types\/product"}],"replies":[{"embeddable":true,"href":"https:\/\/staging.dyrsan.fr\/pt\/wp-json\/wp\/v2\/comments?post=65736"}],"version-history":[{"count":9,"href":"https:\/\/staging.dyrsan.fr\/pt\/wp-json\/wp\/v2\/product\/65736\/revisions"}],"predecessor-version":[{"id":76344,"href":"https:\/\/staging.dyrsan.fr\/pt\/wp-json\/wp\/v2\/product\/65736\/revisions\/76344"}],"wp:featuredmedia":[{"embeddable":true,"href":"https:\/\/staging.dyrsan.fr\/pt\/wp-json\/wp\/v2\/media\/61729"}],"wp:attachment":[{"href":"https:\/\/staging.dyrsan.fr\/pt\/wp-json\/wp\/v2\/media?parent=65736"}],"wp:term":[{"taxonomy":"product_brand","embeddable":true,"href":"https:\/\/staging.dyrsan.fr\/pt\/wp-json\/wp\/v2\/product_brand?post=65736"},{"taxonomy":"product_cat","embeddable":true,"href":"https:\/\/staging.dyrsan.fr\/pt\/wp-json\/wp\/v2\/product_cat?post=65736"},{"taxonomy":"product_tag","embeddable":true,"href":"https:\/\/staging.dyrsan.fr\/pt\/wp-json\/wp\/v2\/product_tag?post=65736"}],"curies":[{"name":"wp","href":"https:\/\/api.w.org\/{rel}","templated":true}]}}