{"id":65733,"date":"2025-08-29T20:32:39","date_gmt":"2025-08-29T20:32:39","guid":{"rendered":"https:\/\/www.2027.staging.dyrsan.fr\/?post_type=product&#038;p=65733"},"modified":"2026-04-14T10:21:31","modified_gmt":"2026-04-14T10:21:31","slug":"chaine-connecteur-pour-bikini-en-metal-dore","status":"publish","type":"product","link":"https:\/\/staging.dyrsan.fr\/pt\/shop\/chaine-connecteur-pour-bikini-en-metal-dore\/","title":{"rendered":"Corrente de liga\u00e7\u00e3o para biqu\u00edni em metal dourado"},"content":{"rendered":"<p>Esta corrente de liga\u00e7\u00e3o para biqu\u00ednis em metal dourado \u00e9 um elemento funcional concebido para montar cria\u00e7\u00f5es de fatos de banho. Apresenta um acabamento brilhante e duradouro que resiste aos rigores da \u00e1gua e do sol.<\/p>\n<p>&nbsp;<\/p>\n<p><strong>Especifica\u00e7\u00f5es t\u00e9cnicas:<\/strong><\/p>\n<p>Refer\u00eancia : DY4337<br \/>\nMaterial(is): Metal<br \/>\nCor: dourado<br \/>\nDimens\u00f5es: 38 \u00d7 37 \u00d7 24 mm<br \/>\nPeso: 22,4 g<\/p>\n<p>&nbsp;<\/p>\n<p><strong>Carater\u00edsticas t\u00e9cnicas:<\/strong><br \/>\nResistente \u00e0 ferrugem<br \/>\nResistente \u00e0 \u00e1gua do mar e \u00e0 transpira\u00e7\u00e3o<br \/>\nN\u00e3o descolora<br \/>\nSem arestas vivas (n\u00e3o irritante)<br \/>\nElevada durabilidade (mesmo quando cosido ou exposto ao sol)<\/p>\n<p>Vendido em embalagens de 100 \/ Entrega em 15-20 dias<\/p>","protected":false},"excerpt":{"rendered":"<p>Esta corrente de liga\u00e7\u00e3o para biqu\u00ednis em metal dourado \u00e9 um elemento funcional concebido para montar cria\u00e7\u00f5es de fatos de banho. Apresenta um acabamento brilhante e duradouro que resiste aos rigores da \u00e1gua e do sol.<\/p>\n<p>&nbsp;<\/p>\n<p><strong>Especifica\u00e7\u00f5es t\u00e9cnicas:<\/strong><\/p>\n<p>Refer\u00eancia : DY4337<br \/>\nMaterial(is): Metal<br \/>\nCor: dourado<br \/>\nDimens\u00f5es: 38 \u00d7 37 \u00d7 24 mm<br \/>\nPeso: 22,4 g<\/p>\n<p>&nbsp;<\/p>\n<p><strong>Carater\u00edsticas t\u00e9cnicas:<\/strong><br \/>\nResistente \u00e0 ferrugem<br \/>\nResistente \u00e0 \u00e1gua do mar e \u00e0 transpira\u00e7\u00e3o<br \/>\nN\u00e3o descolora<br \/>\nSem arestas vivas (n\u00e3o irritante)<br \/>\nElevada durabilidade (mesmo quando cosido ou exposto ao sol)<\/p>\n<p>Vendido em embalagens de 100 \/ Entrega em 15-20 dias<\/p>","protected":false},"featured_media":61709,"comment_status":"closed","ping_status":"closed","template":"","meta":[],"product_brand":[],"product_cat":[434,140,149],"product_tag":[381,382],"class_list":{"0":"post-65733","1":"product","2":"type-product","3":"status-publish","4":"has-post-thumbnail","6":"product_cat-chaines","7":"product_cat-accessoires","8":"product_cat-connecteurs","9":"product_tag-chaine","10":"product_tag-chaine-connecteur","12":"first","13":"instock","14":"taxable","15":"shipping-taxable","16":"purchasable","17":"product-type-simple"},"_links":{"self":[{"href":"https:\/\/staging.dyrsan.fr\/pt\/wp-json\/wp\/v2\/product\/65733","targetHints":{"allow":["GET"]}}],"collection":[{"href":"https:\/\/staging.dyrsan.fr\/pt\/wp-json\/wp\/v2\/product"}],"about":[{"href":"https:\/\/staging.dyrsan.fr\/pt\/wp-json\/wp\/v2\/types\/product"}],"replies":[{"embeddable":true,"href":"https:\/\/staging.dyrsan.fr\/pt\/wp-json\/wp\/v2\/comments?post=65733"}],"version-history":[{"count":8,"href":"https:\/\/staging.dyrsan.fr\/pt\/wp-json\/wp\/v2\/product\/65733\/revisions"}],"predecessor-version":[{"id":76347,"href":"https:\/\/staging.dyrsan.fr\/pt\/wp-json\/wp\/v2\/product\/65733\/revisions\/76347"}],"wp:featuredmedia":[{"embeddable":true,"href":"https:\/\/staging.dyrsan.fr\/pt\/wp-json\/wp\/v2\/media\/61709"}],"wp:attachment":[{"href":"https:\/\/staging.dyrsan.fr\/pt\/wp-json\/wp\/v2\/media?parent=65733"}],"wp:term":[{"taxonomy":"product_brand","embeddable":true,"href":"https:\/\/staging.dyrsan.fr\/pt\/wp-json\/wp\/v2\/product_brand?post=65733"},{"taxonomy":"product_cat","embeddable":true,"href":"https:\/\/staging.dyrsan.fr\/pt\/wp-json\/wp\/v2\/product_cat?post=65733"},{"taxonomy":"product_tag","embeddable":true,"href":"https:\/\/staging.dyrsan.fr\/pt\/wp-json\/wp\/v2\/product_tag?post=65733"}],"curies":[{"name":"wp","href":"https:\/\/api.w.org\/{rel}","templated":true}]}}