{"id":65732,"date":"2025-08-29T20:32:39","date_gmt":"2025-08-29T20:32:39","guid":{"rendered":"https:\/\/www.2027.staging.dyrsan.fr\/?post_type=product&#038;p=65732"},"modified":"2026-04-14T10:21:29","modified_gmt":"2026-04-14T10:21:29","slug":"chaine-connecteur-textile-en-metal-dore","status":"publish","type":"product","link":"https:\/\/staging.dyrsan.fr\/pt\/shop\/chaine-connecteur-textile-en-metal-dore\/","title":{"rendered":"Corrente com conetor t\u00eaxtil em metal dourado"},"content":{"rendered":"<p>Cette cha\u00eene connecteur textile en m\u00e9tal dor\u00e9 est un \u00e9l\u00e9ment fonctionnel con\u00e7u pour l\u2019assemblage et la finition des cr\u00e9ations textiles. Elle offre une tenue durable et une finition brillante adapt\u00e9e aux usages baln\u00e9aires et techniques.<\/p>\n<p>&nbsp;<\/p>\n<p><strong>Especifica\u00e7\u00f5es t\u00e9cnicas:<\/strong><\/p>\n<p>R\u00e9f\u00e9rence : DY016A<br \/>\nMaterial(is): Metal<br \/>\nCor: dourado<br \/>\nTaille : 31 \u00d7 35 \u00d7 20 mm<br \/>\nPoids : 17,6 g<\/p>\n<p>&nbsp;<\/p>\n<p><strong>Carater\u00edsticas t\u00e9cnicas:<\/strong><br \/>\nResistente \u00e0 ferrugem<br \/>\nResistente \u00e0 \u00e1gua do mar e \u00e0 transpira\u00e7\u00e3o<br \/>\nN\u00e3o descolora<br \/>\nSem arestas vivas (n\u00e3o irritante)<br \/>\nElevada durabilidade (mesmo quando cosido ou exposto ao sol)<\/p>\n<p>Vendido em embalagens de 100 \/ Entrega em 15-20 dias<\/p>","protected":false},"excerpt":{"rendered":"<p>Cette cha\u00eene connecteur textile en m\u00e9tal dor\u00e9 est un \u00e9l\u00e9ment fonctionnel con\u00e7u pour l\u2019assemblage et la finition des cr\u00e9ations textiles. Elle offre une tenue durable et une finition brillante adapt\u00e9e aux usages baln\u00e9aires et techniques.<\/p>\n<p>&nbsp;<\/p>\n<p><strong>Especifica\u00e7\u00f5es t\u00e9cnicas:<\/strong><\/p>\n<p>R\u00e9f\u00e9rence : DY016A<br \/>\nMaterial(is): Metal<br \/>\nCor: dourado<br \/>\nTaille : 31 \u00d7 35 \u00d7 20 mm<br \/>\nPoids : 17,6 g<\/p>\n<p>&nbsp;<\/p>\n<p><strong>Carater\u00edsticas t\u00e9cnicas:<\/strong><br \/>\nResistente \u00e0 ferrugem<br \/>\nResistente \u00e0 \u00e1gua do mar e \u00e0 transpira\u00e7\u00e3o<br \/>\nN\u00e3o descolora<br \/>\nSem arestas vivas (n\u00e3o irritante)<br \/>\nElevada durabilidade (mesmo quando cosido ou exposto ao sol)<\/p>\n<p>Vendido em embalagens de 100 \/ Entrega em 15-20 dias<\/p>","protected":false},"featured_media":61703,"comment_status":"closed","ping_status":"closed","template":"","meta":[],"product_brand":[],"product_cat":[434,140,149],"product_tag":[381,382],"class_list":{"0":"post-65732","1":"product","2":"type-product","3":"status-publish","4":"has-post-thumbnail","6":"product_cat-chaines","7":"product_cat-accessoires","8":"product_cat-connecteurs","9":"product_tag-chaine","10":"product_tag-chaine-connecteur","11":"product_shipping_class-1-a-2kg","13":"first","14":"instock","15":"taxable","16":"shipping-taxable","17":"purchasable","18":"product-type-simple"},"_links":{"self":[{"href":"https:\/\/staging.dyrsan.fr\/pt\/wp-json\/wp\/v2\/product\/65732","targetHints":{"allow":["GET"]}}],"collection":[{"href":"https:\/\/staging.dyrsan.fr\/pt\/wp-json\/wp\/v2\/product"}],"about":[{"href":"https:\/\/staging.dyrsan.fr\/pt\/wp-json\/wp\/v2\/types\/product"}],"replies":[{"embeddable":true,"href":"https:\/\/staging.dyrsan.fr\/pt\/wp-json\/wp\/v2\/comments?post=65732"}],"version-history":[{"count":13,"href":"https:\/\/staging.dyrsan.fr\/pt\/wp-json\/wp\/v2\/product\/65732\/revisions"}],"predecessor-version":[{"id":76348,"href":"https:\/\/staging.dyrsan.fr\/pt\/wp-json\/wp\/v2\/product\/65732\/revisions\/76348"}],"wp:featuredmedia":[{"embeddable":true,"href":"https:\/\/staging.dyrsan.fr\/pt\/wp-json\/wp\/v2\/media\/61703"}],"wp:attachment":[{"href":"https:\/\/staging.dyrsan.fr\/pt\/wp-json\/wp\/v2\/media?parent=65732"}],"wp:term":[{"taxonomy":"product_brand","embeddable":true,"href":"https:\/\/staging.dyrsan.fr\/pt\/wp-json\/wp\/v2\/product_brand?post=65732"},{"taxonomy":"product_cat","embeddable":true,"href":"https:\/\/staging.dyrsan.fr\/pt\/wp-json\/wp\/v2\/product_cat?post=65732"},{"taxonomy":"product_tag","embeddable":true,"href":"https:\/\/staging.dyrsan.fr\/pt\/wp-json\/wp\/v2\/product_tag?post=65732"}],"curies":[{"name":"wp","href":"https:\/\/api.w.org\/{rel}","templated":true}]}}