{"id":65729,"date":"2025-08-29T20:32:39","date_gmt":"2025-08-29T20:32:39","guid":{"rendered":"https:\/\/www.2027.staging.dyrsan.fr\/?post_type=product&#038;p=65729"},"modified":"2026-04-14T10:21:42","modified_gmt":"2026-04-14T10:21:42","slug":"separateur-en-metal-dore-forme-u","status":"publish","type":"product","link":"https:\/\/staging.dyrsan.fr\/pt\/shop\/separateur-en-metal-dore-forme-u\/","title":{"rendered":"Separador de metal dourado em forma de U"},"content":{"rendered":"<p>Este separador em forma de U em metal dourado \u00e9 um elemento funcional e decorativo para a montagem de t\u00eaxteis. Proporciona um acabamento elegante e duradouro para as cria\u00e7\u00f5es expostas \u00e0 \u00e1gua e \u00e0 luz solar.<\/p>\n<p>&nbsp;<\/p>\n<p><strong>Especifica\u00e7\u00f5es t\u00e9cnicas:<\/strong><\/p>\n<p>N\u00famero de cat\u00e1logo : DY8194<br \/>\nMaterial(is): Metal<br \/>\nCor: dourado<br \/>\nTamanho: 62 \u00d7 44 mm<br \/>\nPeso: 28,5 g<\/p>\n<p>&nbsp;<\/p>\n<p><strong>Carater\u00edsticas t\u00e9cnicas:<\/strong><br \/>\nResistente \u00e0 ferrugem<br \/>\nResistente \u00e0 \u00e1gua do mar e \u00e0 transpira\u00e7\u00e3o<br \/>\nN\u00e3o descolora<br \/>\nSem arestas vivas (n\u00e3o irritante)<br \/>\nElevada durabilidade (mesmo quando cosido ou exposto ao sol)<\/p>\n<p>Vendido em embalagens de 100 \/ Entrega em 15-20 dias<\/p>","protected":false},"excerpt":{"rendered":"<p>Este separador em forma de U em metal dourado \u00e9 um elemento funcional e decorativo para a montagem de t\u00eaxteis. Proporciona um acabamento elegante e duradouro para as cria\u00e7\u00f5es expostas \u00e0 \u00e1gua e \u00e0 luz solar.<\/p>\n<p>&nbsp;<\/p>\n<p><strong>Especifica\u00e7\u00f5es t\u00e9cnicas:<\/strong><\/p>\n<p>N\u00famero de cat\u00e1logo : DY8194<br \/>\nMaterial(is): Metal<br \/>\nCor: dourado<br \/>\nTamanho: 62 \u00d7 44 mm<br \/>\nPeso: 28,5 g<\/p>\n<p>&nbsp;<\/p>\n<p><strong>Carater\u00edsticas t\u00e9cnicas:<\/strong><br \/>\nResistente \u00e0 ferrugem<br \/>\nResistente \u00e0 \u00e1gua do mar e \u00e0 transpira\u00e7\u00e3o<br \/>\nN\u00e3o descolora<br \/>\nSem arestas vivas (n\u00e3o irritante)<br \/>\nElevada durabilidade (mesmo quando cosido ou exposto ao sol)<\/p>\n<p>Vendido em embalagens de 100 \/ Entrega em 15-20 dias<\/p>","protected":false},"featured_media":61671,"comment_status":"closed","ping_status":"closed","template":"","meta":[],"product_brand":[],"product_cat":[156,140],"product_tag":[157,170,373],"class_list":{"0":"post-65729","1":"product","2":"type-product","3":"status-publish","4":"has-post-thumbnail","6":"product_cat-separateurs","7":"product_cat-accessoires","8":"product_tag-boucle-connecteur","9":"product_tag-boucle-maillot-de-bain","10":"product_tag-separateur","11":"product_shipping_class-1-a-2kg","13":"first","14":"instock","15":"taxable","16":"shipping-taxable","17":"purchasable","18":"product-type-simple"},"_links":{"self":[{"href":"https:\/\/staging.dyrsan.fr\/pt\/wp-json\/wp\/v2\/product\/65729","targetHints":{"allow":["GET"]}}],"collection":[{"href":"https:\/\/staging.dyrsan.fr\/pt\/wp-json\/wp\/v2\/product"}],"about":[{"href":"https:\/\/staging.dyrsan.fr\/pt\/wp-json\/wp\/v2\/types\/product"}],"replies":[{"embeddable":true,"href":"https:\/\/staging.dyrsan.fr\/pt\/wp-json\/wp\/v2\/comments?post=65729"}],"version-history":[{"count":6,"href":"https:\/\/staging.dyrsan.fr\/pt\/wp-json\/wp\/v2\/product\/65729\/revisions"}],"predecessor-version":[{"id":76351,"href":"https:\/\/staging.dyrsan.fr\/pt\/wp-json\/wp\/v2\/product\/65729\/revisions\/76351"}],"wp:featuredmedia":[{"embeddable":true,"href":"https:\/\/staging.dyrsan.fr\/pt\/wp-json\/wp\/v2\/media\/61671"}],"wp:attachment":[{"href":"https:\/\/staging.dyrsan.fr\/pt\/wp-json\/wp\/v2\/media?parent=65729"}],"wp:term":[{"taxonomy":"product_brand","embeddable":true,"href":"https:\/\/staging.dyrsan.fr\/pt\/wp-json\/wp\/v2\/product_brand?post=65729"},{"taxonomy":"product_cat","embeddable":true,"href":"https:\/\/staging.dyrsan.fr\/pt\/wp-json\/wp\/v2\/product_cat?post=65729"},{"taxonomy":"product_tag","embeddable":true,"href":"https:\/\/staging.dyrsan.fr\/pt\/wp-json\/wp\/v2\/product_tag?post=65729"}],"curies":[{"name":"wp","href":"https:\/\/api.w.org\/{rel}","templated":true}]}}