{"id":65709,"date":"2025-08-29T20:32:34","date_gmt":"2025-08-29T20:32:34","guid":{"rendered":"https:\/\/www.2027.staging.dyrsan.fr\/?post_type=product&#038;p=65709"},"modified":"2026-04-14T10:22:01","modified_gmt":"2026-04-14T10:22:01","slug":"passant-en-metal-dore-en-forme-de-flamme","status":"publish","type":"product","link":"https:\/\/staging.dyrsan.fr\/pt\/shop\/passant-en-metal-dore-en-forme-de-flamme\/","title":{"rendered":"Argola em metal dourado em forma de chama"},"content":{"rendered":"<p>Este la\u00e7o de metal dourado em forma de chama \u00e9 um elemento decorativo e funcional para as cria\u00e7\u00f5es t\u00eaxteis. O seu acabamento brilhante e o seu design escultural d\u00e3o um toque elegante e distinto \u00e0 roupa de praia e aos conjuntos topo de gama.<\/p>\n<p><strong>Especifica\u00e7\u00f5es t\u00e9cnicas:<\/strong><\/p>\n<p>N\u00famero de cat\u00e1logo: DY8212<br \/>\nMaterial(is): Metal<br \/>\nCor: dourado<br \/>\nDimens\u00f5es: 59 \u00d7 39 \u00d7 40 mm<br \/>\nPeso: 17,7 g<\/p>\n<p>Vendido em embalagens de 100 unidades<\/p>","protected":false},"excerpt":{"rendered":"<p>Este la\u00e7o de metal dourado em forma de chama \u00e9 um elemento decorativo e funcional para as cria\u00e7\u00f5es t\u00eaxteis. O seu acabamento brilhante e o seu design escultural d\u00e3o um toque elegante e distinto \u00e0 roupa de praia e aos conjuntos topo de gama.<\/p>\n<p>&nbsp;<\/p>\n<p><strong>Especifica\u00e7\u00f5es t\u00e9cnicas:<\/strong><\/p>\n<p>N\u00famero de cat\u00e1logo: DY8212<br \/>\nMaterial(is): Metal<br \/>\nCor: dourado<br \/>\nDimens\u00f5es: 59 \u00d7 39 \u00d7 40 mm<br \/>\nPeso: 17,7 g<\/p>\n<p>Vendido em embalagens de 100 unidades<\/p>","protected":false},"featured_media":61652,"comment_status":"closed","ping_status":"closed","template":"","meta":[],"product_brand":[],"product_cat":[212,140],"product_tag":[374],"class_list":{"0":"post-65709","1":"product","2":"type-product","3":"status-publish","4":"has-post-thumbnail","6":"product_cat-passants","7":"product_cat-accessoires","8":"product_tag-passant","9":"product_shipping_class-1-a-2kg","11":"first","12":"instock","13":"taxable","14":"shipping-taxable","15":"purchasable","16":"product-type-simple"},"_links":{"self":[{"href":"https:\/\/staging.dyrsan.fr\/pt\/wp-json\/wp\/v2\/product\/65709","targetHints":{"allow":["GET"]}}],"collection":[{"href":"https:\/\/staging.dyrsan.fr\/pt\/wp-json\/wp\/v2\/product"}],"about":[{"href":"https:\/\/staging.dyrsan.fr\/pt\/wp-json\/wp\/v2\/types\/product"}],"replies":[{"embeddable":true,"href":"https:\/\/staging.dyrsan.fr\/pt\/wp-json\/wp\/v2\/comments?post=65709"}],"version-history":[{"count":4,"href":"https:\/\/staging.dyrsan.fr\/pt\/wp-json\/wp\/v2\/product\/65709\/revisions"}],"predecessor-version":[{"id":73006,"href":"https:\/\/staging.dyrsan.fr\/pt\/wp-json\/wp\/v2\/product\/65709\/revisions\/73006"}],"wp:featuredmedia":[{"embeddable":true,"href":"https:\/\/staging.dyrsan.fr\/pt\/wp-json\/wp\/v2\/media\/61652"}],"wp:attachment":[{"href":"https:\/\/staging.dyrsan.fr\/pt\/wp-json\/wp\/v2\/media?parent=65709"}],"wp:term":[{"taxonomy":"product_brand","embeddable":true,"href":"https:\/\/staging.dyrsan.fr\/pt\/wp-json\/wp\/v2\/product_brand?post=65709"},{"taxonomy":"product_cat","embeddable":true,"href":"https:\/\/staging.dyrsan.fr\/pt\/wp-json\/wp\/v2\/product_cat?post=65709"},{"taxonomy":"product_tag","embeddable":true,"href":"https:\/\/staging.dyrsan.fr\/pt\/wp-json\/wp\/v2\/product_tag?post=65709"}],"curies":[{"name":"wp","href":"https:\/\/api.w.org\/{rel}","templated":true}]}}