{"id":65696,"date":"2025-08-29T20:32:33","date_gmt":"2025-08-29T20:32:33","guid":{"rendered":"https:\/\/www.2027.staging.dyrsan.fr\/?post_type=product&#038;p=65696"},"modified":"2026-04-14T10:21:02","modified_gmt":"2026-04-14T10:21:02","slug":"grand-anneau-connecteur-tresse-en-metal-dore","status":"publish","type":"product","link":"https:\/\/staging.dyrsan.fr\/pt\/shop\/grand-anneau-connecteur-tresse-en-metal-dore\/","title":{"rendered":"Grande anel de liga\u00e7\u00e3o entran\u00e7ado em metal dourado"},"content":{"rendered":"<p>Este grande anel de liga\u00e7\u00e3o entran\u00e7ado em metal dourado \u00e9 um elemento de montagem decorativo e funcional para as cria\u00e7\u00f5es t\u00eaxteis. A sua estrutura entran\u00e7ada e o seu acabamento brilhante proporcionam um acabamento elegante e duradouro para a roupa de praia e as aplica\u00e7\u00f5es t\u00e9cnicas.<\/p>\n<p>&nbsp;<\/p>\n<p><strong>Especifica\u00e7\u00f5es t\u00e9cnicas:<\/strong><\/p>\n<p>Refer\u00eancia : DY002G<br \/>\nMaterial(is): Metal<br \/>\nCor: dourado<br \/>\nTamanho: 64 \u00d7 50 mm<br \/>\nPeso: 14,5 g<\/p>\n<p>&nbsp;<\/p>\n<p><strong>Carater\u00edsticas t\u00e9cnicas:<\/strong><br \/>\nResistente \u00e0 ferrugem<br \/>\nResistente \u00e0 \u00e1gua do mar e \u00e0 transpira\u00e7\u00e3o<br \/>\nN\u00e3o descolora<br \/>\nSem arestas vivas (n\u00e3o irritante)<br \/>\nElevada durabilidade (mesmo quando cosido ou exposto ao sol)<\/p>\n<p>Vendido em embalagens de 100 \/ Entrega em 15-20 dias<\/p>","protected":false},"excerpt":{"rendered":"<p>Este grande anel de liga\u00e7\u00e3o entran\u00e7ado em metal dourado \u00e9 um elemento de montagem decorativo e funcional para as cria\u00e7\u00f5es t\u00eaxteis. A sua estrutura entran\u00e7ada e o seu acabamento brilhante proporcionam um acabamento elegante e duradouro para a roupa de praia e as aplica\u00e7\u00f5es t\u00e9cnicas.<\/p>\n<p>&nbsp;<\/p>\n<p><strong>Especifica\u00e7\u00f5es t\u00e9cnicas:<\/strong><\/p>\n<p>Refer\u00eancia : DY002G<br \/>\nMaterial(is): Metal<br \/>\nCor: dourado<br \/>\nTamanho: 64 \u00d7 50 mm<br \/>\nPeso: 14,5 g<\/p>\n<p>&nbsp;<\/p>\n<p><strong>Carater\u00edsticas t\u00e9cnicas:<\/strong><br \/>\nResistente \u00e0 ferrugem<br \/>\nResistente \u00e0 \u00e1gua do mar e \u00e0 transpira\u00e7\u00e3o<br \/>\nN\u00e3o descolora<br \/>\nSem arestas vivas (n\u00e3o irritante)<br \/>\nElevada durabilidade (mesmo quando cosido ou exposto ao sol)<\/p>\n<p>Vendido em embalagens de 100 \/ Entrega em 15-20 dias<\/p>","protected":false},"featured_media":61588,"comment_status":"closed","ping_status":"closed","template":"","meta":[],"product_brand":[370],"product_cat":[140,148,149],"product_tag":[453,384,157,170],"class_list":{"0":"post-65696","1":"product","2":"type-product","3":"status-publish","4":"has-post-thumbnail","6":"product_brand-dyrsan","7":"product_cat-accessoires","8":"product_cat-boucles","9":"product_cat-connecteurs","10":"product_tag-anneau","11":"product_tag-boucle","12":"product_tag-boucle-connecteur","13":"product_tag-boucle-maillot-de-bain","14":"product_shipping_class-1-a-2kg","16":"first","17":"instock","18":"taxable","19":"shipping-taxable","20":"purchasable","21":"product-type-simple"},"_links":{"self":[{"href":"https:\/\/staging.dyrsan.fr\/pt\/wp-json\/wp\/v2\/product\/65696","targetHints":{"allow":["GET"]}}],"collection":[{"href":"https:\/\/staging.dyrsan.fr\/pt\/wp-json\/wp\/v2\/product"}],"about":[{"href":"https:\/\/staging.dyrsan.fr\/pt\/wp-json\/wp\/v2\/types\/product"}],"replies":[{"embeddable":true,"href":"https:\/\/staging.dyrsan.fr\/pt\/wp-json\/wp\/v2\/comments?post=65696"}],"version-history":[{"count":7,"href":"https:\/\/staging.dyrsan.fr\/pt\/wp-json\/wp\/v2\/product\/65696\/revisions"}],"predecessor-version":[{"id":76365,"href":"https:\/\/staging.dyrsan.fr\/pt\/wp-json\/wp\/v2\/product\/65696\/revisions\/76365"}],"wp:featuredmedia":[{"embeddable":true,"href":"https:\/\/staging.dyrsan.fr\/pt\/wp-json\/wp\/v2\/media\/61588"}],"wp:attachment":[{"href":"https:\/\/staging.dyrsan.fr\/pt\/wp-json\/wp\/v2\/media?parent=65696"}],"wp:term":[{"taxonomy":"product_brand","embeddable":true,"href":"https:\/\/staging.dyrsan.fr\/pt\/wp-json\/wp\/v2\/product_brand?post=65696"},{"taxonomy":"product_cat","embeddable":true,"href":"https:\/\/staging.dyrsan.fr\/pt\/wp-json\/wp\/v2\/product_cat?post=65696"},{"taxonomy":"product_tag","embeddable":true,"href":"https:\/\/staging.dyrsan.fr\/pt\/wp-json\/wp\/v2\/product_tag?post=65696"}],"curies":[{"name":"wp","href":"https:\/\/api.w.org\/{rel}","templated":true}]}}