{"id":65658,"date":"2025-08-29T20:32:26","date_gmt":"2025-08-29T20:32:26","guid":{"rendered":"https:\/\/www.2027.staging.dyrsan.fr\/?post_type=product&#038;p=65658"},"modified":"2026-04-14T09:45:09","modified_gmt":"2026-04-14T09:45:09","slug":"tissu-en-maille-jacquard-texturee-a-motif-zebre-noir","status":"publish","type":"product","link":"https:\/\/staging.dyrsan.fr\/pt\/shop\/tissu-en-maille-jacquard-texturee-a-motif-zebre-noir\/","title":{"rendered":"Malha jacquard texturada com padr\u00e3o de zebra preto"},"content":{"rendered":"<p>Tissu en maille jacquard textur\u00e9e \u00e0 motif z\u00e8bre noir, extensible et technique. Ce tissu jacquard \u00e0 relief discret est id\u00e9al pour les cr\u00e9ations mode, sport et lingerie, avec un rendu graphique \u00e9l\u00e9gant et une excellente tenue.<\/p>\n<p>&nbsp;<\/p>\n<p><strong>Especifica\u00e7\u00f5es t\u00e9cnicas:<\/strong><br \/>\nR\u00e9f\u00e9rence : 65658<br \/>\nComposition : 92 % polyamide, 8 % \u00e9lasthanne<br \/>\nPoids : 205 g\/m\u00b2<br \/>\nLargura: 125 cm<br \/>\nAspect : maille jacquard textur\u00e9e \u00e0 motif z\u00e8bre<br \/>\nPropri\u00e9t\u00e9s : extensible, souple, respirant, bonne tenue<br \/>\nUtilisation : pr\u00eat-\u00e0-porter, lingerie, activewear, v\u00eatements techniques, pi\u00e8ces mode textur\u00e9es<br \/>\nPrix indicatif : 9,75 \u20ac HT \/ 50 cm (NO MOQ)<br \/>\nConditionnement : vendu par unit\u00e9 de 50 cm (2 unit\u00e9s = 1 m\u00e8tre)<\/p>\n<p><b><img class=\"alignnone wp-image-67583\" src=\"https:\/\/staging.dyrsan.fr\/wp-content\/uploads\/2025\/08\/instru-1.jpeg\" alt=\"\" width=\"153\" height=\"42\" loading=\"lazy\" decoding=\"async\" title=\"\" srcset=\"https:\/\/staging.dyrsan.fr\/wp-content\/uploads\/2025\/08\/instru-1.jpeg 698w, https:\/\/staging.dyrsan.fr\/wp-content\/uploads\/2025\/08\/instru-1-18x5.jpeg 18w\" sizes=\"auto, (max-width: 153px) 100vw, 153px\" \/><\/b><\/p>","protected":false},"excerpt":{"rendered":"<p>Tissu en maille jacquard textur\u00e9e \u00e0 motif z\u00e8bre noir, extensible et technique. Ce tissu jacquard \u00e0 relief discret est id\u00e9al pour les cr\u00e9ations mode, sport et lingerie, avec un rendu graphique \u00e9l\u00e9gant et une excellente tenue.<\/p>\n<p>&nbsp;<\/p>\n<p><strong>Especifica\u00e7\u00f5es t\u00e9cnicas:<\/strong><br \/>\nR\u00e9f\u00e9rence : 65658<br \/>\nComposition : 92 % polyamide, 8 % \u00e9lasthanne<br \/>\nPoids : 205 g\/m\u00b2<br \/>\nLargura: 125 cm<br \/>\nAspect : maille jacquard textur\u00e9e \u00e0 motif z\u00e8bre<br \/>\nPropri\u00e9t\u00e9s : extensible, souple, respirant, bonne tenue<br \/>\nUtilisation : pr\u00eat-\u00e0-porter, lingerie, activewear, v\u00eatements techniques, pi\u00e8ces mode textur\u00e9es<br \/>\nPrix indicatif : 9,75 \u20ac HT \/ 50 cm (NO MOQ)<br \/>\nConditionnement : vendu par unit\u00e9 de 50 cm (2 unit\u00e9s = 1 m\u00e8tre)<\/p>\n<p><b><img loading=\"lazy\" decoding=\"async\" class=\"alignnone wp-image-67583\" src=\"https:\/\/staging.dyrsan.fr\/wp-content\/uploads\/2025\/08\/instru-1.jpeg\" alt=\"\" width=\"153\" height=\"42\" srcset=\"https:\/\/staging.dyrsan.fr\/wp-content\/uploads\/2025\/08\/instru-1.jpeg 698w, https:\/\/staging.dyrsan.fr\/wp-content\/uploads\/2025\/08\/instru-1-18x5.jpeg 18w\" sizes=\"auto, (max-width: 153px) 100vw, 153px\" \/><\/b><\/p>","protected":false},"featured_media":61550,"comment_status":"closed","ping_status":"closed","template":"","meta":[],"product_brand":[370],"product_cat":[458,150,210,180],"product_tag":[181,222,191,189],"class_list":{"0":"post-65658","1":"product","2":"type-product","3":"status-publish","4":"has-post-thumbnail","6":"product_brand-dyrsan","7":"product_cat-dernieres-pieces","8":"product_cat-tissus","9":"product_cat-tissus-imprimes-motifs-animaux","10":"product_cat-tissus-mailles-jacquard","11":"product_tag-maille-jacquard","12":"product_tag-motifs-animaux","13":"product_tag-tissu-a-motifs","14":"product_tag-tissu-texture","15":"product_shipping_class-stock-atelier","17":"first","18":"instock","19":"featured","20":"taxable","21":"shipping-taxable","22":"purchasable","23":"product-type-simple"},"_links":{"self":[{"href":"https:\/\/staging.dyrsan.fr\/pt\/wp-json\/wp\/v2\/product\/65658","targetHints":{"allow":["GET"]}}],"collection":[{"href":"https:\/\/staging.dyrsan.fr\/pt\/wp-json\/wp\/v2\/product"}],"about":[{"href":"https:\/\/staging.dyrsan.fr\/pt\/wp-json\/wp\/v2\/types\/product"}],"replies":[{"embeddable":true,"href":"https:\/\/staging.dyrsan.fr\/pt\/wp-json\/wp\/v2\/comments?post=65658"}],"version-history":[{"count":8,"href":"https:\/\/staging.dyrsan.fr\/pt\/wp-json\/wp\/v2\/product\/65658\/revisions"}],"predecessor-version":[{"id":73339,"href":"https:\/\/staging.dyrsan.fr\/pt\/wp-json\/wp\/v2\/product\/65658\/revisions\/73339"}],"wp:featuredmedia":[{"embeddable":true,"href":"https:\/\/staging.dyrsan.fr\/pt\/wp-json\/wp\/v2\/media\/61550"}],"wp:attachment":[{"href":"https:\/\/staging.dyrsan.fr\/pt\/wp-json\/wp\/v2\/media?parent=65658"}],"wp:term":[{"taxonomy":"product_brand","embeddable":true,"href":"https:\/\/staging.dyrsan.fr\/pt\/wp-json\/wp\/v2\/product_brand?post=65658"},{"taxonomy":"product_cat","embeddable":true,"href":"https:\/\/staging.dyrsan.fr\/pt\/wp-json\/wp\/v2\/product_cat?post=65658"},{"taxonomy":"product_tag","embeddable":true,"href":"https:\/\/staging.dyrsan.fr\/pt\/wp-json\/wp\/v2\/product_tag?post=65658"}],"curies":[{"name":"wp","href":"https:\/\/api.w.org\/{rel}","templated":true}]}}