{"id":65644,"date":"2025-10-26T10:13:02","date_gmt":"2025-10-26T10:13:02","guid":{"rendered":"https:\/\/www.2027.staging.dyrsan.fr\/?post_type=product&#038;p=65644"},"modified":"2026-02-19T16:04:27","modified_gmt":"2026-02-19T16:04:27","slug":"tissu-en-texture-recycle","status":"publish","type":"product","link":"https:\/\/staging.dyrsan.fr\/pt\/shop\/tissu-en-texture-recycle\/","title":{"rendered":"Tecido texturizado reciclado"},"content":{"rendered":"<p>Tissu en textur\u00e9 recycl\u00e9, souple et r\u00e9sistant. Ce tissu textur\u00e9 recycl\u00e9 est fabriqu\u00e9 en polyamide recycl\u00e9 et \u00e9lasthanne, origine Italie.<\/p>\n<p>&nbsp;<\/p>\n<p><strong>Especifica\u00e7\u00f5es t\u00e9cnicas:<\/strong><br \/>\nR\u00e9f\u00e9rence : 65644<br \/>\nComposition : 87 % polyamide recycl\u00e9, 13 % \u00e9lasthanne<br \/>\nPoids : 215 g\/m\u00b2<br \/>\nLargura: 155 cm<br \/>\nAspeto: texturado<br \/>\nPropriedades: el\u00e1stico<br \/>\nPrix indicatif : prix sur demande<br \/>\nOrigem : It\u00e1lia<\/p>","protected":false},"excerpt":{"rendered":"<p>Tissu en textur\u00e9 recycl\u00e9, souple et r\u00e9sistant. Ce tissu textur\u00e9 recycl\u00e9 est fabriqu\u00e9 en polyamide recycl\u00e9 et \u00e9lasthanne, origine Italie.<\/p>\n<p>&nbsp;<\/p>\n<p><strong>Especifica\u00e7\u00f5es t\u00e9cnicas:<\/strong><br \/>\nR\u00e9f\u00e9rence : 65644<br \/>\nComposition : 87 % polyamide recycl\u00e9, 13 % \u00e9lasthanne<br \/>\nPoids : 215 g\/m\u00b2<br \/>\nLargura: 155 cm<br \/>\nAspeto: texturado<br \/>\nPropriedades: el\u00e1stico<br \/>\nPrix indicatif : prix sur demande<br \/>\nOrigem : It\u00e1lia<\/p>\n<p style=\"font-family: wash;font-size: 30px\"><b><img loading=\"lazy\" decoding=\"async\" class=\"alignnone wp-image-67583\" src=\"https:\/\/staging.dyrsan.fr\/wp-content\/uploads\/2025\/08\/instru-1.jpeg\" alt=\"\" width=\"143\" height=\"39\" srcset=\"https:\/\/staging.dyrsan.fr\/wp-content\/uploads\/2025\/08\/instru-1.jpeg 698w, https:\/\/staging.dyrsan.fr\/wp-content\/uploads\/2025\/08\/instru-1-18x5.jpeg 18w\" sizes=\"auto, (max-width: 143px) 100vw, 143px\" \/><\/b><\/p>","protected":false},"featured_media":61490,"comment_status":"closed","ping_status":"closed","template":"","meta":[],"product_brand":[370],"product_cat":[150,184,180,197,213],"product_tag":[189],"class_list":{"0":"post-65644","1":"product","2":"type-product","3":"status-publish","4":"has-post-thumbnail","6":"product_brand-dyrsan","7":"product_cat-tissus","8":"product_cat-tissus-eco-responsables","9":"product_cat-tissus-mailles-jacquard","10":"product_cat-tissus-recycles","11":"product_cat-tissus-textures","12":"product_tag-tissu-texture","13":"product_shipping_class-3-a-5kg","14":"prix-sur-demande-enabled","16":"first","17":"instock","18":"taxable","19":"shipping-taxable","20":"product-type-simple"},"_links":{"self":[{"href":"https:\/\/staging.dyrsan.fr\/pt\/wp-json\/wp\/v2\/product\/65644","targetHints":{"allow":["GET"]}}],"collection":[{"href":"https:\/\/staging.dyrsan.fr\/pt\/wp-json\/wp\/v2\/product"}],"about":[{"href":"https:\/\/staging.dyrsan.fr\/pt\/wp-json\/wp\/v2\/types\/product"}],"replies":[{"embeddable":true,"href":"https:\/\/staging.dyrsan.fr\/pt\/wp-json\/wp\/v2\/comments?post=65644"}],"version-history":[{"count":6,"href":"https:\/\/staging.dyrsan.fr\/pt\/wp-json\/wp\/v2\/product\/65644\/revisions"}],"predecessor-version":[{"id":73288,"href":"https:\/\/staging.dyrsan.fr\/pt\/wp-json\/wp\/v2\/product\/65644\/revisions\/73288"}],"wp:featuredmedia":[{"embeddable":true,"href":"https:\/\/staging.dyrsan.fr\/pt\/wp-json\/wp\/v2\/media\/61490"}],"wp:attachment":[{"href":"https:\/\/staging.dyrsan.fr\/pt\/wp-json\/wp\/v2\/media?parent=65644"}],"wp:term":[{"taxonomy":"product_brand","embeddable":true,"href":"https:\/\/staging.dyrsan.fr\/pt\/wp-json\/wp\/v2\/product_brand?post=65644"},{"taxonomy":"product_cat","embeddable":true,"href":"https:\/\/staging.dyrsan.fr\/pt\/wp-json\/wp\/v2\/product_cat?post=65644"},{"taxonomy":"product_tag","embeddable":true,"href":"https:\/\/staging.dyrsan.fr\/pt\/wp-json\/wp\/v2\/product_tag?post=65644"}],"curies":[{"name":"wp","href":"https:\/\/api.w.org\/{rel}","templated":true}]}}