{"id":65622,"date":"2025-10-26T10:10:07","date_gmt":"2025-10-26T10:10:07","guid":{"rendered":"https:\/\/www.2027.staging.dyrsan.fr\/?post_type=product&#038;p=65622"},"modified":"2026-01-29T14:29:25","modified_gmt":"2026-01-29T14:29:25","slug":"tendencias-da-moda-2025","status":"publish","type":"product","link":"https:\/\/staging.dyrsan.fr\/pt\/shop\/tendencias-da-moda-2025\/","title":{"rendered":"Tecido de microfibra italiano em jersey"},"content":{"rendered":"<p>Tissu jersey microfibre italien, souple et l\u00e9ger. Ce tissu jersey microfibre est fabriqu\u00e9 en Italie et convient aux cr\u00e9ations n\u00e9cessitant \u00e9lasticit\u00e9 et finesse.<\/p>\n<p>&nbsp;<\/p>\n<p><strong>Especifica\u00e7\u00f5es t\u00e9cnicas:<\/strong><br \/>\nR\u00e9f\u00e9rence : 65622<br \/>\nComposition : 84 % polyamide, 16 % \u00e9lasthanne<br \/>\nPoids : 135 g\/m\u00b2<br \/>\nLargura: 155 cm<br \/>\nOrigem : It\u00e1lia<br \/>\nPrix indicatif : prix sur demande<\/p>","protected":false},"excerpt":{"rendered":"<p>Tissu jersey microfibre italien, souple et l\u00e9ger. Ce tissu jersey microfibre est fabriqu\u00e9 en Italie et convient aux cr\u00e9ations n\u00e9cessitant \u00e9lasticit\u00e9 et finesse.<\/p>\n<p>&nbsp;<\/p>\n<p><strong>Especifica\u00e7\u00f5es t\u00e9cnicas:<\/strong><br \/>\nR\u00e9f\u00e9rence : 65622<br \/>\nComposition : 84 % polyamide, 16 % \u00e9lasthanne<br \/>\nPoids : 135 g\/m\u00b2<br \/>\nLargura: 155 cm<br \/>\nOrigem : It\u00e1lia<br \/>\nPrix indicatif : prix sur demande<\/p>\n<p style=\"font-family: wash;font-size: 30px\"><b><img loading=\"lazy\" decoding=\"async\" class=\"alignnone wp-image-67583\" src=\"https:\/\/staging.dyrsan.fr\/wp-content\/uploads\/2025\/08\/instru-1.jpeg\" alt=\"\" width=\"143\" height=\"39\" srcset=\"https:\/\/staging.dyrsan.fr\/wp-content\/uploads\/2025\/08\/instru-1.jpeg 698w, https:\/\/staging.dyrsan.fr\/wp-content\/uploads\/2025\/08\/instru-1-18x5.jpeg 18w\" sizes=\"auto, (max-width: 143px) 100vw, 143px\" \/><\/b><\/p>","protected":false},"featured_media":61486,"comment_status":"closed","ping_status":"closed","template":"","meta":[],"product_brand":[370],"product_cat":[150,251],"product_tag":[],"class_list":{"0":"post-65622","1":"product","2":"type-product","3":"status-publish","4":"has-post-thumbnail","6":"product_brand-dyrsan","7":"product_cat-tissus","8":"product_cat-tissus-jersey","9":"product_shipping_class-colis-lourds-15kg","10":"prix-sur-demande-enabled","12":"first","13":"instock","14":"taxable","15":"shipping-taxable","16":"product-type-simple"},"_links":{"self":[{"href":"https:\/\/staging.dyrsan.fr\/pt\/wp-json\/wp\/v2\/product\/65622","targetHints":{"allow":["GET"]}}],"collection":[{"href":"https:\/\/staging.dyrsan.fr\/pt\/wp-json\/wp\/v2\/product"}],"about":[{"href":"https:\/\/staging.dyrsan.fr\/pt\/wp-json\/wp\/v2\/types\/product"}],"replies":[{"embeddable":true,"href":"https:\/\/staging.dyrsan.fr\/pt\/wp-json\/wp\/v2\/comments?post=65622"}],"version-history":[{"count":5,"href":"https:\/\/staging.dyrsan.fr\/pt\/wp-json\/wp\/v2\/product\/65622\/revisions"}],"predecessor-version":[{"id":73296,"href":"https:\/\/staging.dyrsan.fr\/pt\/wp-json\/wp\/v2\/product\/65622\/revisions\/73296"}],"wp:featuredmedia":[{"embeddable":true,"href":"https:\/\/staging.dyrsan.fr\/pt\/wp-json\/wp\/v2\/media\/61486"}],"wp:attachment":[{"href":"https:\/\/staging.dyrsan.fr\/pt\/wp-json\/wp\/v2\/media?parent=65622"}],"wp:term":[{"taxonomy":"product_brand","embeddable":true,"href":"https:\/\/staging.dyrsan.fr\/pt\/wp-json\/wp\/v2\/product_brand?post=65622"},{"taxonomy":"product_cat","embeddable":true,"href":"https:\/\/staging.dyrsan.fr\/pt\/wp-json\/wp\/v2\/product_cat?post=65622"},{"taxonomy":"product_tag","embeddable":true,"href":"https:\/\/staging.dyrsan.fr\/pt\/wp-json\/wp\/v2\/product_tag?post=65622"}],"curies":[{"name":"wp","href":"https:\/\/api.w.org\/{rel}","templated":true}]}}