{"id":65616,"date":"2025-08-29T20:32:19","date_gmt":"2025-08-29T20:32:19","guid":{"rendered":"https:\/\/www.2027.staging.dyrsan.fr\/?post_type=product&#038;p=65616"},"modified":"2026-04-14T10:30:45","modified_gmt":"2026-04-14T10:30:45","slug":"connecteur-en-metal-dore","status":"publish","type":"product","link":"https:\/\/staging.dyrsan.fr\/pt\/shop\/connecteur-en-metal-dore\/","title":{"rendered":"Conector met\u00e1lico banhado a ouro"},"content":{"rendered":"<p>Ce connecteur en m\u00e9tal dor\u00e9 est con\u00e7u pour l\u2019assemblage des maillots de bain et des v\u00eatements. Il assure une liaison solide, \u00e9l\u00e9gante et durable, adapt\u00e9e aux textiles expos\u00e9s \u00e0 l\u2019eau et au soleil.<\/p>\n<p>&nbsp;<\/p>\n<p><strong>Especifica\u00e7\u00f5es t\u00e9cnicas:<\/strong><\/p>\n<p>R\u00e9f\u00e9rence : DY9093<br \/>\nMaterial(is): Metal<br \/>\nCor: dourado<br \/>\nTaille : 90 \u00d7 41 mm<br \/>\nPeso : 30 g<\/p>\n<p>&nbsp;<\/p>\n<p><strong>Carater\u00edsticas t\u00e9cnicas:<\/strong><br \/>\nResistente \u00e0 ferrugem<br \/>\nResistente \u00e0 \u00e1gua do mar e \u00e0 transpira\u00e7\u00e3o<br \/>\nN\u00e3o descolora<br \/>\nSem arestas vivas (n\u00e3o irritante)<br \/>\nElevada durabilidade (mesmo quando cosido ou exposto ao sol)<\/p>\n<p>Vendido em embalagens de 100 \/ Entrega em 15-20 dias<\/p>","protected":false},"excerpt":{"rendered":"<p>Ce connecteur en m\u00e9tal dor\u00e9 est con\u00e7u pour l\u2019assemblage des maillots de bain et des v\u00eatements. Il assure une liaison solide, \u00e9l\u00e9gante et durable, adapt\u00e9e aux textiles expos\u00e9s \u00e0 l\u2019eau et au soleil.<\/p>\n<p>&nbsp;<\/p>\n<p><strong>Especifica\u00e7\u00f5es t\u00e9cnicas:<\/strong><\/p>\n<p>R\u00e9f\u00e9rence : DY9093<br \/>\nMaterial(is): Metal<br \/>\nCor: dourado<br \/>\nTaille : 90 \u00d7 41 mm<br \/>\nPeso : 30 g<\/p>\n<p>&nbsp;<\/p>\n<p><strong>Carater\u00edsticas t\u00e9cnicas:<\/strong><br \/>\nResistente \u00e0 ferrugem<br \/>\nResistente \u00e0 \u00e1gua do mar e \u00e0 transpira\u00e7\u00e3o<br \/>\nN\u00e3o descolora<br \/>\nSem arestas vivas (n\u00e3o irritante)<br \/>\nElevada durabilidade (mesmo quando cosido ou exposto ao sol)<\/p>\n<p>Vendido em embalagens de 100 \/ Entrega em 15-20 dias<\/p>","protected":false},"featured_media":61459,"comment_status":"closed","ping_status":"closed","template":"","meta":[],"product_brand":[],"product_cat":[140,148,149],"product_tag":[170],"class_list":{"0":"post-65616","1":"product","2":"type-product","3":"status-publish","4":"has-post-thumbnail","6":"product_cat-accessoires","7":"product_cat-boucles","8":"product_cat-connecteurs","9":"product_tag-boucle-maillot-de-bain","10":"product_shipping_class-1-a-2kg","12":"first","13":"instock","14":"taxable","15":"shipping-taxable","16":"purchasable","17":"product-type-simple"},"_links":{"self":[{"href":"https:\/\/staging.dyrsan.fr\/pt\/wp-json\/wp\/v2\/product\/65616","targetHints":{"allow":["GET"]}}],"collection":[{"href":"https:\/\/staging.dyrsan.fr\/pt\/wp-json\/wp\/v2\/product"}],"about":[{"href":"https:\/\/staging.dyrsan.fr\/pt\/wp-json\/wp\/v2\/types\/product"}],"replies":[{"embeddable":true,"href":"https:\/\/staging.dyrsan.fr\/pt\/wp-json\/wp\/v2\/comments?post=65616"}],"version-history":[{"count":8,"href":"https:\/\/staging.dyrsan.fr\/pt\/wp-json\/wp\/v2\/product\/65616\/revisions"}],"predecessor-version":[{"id":76376,"href":"https:\/\/staging.dyrsan.fr\/pt\/wp-json\/wp\/v2\/product\/65616\/revisions\/76376"}],"wp:featuredmedia":[{"embeddable":true,"href":"https:\/\/staging.dyrsan.fr\/pt\/wp-json\/wp\/v2\/media\/61459"}],"wp:attachment":[{"href":"https:\/\/staging.dyrsan.fr\/pt\/wp-json\/wp\/v2\/media?parent=65616"}],"wp:term":[{"taxonomy":"product_brand","embeddable":true,"href":"https:\/\/staging.dyrsan.fr\/pt\/wp-json\/wp\/v2\/product_brand?post=65616"},{"taxonomy":"product_cat","embeddable":true,"href":"https:\/\/staging.dyrsan.fr\/pt\/wp-json\/wp\/v2\/product_cat?post=65616"},{"taxonomy":"product_tag","embeddable":true,"href":"https:\/\/staging.dyrsan.fr\/pt\/wp-json\/wp\/v2\/product_tag?post=65616"}],"curies":[{"name":"wp","href":"https:\/\/api.w.org\/{rel}","templated":true}]}}