{"id":65610,"date":"2025-08-29T20:32:19","date_gmt":"2025-08-29T20:32:19","guid":{"rendered":"https:\/\/www.2027.staging.dyrsan.fr\/?post_type=product&#038;p=65610"},"modified":"2026-04-03T17:53:32","modified_gmt":"2026-04-03T17:53:32","slug":"separateur-en-metal-dore-pour-maillot-de-bain","status":"publish","type":"product","link":"https:\/\/staging.dyrsan.fr\/pt\/shop\/separateur-en-metal-dore-pour-maillot-de-bain\/","title":{"rendered":"Separador de fatos de banho em metal dourado"},"content":{"rendered":"<p>Ce s\u00e9parateur en m\u00e9tal dor\u00e9 pour maillot de bain est un \u00e9l\u00e9ment fonctionnel et d\u00e9coratif destin\u00e9 \u00e0 l\u2019assemblage des cr\u00e9ations baln\u00e9aires. Il assure une finition \u00e9l\u00e9gante, solide et durable, adapt\u00e9e aux contraintes de l\u2019eau et du soleil.<\/p>\n<p>&nbsp;<\/p>\n<p><strong>Especifica\u00e7\u00f5es t\u00e9cnicas:<\/strong><\/p>\n<p>R\u00e9f\u00e9rence : DY5096<br \/>\nMaterial(is): Metal<br \/>\nCor: dourado<br \/>\nTaille : 8 \u00d7 8 \u00d7 1 cm<br \/>\nPoids : 40 g<\/p>\n<p>&nbsp;<\/p>\n<p><strong>Carater\u00edsticas t\u00e9cnicas:<\/strong><br \/>\nResistente \u00e0 ferrugem<br \/>\nResistente \u00e0 \u00e1gua do mar e \u00e0 transpira\u00e7\u00e3o<br \/>\nN\u00e3o descolora<br \/>\nSem arestas vivas (n\u00e3o irritante)<br \/>\nElevada durabilidade (mesmo quando cosido ou exposto ao sol)<\/p>\n<p>Vendido em embalagens de 100 \/ Entrega em 15-20 dias<\/p>","protected":false},"excerpt":{"rendered":"<p>Ce s\u00e9parateur en m\u00e9tal dor\u00e9 pour maillot de bain est un \u00e9l\u00e9ment fonctionnel et d\u00e9coratif destin\u00e9 \u00e0 l\u2019assemblage des cr\u00e9ations baln\u00e9aires. Il assure une finition \u00e9l\u00e9gante, solide et durable, adapt\u00e9e aux contraintes de l\u2019eau et du soleil.<\/p>\n<p>&nbsp;<\/p>\n<p><strong>Especifica\u00e7\u00f5es t\u00e9cnicas:<\/strong><\/p>\n<p>R\u00e9f\u00e9rence : DY5096<br \/>\nMaterial(is): Metal<br \/>\nCor: dourado<br \/>\nTaille : 8 \u00d7 8 \u00d7 1 cm<br \/>\nPoids : 40 g<\/p>\n<p>&nbsp;<\/p>\n<p><strong>Carater\u00edsticas t\u00e9cnicas:<\/strong><br \/>\nResistente \u00e0 ferrugem<br \/>\nResistente \u00e0 \u00e1gua do mar e \u00e0 transpira\u00e7\u00e3o<br \/>\nN\u00e3o descolora<br \/>\nSem arestas vivas (n\u00e3o irritante)<br \/>\nElevada durabilidade (mesmo quando cosido ou exposto ao sol)<\/p>\n<p>Vendido em embalagens de 100 \/ Entrega em 15-20 dias<\/p>","protected":false},"featured_media":61432,"comment_status":"closed","ping_status":"closed","template":"","meta":[],"product_brand":[],"product_cat":[140,156],"product_tag":[170],"class_list":{"0":"post-65610","1":"product","2":"type-product","3":"status-publish","4":"has-post-thumbnail","6":"product_cat-accessoires","7":"product_cat-separateurs","8":"product_tag-boucle-maillot-de-bain","9":"product_shipping_class-1-a-2kg","11":"first","12":"instock","13":"taxable","14":"shipping-taxable","15":"purchasable","16":"product-type-simple"},"_links":{"self":[{"href":"https:\/\/staging.dyrsan.fr\/pt\/wp-json\/wp\/v2\/product\/65610","targetHints":{"allow":["GET"]}}],"collection":[{"href":"https:\/\/staging.dyrsan.fr\/pt\/wp-json\/wp\/v2\/product"}],"about":[{"href":"https:\/\/staging.dyrsan.fr\/pt\/wp-json\/wp\/v2\/types\/product"}],"replies":[{"embeddable":true,"href":"https:\/\/staging.dyrsan.fr\/pt\/wp-json\/wp\/v2\/comments?post=65610"}],"version-history":[{"count":5,"href":"https:\/\/staging.dyrsan.fr\/pt\/wp-json\/wp\/v2\/product\/65610\/revisions"}],"predecessor-version":[{"id":76381,"href":"https:\/\/staging.dyrsan.fr\/pt\/wp-json\/wp\/v2\/product\/65610\/revisions\/76381"}],"wp:featuredmedia":[{"embeddable":true,"href":"https:\/\/staging.dyrsan.fr\/pt\/wp-json\/wp\/v2\/media\/61432"}],"wp:attachment":[{"href":"https:\/\/staging.dyrsan.fr\/pt\/wp-json\/wp\/v2\/media?parent=65610"}],"wp:term":[{"taxonomy":"product_brand","embeddable":true,"href":"https:\/\/staging.dyrsan.fr\/pt\/wp-json\/wp\/v2\/product_brand?post=65610"},{"taxonomy":"product_cat","embeddable":true,"href":"https:\/\/staging.dyrsan.fr\/pt\/wp-json\/wp\/v2\/product_cat?post=65610"},{"taxonomy":"product_tag","embeddable":true,"href":"https:\/\/staging.dyrsan.fr\/pt\/wp-json\/wp\/v2\/product_tag?post=65610"}],"curies":[{"name":"wp","href":"https:\/\/api.w.org\/{rel}","templated":true}]}}