{"id":65608,"date":"2025-10-26T10:10:05","date_gmt":"2025-10-26T10:10:05","guid":{"rendered":"https:\/\/www.2027.staging.dyrsan.fr\/?post_type=product&#038;p=65608"},"modified":"2026-01-29T14:31:20","modified_gmt":"2026-01-29T14:31:20","slug":"tissu-en-lycra-velours","status":"publish","type":"product","link":"https:\/\/staging.dyrsan.fr\/pt\/shop\/tissu-en-lycra-velours\/","title":{"rendered":"Tecido de veludo de Lycra"},"content":{"rendered":"<p>Tissu en lycra velours extensible et d\u2019origine italienne. Ce tissu lycra velours offre un toucher doux, un aspect luxueux et une excellente \u00e9lasticit\u00e9, id\u00e9al pour les cr\u00e9ations mode, sc\u00e8ne et pr\u00eat-\u00e0-porter.<\/p>\n<p>&nbsp;<\/p>\n<p><strong>Especifica\u00e7\u00f5es t\u00e9cnicas:<\/strong><br \/>\nR\u00e9f\u00e9rence : 65608<br \/>\nComposition : 85 % polyamide, 15 % \u00e9lasthanne<br \/>\nPoids : 220 g\/m\u00b2<br \/>\nLargura: 140 cm<br \/>\nAspect : velours, doux et l\u00e9g\u00e8rement brillant<br \/>\nPropri\u00e9t\u00e9s : extensible, confortable, bonne tenue, toucher soyeux<br \/>\nUtilisation : v\u00eatements mode, tenues de sc\u00e8ne, danse, costumes, lingerie, pr\u00eat-\u00e0-porter<br \/>\nPrix indicatif : prix sur demande<br \/>\nOrigem : It\u00e1lia<\/p>","protected":false},"excerpt":{"rendered":"<p>Tissu en lycra velours extensible et d\u2019origine italienne. Ce tissu lycra velours offre un toucher doux, un aspect luxueux et une excellente \u00e9lasticit\u00e9, id\u00e9al pour les cr\u00e9ations mode, sc\u00e8ne et pr\u00eat-\u00e0-porter.<\/p>\n<p>&nbsp;<\/p>\n<p><strong>Especifica\u00e7\u00f5es t\u00e9cnicas:<\/strong><br \/>\nR\u00e9f\u00e9rence : 65608<br \/>\nComposition : 85 % polyamide, 15 % \u00e9lasthanne<br \/>\nPoids : 220 g\/m\u00b2<br \/>\nLargura: 140 cm<br \/>\nAspect : velours, doux et l\u00e9g\u00e8rement brillant<br \/>\nPropri\u00e9t\u00e9s : extensible, confortable, bonne tenue, toucher soyeux<br \/>\nUtilisation : v\u00eatements mode, tenues de sc\u00e8ne, danse, costumes, lingerie, pr\u00eat-\u00e0-porter<br \/>\nPrix indicatif : prix sur demande<br \/>\nOrigem : It\u00e1lia<\/p>\n<p><b><img loading=\"lazy\" decoding=\"async\" class=\"alignnone wp-image-67583\" src=\"https:\/\/staging.dyrsan.fr\/wp-content\/uploads\/2025\/08\/instru-1.jpeg\" alt=\"\" width=\"143\" height=\"39\" srcset=\"https:\/\/staging.dyrsan.fr\/wp-content\/uploads\/2025\/08\/instru-1.jpeg 698w, https:\/\/staging.dyrsan.fr\/wp-content\/uploads\/2025\/08\/instru-1-18x5.jpeg 18w\" sizes=\"auto, (max-width: 143px) 100vw, 143px\" \/><\/b><\/p>","protected":false},"featured_media":61423,"comment_status":"closed","ping_status":"closed","template":"","meta":[],"product_brand":[370],"product_cat":[150,151,250],"product_tag":[188,189,225],"class_list":{"0":"post-65608","1":"product","2":"type-product","3":"status-publish","4":"has-post-thumbnail","6":"product_brand-dyrsan","7":"product_cat-tissus","8":"product_cat-tissus-lycra-extensibles","9":"product_cat-tissus-velours","10":"product_tag-tissu-maille-jacquard","11":"product_tag-tissu-texture","12":"product_tag-tissus-jacquard","13":"product_shipping_class-colis-lourds-15kg","14":"prix-sur-demande-enabled","16":"first","17":"instock","18":"taxable","19":"shipping-taxable","20":"product-type-simple"},"_links":{"self":[{"href":"https:\/\/staging.dyrsan.fr\/pt\/wp-json\/wp\/v2\/product\/65608","targetHints":{"allow":["GET"]}}],"collection":[{"href":"https:\/\/staging.dyrsan.fr\/pt\/wp-json\/wp\/v2\/product"}],"about":[{"href":"https:\/\/staging.dyrsan.fr\/pt\/wp-json\/wp\/v2\/types\/product"}],"replies":[{"embeddable":true,"href":"https:\/\/staging.dyrsan.fr\/pt\/wp-json\/wp\/v2\/comments?post=65608"}],"version-history":[{"count":5,"href":"https:\/\/staging.dyrsan.fr\/pt\/wp-json\/wp\/v2\/product\/65608\/revisions"}],"predecessor-version":[{"id":73303,"href":"https:\/\/staging.dyrsan.fr\/pt\/wp-json\/wp\/v2\/product\/65608\/revisions\/73303"}],"wp:featuredmedia":[{"embeddable":true,"href":"https:\/\/staging.dyrsan.fr\/pt\/wp-json\/wp\/v2\/media\/61423"}],"wp:attachment":[{"href":"https:\/\/staging.dyrsan.fr\/pt\/wp-json\/wp\/v2\/media?parent=65608"}],"wp:term":[{"taxonomy":"product_brand","embeddable":true,"href":"https:\/\/staging.dyrsan.fr\/pt\/wp-json\/wp\/v2\/product_brand?post=65608"},{"taxonomy":"product_cat","embeddable":true,"href":"https:\/\/staging.dyrsan.fr\/pt\/wp-json\/wp\/v2\/product_cat?post=65608"},{"taxonomy":"product_tag","embeddable":true,"href":"https:\/\/staging.dyrsan.fr\/pt\/wp-json\/wp\/v2\/product_tag?post=65608"}],"curies":[{"name":"wp","href":"https:\/\/api.w.org\/{rel}","templated":true}]}}