{"id":65607,"date":"2025-10-26T10:10:04","date_gmt":"2025-10-26T10:10:04","guid":{"rendered":"https:\/\/www.2027.staging.dyrsan.fr\/?post_type=product&#038;p=65607"},"modified":"2026-01-29T14:32:41","modified_gmt":"2026-01-29T14:32:41","slug":"tissu-en-jersey-doux-et-recycle-2","status":"publish","type":"product","link":"https:\/\/staging.dyrsan.fr\/pt\/shop\/tissu-en-jersey-doux-et-recycle-2\/","title":{"rendered":"Tecido de jersey macio e reciclado"},"content":{"rendered":"<p>Tecido de jersey reciclado macio e el\u00e1stico proveniente de It\u00e1lia. Este tecido de jersey reciclado e macio pode ser personalizado de acordo com o c\u00f3digo Pantone e \u00e9 adequado para cria\u00e7\u00f5es t\u00e9cnicas e de moda.<\/p>\n<p>&nbsp;<\/p>\n<p><strong>Especifica\u00e7\u00f5es t\u00e9cnicas:<\/strong><br \/>\nN\u00famero de cat\u00e1logo: 65607<br \/>\nComposi\u00e7\u00e3o: 83 % poliamida, 17 % elastano<br \/>\nPeso: 110 g\/m\u00b2.<br \/>\nLargura: 150 cm<br \/>\nCor: pode ser personalizada de acordo com o c\u00f3digo Pantone<br \/>\nOrigem : It\u00e1lia<\/p>","protected":false},"excerpt":{"rendered":"<p>Tecido de jersey reciclado macio e el\u00e1stico proveniente de It\u00e1lia. Este tecido de jersey reciclado e macio pode ser personalizado de acordo com o c\u00f3digo Pantone e \u00e9 adequado para cria\u00e7\u00f5es t\u00e9cnicas e de moda.<\/p>\n<p>&nbsp;<\/p>\n<p><strong>Especifica\u00e7\u00f5es t\u00e9cnicas:<\/strong><br \/>\nN\u00famero de cat\u00e1logo: 65607<br \/>\nComposi\u00e7\u00e3o: 83 % poliamida, 17 % elastano<br \/>\nPeso: 110 g\/m\u00b2.<br \/>\nLargura: 150 cm<br \/>\nCor: pode ser personalizada de acordo com o c\u00f3digo Pantone<br \/>\nOrigem : It\u00e1lia<\/p>\n<p><b><img loading=\"lazy\" decoding=\"async\" class=\"alignnone wp-image-67583\" src=\"https:\/\/staging.dyrsan.fr\/wp-content\/uploads\/2025\/08\/instru-1.jpeg\" alt=\"\" width=\"143\" height=\"39\" srcset=\"https:\/\/staging.dyrsan.fr\/wp-content\/uploads\/2025\/08\/instru-1.jpeg 698w, https:\/\/staging.dyrsan.fr\/wp-content\/uploads\/2025\/08\/instru-1-18x5.jpeg 18w\" sizes=\"auto, (max-width: 143px) 100vw, 143px\" \/><\/b><\/p>","protected":false},"featured_media":61417,"comment_status":"closed","ping_status":"closed","template":"","meta":[],"product_brand":[370],"product_cat":[150,184,151,197],"product_tag":[181,199,188],"class_list":{"0":"post-65607","1":"product","2":"type-product","3":"status-publish","4":"has-post-thumbnail","6":"product_brand-dyrsan","7":"product_cat-tissus","8":"product_cat-tissus-eco-responsables","9":"product_cat-tissus-lycra-extensibles","10":"product_cat-tissus-recycles","11":"product_tag-maille-jacquard","12":"product_tag-tissu-leger","13":"product_tag-tissu-maille-jacquard","14":"product_shipping_class-colis-lourds-15kg","15":"prix-sur-demande-enabled","17":"first","18":"instock","19":"taxable","20":"shipping-taxable","21":"product-type-simple"},"_links":{"self":[{"href":"https:\/\/staging.dyrsan.fr\/pt\/wp-json\/wp\/v2\/product\/65607","targetHints":{"allow":["GET"]}}],"collection":[{"href":"https:\/\/staging.dyrsan.fr\/pt\/wp-json\/wp\/v2\/product"}],"about":[{"href":"https:\/\/staging.dyrsan.fr\/pt\/wp-json\/wp\/v2\/types\/product"}],"replies":[{"embeddable":true,"href":"https:\/\/staging.dyrsan.fr\/pt\/wp-json\/wp\/v2\/comments?post=65607"}],"version-history":[{"count":5,"href":"https:\/\/staging.dyrsan.fr\/pt\/wp-json\/wp\/v2\/product\/65607\/revisions"}],"predecessor-version":[{"id":73307,"href":"https:\/\/staging.dyrsan.fr\/pt\/wp-json\/wp\/v2\/product\/65607\/revisions\/73307"}],"wp:featuredmedia":[{"embeddable":true,"href":"https:\/\/staging.dyrsan.fr\/pt\/wp-json\/wp\/v2\/media\/61417"}],"wp:attachment":[{"href":"https:\/\/staging.dyrsan.fr\/pt\/wp-json\/wp\/v2\/media?parent=65607"}],"wp:term":[{"taxonomy":"product_brand","embeddable":true,"href":"https:\/\/staging.dyrsan.fr\/pt\/wp-json\/wp\/v2\/product_brand?post=65607"},{"taxonomy":"product_cat","embeddable":true,"href":"https:\/\/staging.dyrsan.fr\/pt\/wp-json\/wp\/v2\/product_cat?post=65607"},{"taxonomy":"product_tag","embeddable":true,"href":"https:\/\/staging.dyrsan.fr\/pt\/wp-json\/wp\/v2\/product_tag?post=65607"}],"curies":[{"name":"wp","href":"https:\/\/api.w.org\/{rel}","templated":true}]}}