{"id":65606,"date":"2025-10-26T10:10:04","date_gmt":"2025-10-26T10:10:04","guid":{"rendered":"https:\/\/www.2027.staging.dyrsan.fr\/?post_type=product&#038;p=65606"},"modified":"2026-01-29T14:32:11","modified_gmt":"2026-01-29T14:32:11","slug":"tissu-en-lycra-effet-satine-extensible","status":"publish","type":"product","link":"https:\/\/staging.dyrsan.fr\/pt\/shop\/tissu-en-lycra-effet-satine-extensible\/","title":{"rendered":"Tecido el\u00e1stico de lycra com efeito acetinado"},"content":{"rendered":"<p>Tecido de lycra com efeito acetinado el\u00e1stico, flex\u00edvel e de origem italiana. Este tecido de lycra com efeito acetinado el\u00e1stico \u00e9 suave e elegante, ideal para cria\u00e7\u00f5es t\u00e9cnicas e de moda.<\/p>\n<p>&nbsp;<\/p>\n<p><strong>Especifica\u00e7\u00f5es t\u00e9cnicas:<\/strong><br \/>\nN\u00famero de cat\u00e1logo: 59274<br \/>\nComposi\u00e7\u00e3o: 79 % poliamida, 21 % elastano<br \/>\nPeso: 180 g\/m\u00b2.<br \/>\nLargura: 150 cm<br \/>\nAspeto: acetinado<br \/>\nOrigem : It\u00e1lia<\/p>\n<p><b><img class=\"alignnone wp-image-67583\" src=\"https:\/\/staging.dyrsan.fr\/wp-content\/uploads\/2025\/08\/instru-1.jpeg\" alt=\"\" width=\"143\" height=\"39\" loading=\"lazy\" decoding=\"async\" title=\"\" srcset=\"https:\/\/staging.dyrsan.fr\/wp-content\/uploads\/2025\/08\/instru-1.jpeg 698w, https:\/\/staging.dyrsan.fr\/wp-content\/uploads\/2025\/08\/instru-1-18x5.jpeg 18w\" sizes=\"auto, (max-width: 143px) 100vw, 143px\" \/><\/b><\/p>","protected":false},"excerpt":{"rendered":"<p>Tecido de lycra com efeito acetinado el\u00e1stico, flex\u00edvel e de origem italiana. Este tecido de lycra com efeito acetinado el\u00e1stico \u00e9 suave e elegante, ideal para cria\u00e7\u00f5es t\u00e9cnicas e de moda.<\/p>\n<p>&nbsp;<\/p>\n<p><strong>Especifica\u00e7\u00f5es t\u00e9cnicas:<\/strong><br \/>\nN\u00famero de cat\u00e1logo: 59274<br \/>\nComposi\u00e7\u00e3o: 79 % poliamida, 21 % elastano<br \/>\nPeso: 180 g\/m\u00b2.<br \/>\nLargura: 150 cm<br \/>\nAspeto: acetinado<br \/>\nOrigem : It\u00e1lia<br \/>\n<b><img loading=\"lazy\" decoding=\"async\" class=\"alignnone wp-image-67583\" src=\"https:\/\/staging.dyrsan.fr\/wp-content\/uploads\/2025\/08\/instru-1.jpeg\" alt=\"\" width=\"143\" height=\"39\" srcset=\"https:\/\/staging.dyrsan.fr\/wp-content\/uploads\/2025\/08\/instru-1.jpeg 698w, https:\/\/staging.dyrsan.fr\/wp-content\/uploads\/2025\/08\/instru-1-18x5.jpeg 18w\" sizes=\"auto, (max-width: 143px) 100vw, 143px\" \/><\/b><\/p>","protected":false},"featured_media":61414,"comment_status":"closed","ping_status":"closed","template":"","meta":[],"product_brand":[370],"product_cat":[150,184,151],"product_tag":[],"class_list":{"0":"post-65606","1":"product","2":"type-product","3":"status-publish","4":"has-post-thumbnail","6":"product_brand-dyrsan","7":"product_cat-tissus","8":"product_cat-tissus-eco-responsables","9":"product_cat-tissus-lycra-extensibles","10":"product_shipping_class-colis-lourds-15kg","11":"prix-sur-demande-enabled","13":"first","14":"instock","15":"taxable","16":"shipping-taxable","17":"product-type-simple"},"_links":{"self":[{"href":"https:\/\/staging.dyrsan.fr\/pt\/wp-json\/wp\/v2\/product\/65606","targetHints":{"allow":["GET"]}}],"collection":[{"href":"https:\/\/staging.dyrsan.fr\/pt\/wp-json\/wp\/v2\/product"}],"about":[{"href":"https:\/\/staging.dyrsan.fr\/pt\/wp-json\/wp\/v2\/types\/product"}],"replies":[{"embeddable":true,"href":"https:\/\/staging.dyrsan.fr\/pt\/wp-json\/wp\/v2\/comments?post=65606"}],"version-history":[{"count":5,"href":"https:\/\/staging.dyrsan.fr\/pt\/wp-json\/wp\/v2\/product\/65606\/revisions"}],"predecessor-version":[{"id":73305,"href":"https:\/\/staging.dyrsan.fr\/pt\/wp-json\/wp\/v2\/product\/65606\/revisions\/73305"}],"wp:featuredmedia":[{"embeddable":true,"href":"https:\/\/staging.dyrsan.fr\/pt\/wp-json\/wp\/v2\/media\/61414"}],"wp:attachment":[{"href":"https:\/\/staging.dyrsan.fr\/pt\/wp-json\/wp\/v2\/media?parent=65606"}],"wp:term":[{"taxonomy":"product_brand","embeddable":true,"href":"https:\/\/staging.dyrsan.fr\/pt\/wp-json\/wp\/v2\/product_brand?post=65606"},{"taxonomy":"product_cat","embeddable":true,"href":"https:\/\/staging.dyrsan.fr\/pt\/wp-json\/wp\/v2\/product_cat?post=65606"},{"taxonomy":"product_tag","embeddable":true,"href":"https:\/\/staging.dyrsan.fr\/pt\/wp-json\/wp\/v2\/product_tag?post=65606"}],"curies":[{"name":"wp","href":"https:\/\/api.w.org\/{rel}","templated":true}]}}