{"id":65604,"date":"2025-10-26T10:10:03","date_gmt":"2025-10-26T10:10:03","guid":{"rendered":"https:\/\/www.2027.staging.dyrsan.fr\/?post_type=product&#038;p=65604"},"modified":"2026-01-29T14:33:22","modified_gmt":"2026-01-29T14:33:22","slug":"tissu-italien-en-polyamide-recycle-extensible","status":"publish","type":"product","link":"https:\/\/staging.dyrsan.fr\/pt\/shop\/tissu-italien-en-polyamide-recycle-extensible\/","title":{"rendered":"Tecido el\u00e1stico italiano de poliamida reciclada"},"content":{"rendered":"<p>Tissu italien en polyamide recycl\u00e9 extensible, technique et durable. Ce tissu italien polyamide recycl\u00e9 extensible est id\u00e9al pour les maillots de bain et les v\u00eatements de sport.<\/p>\n<p>&nbsp;<\/p>\n<p><strong>Especifica\u00e7\u00f5es t\u00e9cnicas:<\/strong><br \/>\nN\u00famero de cat\u00e1logo : DY710<br \/>\nComposi\u00e7\u00e3o: 85 % poliamida reciclada, 15 % elastano<br \/>\nPeso: 210 g\/m\u00b2.<br \/>\nLargura: 150 cm<br \/>\nLongueur du rouleau : 50 m<br \/>\nCertifica\u00e7\u00e3o: Oeko-Tex Standard 100<br \/>\nPropriedades: el\u00e1stico<br \/>\nUtilisation : maillots de bain, v\u00eatements de sport<br \/>\nPrix indicatif : prix sur demande<br \/>\nCuidados: lavar a 40\u00b0C, n\u00e3o branquear, engomar suavemente, limpeza a seco permitida.<br \/>\nOrigem : It\u00e1lia<\/p>\n<p><b><img class=\"alignnone wp-image-67583\" src=\"https:\/\/staging.dyrsan.fr\/wp-content\/uploads\/2025\/08\/instru-1.jpeg\" alt=\"\" width=\"143\" height=\"39\" loading=\"lazy\" decoding=\"async\" title=\"\" srcset=\"https:\/\/staging.dyrsan.fr\/wp-content\/uploads\/2025\/08\/instru-1.jpeg 698w, https:\/\/staging.dyrsan.fr\/wp-content\/uploads\/2025\/08\/instru-1-18x5.jpeg 18w\" sizes=\"auto, (max-width: 143px) 100vw, 143px\" \/><\/b><\/p>","protected":false},"excerpt":{"rendered":"<p>Tissu italien en polyamide recycl\u00e9 extensible, technique et durable. Ce tissu italien polyamide recycl\u00e9 extensible est id\u00e9al pour les maillots de bain et les v\u00eatements de sport.<\/p>\n<p>&nbsp;<\/p>\n<p><strong>Especifica\u00e7\u00f5es t\u00e9cnicas:<\/strong><br \/>\nN\u00famero de cat\u00e1logo : DY710<br \/>\nComposi\u00e7\u00e3o: 85 % poliamida reciclada, 15 % elastano<br \/>\nPeso: 210 g\/m\u00b2.<br \/>\nLargura: 150 cm<br \/>\nLongueur du rouleau : 50 m<br \/>\nCertifica\u00e7\u00e3o: Oeko-Tex Standard 100<br \/>\nPropriedades: el\u00e1stico<br \/>\nUtilisation : maillots de bain, v\u00eatements de sport<br \/>\nPrix indicatif : prix sur demande<br \/>\nCuidados: lavar a 40\u00b0C, n\u00e3o branquear, engomar suavemente, limpeza a seco permitida.<br \/>\nOrigem : It\u00e1lia<\/p>\n<p><b><img loading=\"lazy\" decoding=\"async\" class=\"alignnone wp-image-67583\" src=\"https:\/\/staging.dyrsan.fr\/wp-content\/uploads\/2025\/08\/instru-1.jpeg\" alt=\"\" width=\"143\" height=\"39\" srcset=\"https:\/\/staging.dyrsan.fr\/wp-content\/uploads\/2025\/08\/instru-1.jpeg 698w, https:\/\/staging.dyrsan.fr\/wp-content\/uploads\/2025\/08\/instru-1-18x5.jpeg 18w\" sizes=\"auto, (max-width: 143px) 100vw, 143px\" \/><\/b><\/p>","protected":false},"featured_media":61403,"comment_status":"closed","ping_status":"closed","template":"","meta":[],"product_brand":[370],"product_cat":[150,184,197,213],"product_tag":[188,189],"class_list":{"0":"post-65604","1":"product","2":"type-product","3":"status-publish","4":"has-post-thumbnail","6":"product_brand-dyrsan","7":"product_cat-tissus","8":"product_cat-tissus-eco-responsables","9":"product_cat-tissus-recycles","10":"product_cat-tissus-textures","11":"product_tag-tissu-maille-jacquard","12":"product_tag-tissu-texture","13":"prix-sur-demande-enabled","15":"first","16":"instock","17":"taxable","18":"shipping-taxable","19":"product-type-simple"},"_links":{"self":[{"href":"https:\/\/staging.dyrsan.fr\/pt\/wp-json\/wp\/v2\/product\/65604","targetHints":{"allow":["GET"]}}],"collection":[{"href":"https:\/\/staging.dyrsan.fr\/pt\/wp-json\/wp\/v2\/product"}],"about":[{"href":"https:\/\/staging.dyrsan.fr\/pt\/wp-json\/wp\/v2\/types\/product"}],"replies":[{"embeddable":true,"href":"https:\/\/staging.dyrsan.fr\/pt\/wp-json\/wp\/v2\/comments?post=65604"}],"version-history":[{"count":7,"href":"https:\/\/staging.dyrsan.fr\/pt\/wp-json\/wp\/v2\/product\/65604\/revisions"}],"predecessor-version":[{"id":73309,"href":"https:\/\/staging.dyrsan.fr\/pt\/wp-json\/wp\/v2\/product\/65604\/revisions\/73309"}],"wp:featuredmedia":[{"embeddable":true,"href":"https:\/\/staging.dyrsan.fr\/pt\/wp-json\/wp\/v2\/media\/61403"}],"wp:attachment":[{"href":"https:\/\/staging.dyrsan.fr\/pt\/wp-json\/wp\/v2\/media?parent=65604"}],"wp:term":[{"taxonomy":"product_brand","embeddable":true,"href":"https:\/\/staging.dyrsan.fr\/pt\/wp-json\/wp\/v2\/product_brand?post=65604"},{"taxonomy":"product_cat","embeddable":true,"href":"https:\/\/staging.dyrsan.fr\/pt\/wp-json\/wp\/v2\/product_cat?post=65604"},{"taxonomy":"product_tag","embeddable":true,"href":"https:\/\/staging.dyrsan.fr\/pt\/wp-json\/wp\/v2\/product_tag?post=65604"}],"curies":[{"name":"wp","href":"https:\/\/api.w.org\/{rel}","templated":true}]}}