{"id":65574,"date":"2025-11-07T17:20:47","date_gmt":"2025-11-07T17:20:47","guid":{"rendered":"https:\/\/www.2027.staging.dyrsan.fr\/?post_type=product&#038;p=65574"},"modified":"2026-04-14T10:15:08","modified_gmt":"2026-04-14T10:15:08","slug":"criar-uma-marca-de-fatos-de-banho-2","status":"publish","type":"product","link":"https:\/\/staging.dyrsan.fr\/pt\/shop\/criar-uma-marca-de-fatos-de-banho-2\/","title":{"rendered":"Tecido de rede leve com pequenos orif\u00edcios"},"content":{"rendered":"<p>Tecido de rede leve com pequenos orif\u00edcios, delicado e el\u00e1stico. Este tecido de rede de chaire leve tem certifica\u00e7\u00e3o Oeko-Tex e \u00e9 adequado para lingerie.<\/p>\n<p>&nbsp;<\/p>\n<p><strong>Especifica\u00e7\u00f5es t\u00e9cnicas:<\/strong><br \/>\nN\u00famero de cat\u00e1logo: DY97408<br \/>\nComposi\u00e7\u00e3o: 53 % nylon, 47 % spandex<br \/>\nPeso: 101 g\/m\u00b2.<br \/>\nCor: Bege (personaliz\u00e1vel segundo o c\u00f3digo Pantone)<br \/>\nLargura: 160 cm<br \/>\nCertifica\u00e7\u00e3o: Oeko-Tex<br \/>\nUtiliza\u00e7\u00e3o: lingerie<\/p>","protected":false},"excerpt":{"rendered":"<p>Tecido de rede leve com pequenos orif\u00edcios, delicado e el\u00e1stico. Este tecido de rede de chaire leve tem certifica\u00e7\u00e3o Oeko-Tex e \u00e9 adequado para lingerie.<\/p>\n<p>&nbsp;<\/p>\n<p><strong>Especifica\u00e7\u00f5es t\u00e9cnicas:<\/strong><br \/>\nN\u00famero de cat\u00e1logo: DY97408<br \/>\nComposi\u00e7\u00e3o: 53 % nylon, 47 % spandex<br \/>\nPeso: 101 g\/m\u00b2.<br \/>\nCor: Bege (personaliz\u00e1vel segundo o c\u00f3digo Pantone)<br \/>\nLargura: 160 cm<br \/>\nCertifica\u00e7\u00e3o: Oeko-Tex<br \/>\nUtiliza\u00e7\u00e3o: lingerie<\/p>","protected":false},"featured_media":61374,"comment_status":"closed","ping_status":"closed","template":"","meta":[],"product_brand":[370],"product_cat":[150,180],"product_tag":[199,188],"class_list":{"0":"post-65574","1":"product","2":"type-product","3":"status-publish","4":"has-post-thumbnail","6":"product_brand-dyrsan","7":"product_cat-tissus","8":"product_cat-tissus-mailles-jacquard","9":"product_tag-tissu-leger","10":"product_tag-tissu-maille-jacquard","12":"first","13":"instock","14":"taxable","15":"shipping-taxable","16":"purchasable","17":"product-type-simple"},"_links":{"self":[{"href":"https:\/\/staging.dyrsan.fr\/pt\/wp-json\/wp\/v2\/product\/65574","targetHints":{"allow":["GET"]}}],"collection":[{"href":"https:\/\/staging.dyrsan.fr\/pt\/wp-json\/wp\/v2\/product"}],"about":[{"href":"https:\/\/staging.dyrsan.fr\/pt\/wp-json\/wp\/v2\/types\/product"}],"replies":[{"embeddable":true,"href":"https:\/\/staging.dyrsan.fr\/pt\/wp-json\/wp\/v2\/comments?post=65574"}],"version-history":[{"count":7,"href":"https:\/\/staging.dyrsan.fr\/pt\/wp-json\/wp\/v2\/product\/65574\/revisions"}],"predecessor-version":[{"id":74030,"href":"https:\/\/staging.dyrsan.fr\/pt\/wp-json\/wp\/v2\/product\/65574\/revisions\/74030"}],"wp:featuredmedia":[{"embeddable":true,"href":"https:\/\/staging.dyrsan.fr\/pt\/wp-json\/wp\/v2\/media\/61374"}],"wp:attachment":[{"href":"https:\/\/staging.dyrsan.fr\/pt\/wp-json\/wp\/v2\/media?parent=65574"}],"wp:term":[{"taxonomy":"product_brand","embeddable":true,"href":"https:\/\/staging.dyrsan.fr\/pt\/wp-json\/wp\/v2\/product_brand?post=65574"},{"taxonomy":"product_cat","embeddable":true,"href":"https:\/\/staging.dyrsan.fr\/pt\/wp-json\/wp\/v2\/product_cat?post=65574"},{"taxonomy":"product_tag","embeddable":true,"href":"https:\/\/staging.dyrsan.fr\/pt\/wp-json\/wp\/v2\/product_tag?post=65574"}],"curies":[{"name":"wp","href":"https:\/\/api.w.org\/{rel}","templated":true}]}}