{"id":65561,"date":"2025-11-07T17:20:46","date_gmt":"2025-11-07T17:20:46","guid":{"rendered":"https:\/\/www.2027.staging.dyrsan.fr\/?post_type=product&#038;p=65561"},"modified":"2026-04-14T10:19:39","modified_gmt":"2026-04-14T10:19:39","slug":"-190","status":"publish","type":"product","link":"https:\/\/staging.dyrsan.fr\/pt\/shop\/-190\/","title":{"rendered":"Tecido jacquard com motivos florais e folhagens"},"content":{"rendered":"<p>Tecido jacquard floral e folhagem numa malha jacquard espessa e estruturada. Este tecido jacquard floral e folhagem tem uma gramagem elevada de 310 g\/m\u00b2.<\/p>\n<p>&nbsp;<\/p>\n<p><strong>Especifica\u00e7\u00f5es t\u00e9cnicas:<\/strong><br \/>\nN\u00famero de cat\u00e1logo: DY2477<br \/>\nComposi\u00e7\u00e3o: 56 % nylon, 30 % poli\u00e9ster, 14 % spandex<br \/>\nPeso: 310 g\/m\u00b2.<br \/>\nLargura: 140 cm<\/p>\n<p><b style=\"font-family: wash;font-size: 30px\"><img class=\"alignnone wp-image-67583\" src=\"https:\/\/staging.dyrsan.fr\/wp-content\/uploads\/2025\/08\/instru-1.jpeg\" alt=\"\" width=\"153\" height=\"42\" loading=\"lazy\" decoding=\"async\" title=\"\" srcset=\"https:\/\/staging.dyrsan.fr\/wp-content\/uploads\/2025\/08\/instru-1.jpeg 698w, https:\/\/staging.dyrsan.fr\/wp-content\/uploads\/2025\/08\/instru-1-18x5.jpeg 18w\" sizes=\"auto, (max-width: 153px) 100vw, 153px\" \/><\/b><\/p>","protected":false},"excerpt":{"rendered":"<p>Tecido jacquard floral e folhagem numa malha jacquard espessa e estruturada. Este tecido jacquard floral e folhagem tem uma gramagem elevada de 310 g\/m\u00b2.<\/p>\n<p>&nbsp;<\/p>\n<p><strong>Especifica\u00e7\u00f5es t\u00e9cnicas:<\/strong><br \/>\nN\u00famero de cat\u00e1logo: DY2477<br \/>\nComposi\u00e7\u00e3o: 56 % nylon, 30 % poli\u00e9ster, 14 % spandex<br \/>\nPeso: 310 g\/m\u00b2.<br \/>\nLargura: 140 cm<\/p>\n<p><b style=\"font-family: wash;font-size: 30px\"><img loading=\"lazy\" decoding=\"async\" class=\"alignnone wp-image-67583\" src=\"https:\/\/staging.dyrsan.fr\/wp-content\/uploads\/2025\/08\/instru-1.jpeg\" alt=\"\" width=\"153\" height=\"42\" srcset=\"https:\/\/staging.dyrsan.fr\/wp-content\/uploads\/2025\/08\/instru-1.jpeg 698w, https:\/\/staging.dyrsan.fr\/wp-content\/uploads\/2025\/08\/instru-1-18x5.jpeg 18w\" sizes=\"auto, (max-width: 153px) 100vw, 153px\" \/><\/b><\/p>","protected":false},"featured_media":61354,"comment_status":"closed","ping_status":"closed","template":"","meta":[],"product_brand":[370],"product_cat":[150,180,213],"product_tag":[181,191,218,188],"class_list":{"0":"post-65561","1":"product","2":"type-product","3":"status-publish","4":"has-post-thumbnail","6":"product_brand-dyrsan","7":"product_cat-tissus","8":"product_cat-tissus-mailles-jacquard","9":"product_cat-tissus-textures","10":"product_tag-maille-jacquard","11":"product_tag-tissu-a-motifs","12":"product_tag-tissu-inspirations-naturelles","13":"product_tag-tissu-maille-jacquard","15":"first","16":"instock","17":"taxable","18":"shipping-taxable","19":"purchasable","20":"product-type-variable","21":"has-default-attributes"},"_links":{"self":[{"href":"https:\/\/staging.dyrsan.fr\/pt\/wp-json\/wp\/v2\/product\/65561","targetHints":{"allow":["GET"]}}],"collection":[{"href":"https:\/\/staging.dyrsan.fr\/pt\/wp-json\/wp\/v2\/product"}],"about":[{"href":"https:\/\/staging.dyrsan.fr\/pt\/wp-json\/wp\/v2\/types\/product"}],"replies":[{"embeddable":true,"href":"https:\/\/staging.dyrsan.fr\/pt\/wp-json\/wp\/v2\/comments?post=65561"}],"version-history":[{"count":8,"href":"https:\/\/staging.dyrsan.fr\/pt\/wp-json\/wp\/v2\/product\/65561\/revisions"}],"predecessor-version":[{"id":74405,"href":"https:\/\/staging.dyrsan.fr\/pt\/wp-json\/wp\/v2\/product\/65561\/revisions\/74405"}],"wp:featuredmedia":[{"embeddable":true,"href":"https:\/\/staging.dyrsan.fr\/pt\/wp-json\/wp\/v2\/media\/61354"}],"wp:attachment":[{"href":"https:\/\/staging.dyrsan.fr\/pt\/wp-json\/wp\/v2\/media?parent=65561"}],"wp:term":[{"taxonomy":"product_brand","embeddable":true,"href":"https:\/\/staging.dyrsan.fr\/pt\/wp-json\/wp\/v2\/product_brand?post=65561"},{"taxonomy":"product_cat","embeddable":true,"href":"https:\/\/staging.dyrsan.fr\/pt\/wp-json\/wp\/v2\/product_cat?post=65561"},{"taxonomy":"product_tag","embeddable":true,"href":"https:\/\/staging.dyrsan.fr\/pt\/wp-json\/wp\/v2\/product_tag?post=65561"}],"curies":[{"name":"wp","href":"https:\/\/api.w.org\/{rel}","templated":true}]}}