{"id":65522,"date":"2025-11-07T17:20:42","date_gmt":"2025-11-07T17:20:42","guid":{"rendered":"https:\/\/www.2027.staging.dyrsan.fr\/?post_type=product&#038;p=65522"},"modified":"2026-02-19T15:48:29","modified_gmt":"2026-02-19T15:48:29","slug":"tissu-maille-jacquard-a-rayures-blanches","status":"publish","type":"product","link":"https:\/\/staging.dyrsan.fr\/pt\/shop\/tissu-maille-jacquard-a-rayures-blanches\/","title":{"rendered":"Malha jacquard com riscas brancas"},"content":{"rendered":"<p>Tecido de malha jacquard com riscas brancas, tecido de malha jacquard el\u00e1stico. Este tecido de malha jacquard com riscas brancas pesa 275 g\/m\u00b2.<\/p>\n<p>&nbsp;<\/p>\n<p><strong>Especifica\u00e7\u00f5es t\u00e9cnicas:<\/strong><br \/>\nN\u00famero de cat\u00e1logo: DY1551<br \/>\nComposi\u00e7\u00e3o: 90 % nylon, 10 % spandex<br \/>\nPeso: 275 g\/m\u00b2.<br \/>\nLargura: 112 cm<br \/>\nCor: branco (personaliz\u00e1vel segundo o c\u00f3digo Pantone)<\/p>\n<p style=\"font-family: wash;font-size: 30px\"><b style=\"font-family: wash;font-size: 30px\"><img class=\"alignnone wp-image-67583\" src=\"https:\/\/staging.dyrsan.fr\/wp-content\/uploads\/2025\/08\/instru-1.jpeg\" alt=\"\" width=\"153\" height=\"42\" loading=\"lazy\" decoding=\"async\" title=\"\" srcset=\"https:\/\/staging.dyrsan.fr\/wp-content\/uploads\/2025\/08\/instru-1.jpeg 698w, https:\/\/staging.dyrsan.fr\/wp-content\/uploads\/2025\/08\/instru-1-18x5.jpeg 18w\" sizes=\"auto, (max-width: 153px) 100vw, 153px\" \/><\/b><\/p>","protected":false},"excerpt":{"rendered":"<p>Tecido de malha jacquard com riscas brancas, tecido de malha jacquard el\u00e1stico. Este tecido de malha jacquard com riscas brancas pesa 275 g\/m\u00b2.<\/p>\n<p>&nbsp;<\/p>\n<p><strong>Especifica\u00e7\u00f5es t\u00e9cnicas:<\/strong><br \/>\nN\u00famero de cat\u00e1logo: DY1551<br \/>\nComposi\u00e7\u00e3o: 90 % nylon, 10 % spandex<br \/>\nPeso: 275 g\/m\u00b2.<br \/>\nLargura: 112 cm<br \/>\nCor: branco (personaliz\u00e1vel segundo o c\u00f3digo Pantone)<\/p>\n<p style=\"font-family: wash;font-size: 30px\"><b style=\"font-family: wash;font-size: 30px\"><img loading=\"lazy\" decoding=\"async\" class=\"alignnone wp-image-67583\" src=\"https:\/\/staging.dyrsan.fr\/wp-content\/uploads\/2025\/08\/instru-1.jpeg\" alt=\"\" width=\"153\" height=\"42\" srcset=\"https:\/\/staging.dyrsan.fr\/wp-content\/uploads\/2025\/08\/instru-1.jpeg 698w, https:\/\/staging.dyrsan.fr\/wp-content\/uploads\/2025\/08\/instru-1-18x5.jpeg 18w\" sizes=\"auto, (max-width: 153px) 100vw, 153px\" \/><\/b><\/p>","protected":false},"featured_media":61312,"comment_status":"closed","ping_status":"closed","template":"","meta":[],"product_brand":[370],"product_cat":[180,213],"product_tag":[181,182,154],"class_list":{"0":"post-65522","1":"product","2":"type-product","3":"status-publish","4":"has-post-thumbnail","6":"product_brand-dyrsan","7":"product_cat-tissus-mailles-jacquard","8":"product_cat-tissus-textures","9":"product_tag-maille-jacquard","10":"product_tag-tissu-a-rayures","11":"product_tag-tissus-maillot-de-bain","13":"first","14":"instock","15":"taxable","16":"shipping-taxable","17":"purchasable","18":"product-type-variable","19":"has-default-attributes"},"_links":{"self":[{"href":"https:\/\/staging.dyrsan.fr\/pt\/wp-json\/wp\/v2\/product\/65522","targetHints":{"allow":["GET"]}}],"collection":[{"href":"https:\/\/staging.dyrsan.fr\/pt\/wp-json\/wp\/v2\/product"}],"about":[{"href":"https:\/\/staging.dyrsan.fr\/pt\/wp-json\/wp\/v2\/types\/product"}],"replies":[{"embeddable":true,"href":"https:\/\/staging.dyrsan.fr\/pt\/wp-json\/wp\/v2\/comments?post=65522"}],"version-history":[{"count":8,"href":"https:\/\/staging.dyrsan.fr\/pt\/wp-json\/wp\/v2\/product\/65522\/revisions"}],"predecessor-version":[{"id":74411,"href":"https:\/\/staging.dyrsan.fr\/pt\/wp-json\/wp\/v2\/product\/65522\/revisions\/74411"}],"wp:featuredmedia":[{"embeddable":true,"href":"https:\/\/staging.dyrsan.fr\/pt\/wp-json\/wp\/v2\/media\/61312"}],"wp:attachment":[{"href":"https:\/\/staging.dyrsan.fr\/pt\/wp-json\/wp\/v2\/media?parent=65522"}],"wp:term":[{"taxonomy":"product_brand","embeddable":true,"href":"https:\/\/staging.dyrsan.fr\/pt\/wp-json\/wp\/v2\/product_brand?post=65522"},{"taxonomy":"product_cat","embeddable":true,"href":"https:\/\/staging.dyrsan.fr\/pt\/wp-json\/wp\/v2\/product_cat?post=65522"},{"taxonomy":"product_tag","embeddable":true,"href":"https:\/\/staging.dyrsan.fr\/pt\/wp-json\/wp\/v2\/product_tag?post=65522"}],"curies":[{"name":"wp","href":"https:\/\/api.w.org\/{rel}","templated":true}]}}