{"id":65515,"date":"2025-08-29T20:31:59","date_gmt":"2025-08-29T20:31:59","guid":{"rendered":"https:\/\/www.2027.staging.dyrsan.fr\/?post_type=product&#038;p=65515"},"modified":"2026-04-14T10:21:40","modified_gmt":"2026-04-14T10:21:40","slug":"boucle-coeur-metal-argente","status":"publish","type":"product","link":"https:\/\/staging.dyrsan.fr\/pt\/shop\/boucle-coeur-metal-argente\/","title":{"rendered":"Fivela em forma de cora\u00e7\u00e3o prateada"},"content":{"rendered":"<p>Cette boucle c\u0153ur m\u00e9tal argent\u00e9 est un accessoire d\u00e9coratif grand format destin\u00e9 aux cr\u00e9ations textiles et baln\u00e9aires. Sa forme c\u0153ur apporte une touche graphique et \u00e9l\u00e9gante aux maillots de bain, v\u00eatements et accessoires.<\/p>\n<p>&nbsp;<\/p>\n<p><strong>Especifica\u00e7\u00f5es t\u00e9cnicas:<\/strong><\/p>\n<p>R\u00e9f\u00e9rence : DY8079<br \/>\nMaterial(is): Metal<br \/>\nCor: prata<br \/>\nTaille : 10 \u00d7 8 cm<br \/>\nPoids : 25 g<\/p>\n<p>&nbsp;<\/p>\n<p><strong>Carater\u00edsticas t\u00e9cnicas:<\/strong><br \/>\nResistente \u00e0 ferrugem<br \/>\nResistente \u00e0 \u00e1gua do mar e \u00e0 transpira\u00e7\u00e3o<br \/>\nN\u00e3o descolora<br \/>\nSem arestas vivas (n\u00e3o irritante)<br \/>\nElevada durabilidade (mesmo quando cosido ou exposto ao sol)<\/p>\n<p>Vendido em embalagens de 100 \/ Entrega em 15-20 dias<\/p>","protected":false},"excerpt":{"rendered":"<p>Cette boucle c\u0153ur m\u00e9tal argent\u00e9 est un accessoire d\u00e9coratif grand format destin\u00e9 aux cr\u00e9ations textiles et baln\u00e9aires. Sa forme c\u0153ur apporte une touche graphique et \u00e9l\u00e9gante aux maillots de bain, v\u00eatements et accessoires.<\/p>\n<p>&nbsp;<\/p>\n<p><strong>Especifica\u00e7\u00f5es t\u00e9cnicas:<\/strong><\/p>\n<p>R\u00e9f\u00e9rence : DY8079<br \/>\nMaterial(is): Metal<br \/>\nCor: prata<br \/>\nTaille : 10 \u00d7 8 cm<br \/>\nPoids : 25 g<\/p>\n<p>&nbsp;<\/p>\n<p><strong>Carater\u00edsticas t\u00e9cnicas:<\/strong><br \/>\nResistente \u00e0 ferrugem<br \/>\nResistente \u00e0 \u00e1gua do mar e \u00e0 transpira\u00e7\u00e3o<br \/>\nN\u00e3o descolora<br \/>\nSem arestas vivas (n\u00e3o irritante)<br \/>\nElevada durabilidade (mesmo quando cosido ou exposto ao sol)<\/p>\n<p>Vendido em embalagens de 100 \/ Entrega em 15-20 dias<\/p>","protected":false},"featured_media":61283,"comment_status":"closed","ping_status":"closed","template":"","meta":[],"product_brand":[],"product_cat":[140,148],"product_tag":[157,170],"class_list":{"0":"post-65515","1":"product","2":"type-product","3":"status-publish","4":"has-post-thumbnail","6":"product_cat-accessoires","7":"product_cat-boucles","8":"product_tag-boucle-connecteur","9":"product_tag-boucle-maillot-de-bain","10":"product_shipping_class-1-a-2kg","12":"first","13":"instock","14":"taxable","15":"shipping-taxable","16":"purchasable","17":"product-type-simple"},"_links":{"self":[{"href":"https:\/\/staging.dyrsan.fr\/pt\/wp-json\/wp\/v2\/product\/65515","targetHints":{"allow":["GET"]}}],"collection":[{"href":"https:\/\/staging.dyrsan.fr\/pt\/wp-json\/wp\/v2\/product"}],"about":[{"href":"https:\/\/staging.dyrsan.fr\/pt\/wp-json\/wp\/v2\/types\/product"}],"replies":[{"embeddable":true,"href":"https:\/\/staging.dyrsan.fr\/pt\/wp-json\/wp\/v2\/comments?post=65515"}],"version-history":[{"count":6,"href":"https:\/\/staging.dyrsan.fr\/pt\/wp-json\/wp\/v2\/product\/65515\/revisions"}],"predecessor-version":[{"id":76386,"href":"https:\/\/staging.dyrsan.fr\/pt\/wp-json\/wp\/v2\/product\/65515\/revisions\/76386"}],"wp:featuredmedia":[{"embeddable":true,"href":"https:\/\/staging.dyrsan.fr\/pt\/wp-json\/wp\/v2\/media\/61283"}],"wp:attachment":[{"href":"https:\/\/staging.dyrsan.fr\/pt\/wp-json\/wp\/v2\/media?parent=65515"}],"wp:term":[{"taxonomy":"product_brand","embeddable":true,"href":"https:\/\/staging.dyrsan.fr\/pt\/wp-json\/wp\/v2\/product_brand?post=65515"},{"taxonomy":"product_cat","embeddable":true,"href":"https:\/\/staging.dyrsan.fr\/pt\/wp-json\/wp\/v2\/product_cat?post=65515"},{"taxonomy":"product_tag","embeddable":true,"href":"https:\/\/staging.dyrsan.fr\/pt\/wp-json\/wp\/v2\/product_tag?post=65515"}],"curies":[{"name":"wp","href":"https:\/\/api.w.org\/{rel}","templated":true}]}}