{"id":65510,"date":"2025-08-29T20:31:59","date_gmt":"2025-08-29T20:31:59","guid":{"rendered":"https:\/\/www.2027.staging.dyrsan.fr\/?post_type=product&#038;p=65510"},"modified":"2026-04-14T10:31:26","modified_gmt":"2026-04-14T10:31:26","slug":"passant-detail-argent","status":"publish","type":"product","link":"https:\/\/staging.dyrsan.fr\/pt\/shop\/passant-detail-argent\/","title":{"rendered":"La\u00e7o com pormenor prateado"},"content":{"rendered":"<p>Ce passant d\u00e9tail argent est un accessoire m\u00e9tallique d\u00e9coratif con\u00e7u pour apporter une finition \u00e9l\u00e9gante et contemporaine aux cr\u00e9ations textiles. Son aspect lisse et brillant s\u2019int\u00e8gre parfaitement aux maillots de bain, lingerie et v\u00eatements haut de gamme.<\/p>\n<p>&nbsp;<\/p>\n<p><strong>Especifica\u00e7\u00f5es t\u00e9cnicas:<\/strong><\/p>\n<p>R\u00e9f\u00e9rence : DY8098<br \/>\nMaterial(is): Metal<br \/>\nCouleur : argent<br \/>\nFinition : argent brillant<\/p>","protected":false},"excerpt":{"rendered":"<p>Ce passant d\u00e9tail argent est un accessoire m\u00e9tallique d\u00e9coratif con\u00e7u pour apporter une finition \u00e9l\u00e9gante et contemporaine aux cr\u00e9ations textiles. Son aspect lisse et brillant s\u2019int\u00e8gre parfaitement aux maillots de bain, lingerie et v\u00eatements haut de gamme.<\/p>\n<p>&nbsp;<\/p>\n<p><strong>Especifica\u00e7\u00f5es t\u00e9cnicas:<\/strong><\/p>\n<p>R\u00e9f\u00e9rence : DY8098<br \/>\nMaterial(is): Metal<br \/>\nCouleur : argent<br \/>\nFinition : argent brillant<\/p>","protected":false},"featured_media":61257,"comment_status":"closed","ping_status":"closed","template":"","meta":[],"product_brand":[],"product_cat":[212,140],"product_tag":[374],"class_list":{"0":"post-65510","1":"product","2":"type-product","3":"status-publish","4":"has-post-thumbnail","6":"product_cat-passants","7":"product_cat-accessoires","8":"product_tag-passant","9":"product_shipping_class-1-a-2kg","11":"first","12":"instock","13":"taxable","14":"shipping-taxable","15":"purchasable","16":"product-type-simple"},"_links":{"self":[{"href":"https:\/\/staging.dyrsan.fr\/pt\/wp-json\/wp\/v2\/product\/65510","targetHints":{"allow":["GET"]}}],"collection":[{"href":"https:\/\/staging.dyrsan.fr\/pt\/wp-json\/wp\/v2\/product"}],"about":[{"href":"https:\/\/staging.dyrsan.fr\/pt\/wp-json\/wp\/v2\/types\/product"}],"replies":[{"embeddable":true,"href":"https:\/\/staging.dyrsan.fr\/pt\/wp-json\/wp\/v2\/comments?post=65510"}],"version-history":[{"count":5,"href":"https:\/\/staging.dyrsan.fr\/pt\/wp-json\/wp\/v2\/product\/65510\/revisions"}],"predecessor-version":[{"id":73535,"href":"https:\/\/staging.dyrsan.fr\/pt\/wp-json\/wp\/v2\/product\/65510\/revisions\/73535"}],"wp:featuredmedia":[{"embeddable":true,"href":"https:\/\/staging.dyrsan.fr\/pt\/wp-json\/wp\/v2\/media\/61257"}],"wp:attachment":[{"href":"https:\/\/staging.dyrsan.fr\/pt\/wp-json\/wp\/v2\/media?parent=65510"}],"wp:term":[{"taxonomy":"product_brand","embeddable":true,"href":"https:\/\/staging.dyrsan.fr\/pt\/wp-json\/wp\/v2\/product_brand?post=65510"},{"taxonomy":"product_cat","embeddable":true,"href":"https:\/\/staging.dyrsan.fr\/pt\/wp-json\/wp\/v2\/product_cat?post=65510"},{"taxonomy":"product_tag","embeddable":true,"href":"https:\/\/staging.dyrsan.fr\/pt\/wp-json\/wp\/v2\/product_tag?post=65510"}],"curies":[{"name":"wp","href":"https:\/\/api.w.org\/{rel}","templated":true}]}}