{"id":65505,"date":"2025-11-07T17:20:41","date_gmt":"2025-11-07T17:20:41","guid":{"rendered":"https:\/\/www.2027.staging.dyrsan.fr\/?post_type=product&#038;p=65505"},"modified":"2026-02-19T15:49:59","modified_gmt":"2026-02-19T15:49:59","slug":"tissu-maille-jacquard-a-rayures-ondulees-jaunes","status":"publish","type":"product","link":"https:\/\/staging.dyrsan.fr\/pt\/shop\/tissu-maille-jacquard-a-rayures-ondulees-jaunes\/","title":{"rendered":"Malha jacquard com riscas amarelas onduladas"},"content":{"rendered":"<p>Tecido de malha jacquard com riscas amarelas onduladas, relevo regular e aspeto estruturado. Esta malha jacquard tem uma textura visual pronunciada e uma elasticidade vis\u00edvel.<\/p>\n<p>&nbsp;<\/p>\n<p><strong>Especifica\u00e7\u00f5es t\u00e9cnicas:<\/strong><br \/>\nN\u00famero de cat\u00e1logo: DY2590<br \/>\nComposi\u00e7\u00e3o: 88% Nylon, 12%Spandex<br \/>\nPeso: 195g\/M2<br \/>\nLargura: 135 cm<br \/>\nCor: amarelo<br \/>\nAspeto: riscas onduladas e texturadas<br \/>\nPropriedades: el\u00e1stico<\/p>\n<p><b style=\"font-family: wash;font-size: 30px\"><img class=\"alignnone wp-image-67583\" src=\"https:\/\/staging.dyrsan.fr\/wp-content\/uploads\/2025\/08\/instru-1.jpeg\" alt=\"\" width=\"153\" height=\"42\" loading=\"lazy\" decoding=\"async\" title=\"\" srcset=\"https:\/\/staging.dyrsan.fr\/wp-content\/uploads\/2025\/08\/instru-1.jpeg 698w, https:\/\/staging.dyrsan.fr\/wp-content\/uploads\/2025\/08\/instru-1-18x5.jpeg 18w\" sizes=\"auto, (max-width: 153px) 100vw, 153px\" \/><\/b><\/p>","protected":false},"excerpt":{"rendered":"<p>Tecido de malha jacquard com riscas amarelas onduladas, relevo regular e aspeto estruturado. Esta malha jacquard tem uma textura visual pronunciada e uma elasticidade vis\u00edvel.<\/p>\n<p>&nbsp;<\/p>\n<p><strong>Especifica\u00e7\u00f5es t\u00e9cnicas:<\/strong><br \/>\nN\u00famero de cat\u00e1logo: DY2590<br \/>\nComposi\u00e7\u00e3o: 88% Nylon, 12%Spandex<br \/>\nPeso: 195g\/M2<br \/>\nLargura: 135 cm<br \/>\nCor: amarelo<br \/>\nAspeto: riscas onduladas e texturadas<br \/>\nPropriedades: el\u00e1stico<\/p>\n<p><b style=\"font-family: wash;font-size: 30px\"><img loading=\"lazy\" decoding=\"async\" class=\"alignnone wp-image-67583\" src=\"https:\/\/staging.dyrsan.fr\/wp-content\/uploads\/2025\/08\/instru-1.jpeg\" alt=\"\" width=\"153\" height=\"42\" srcset=\"https:\/\/staging.dyrsan.fr\/wp-content\/uploads\/2025\/08\/instru-1.jpeg 698w, https:\/\/staging.dyrsan.fr\/wp-content\/uploads\/2025\/08\/instru-1-18x5.jpeg 18w\" sizes=\"auto, (max-width: 153px) 100vw, 153px\" \/><\/b><\/p>","protected":false},"featured_media":61235,"comment_status":"closed","ping_status":"closed","template":"","meta":[],"product_brand":[370],"product_cat":[150,180,213],"product_tag":[181,225,154],"class_list":{"0":"post-65505","1":"product","2":"type-product","3":"status-publish","4":"has-post-thumbnail","6":"product_brand-dyrsan","7":"product_cat-tissus","8":"product_cat-tissus-mailles-jacquard","9":"product_cat-tissus-textures","10":"product_tag-maille-jacquard","11":"product_tag-tissus-jacquard","12":"product_tag-tissus-maillot-de-bain","14":"first","15":"instock","16":"taxable","17":"shipping-taxable","18":"purchasable","19":"product-type-variable"},"_links":{"self":[{"href":"https:\/\/staging.dyrsan.fr\/pt\/wp-json\/wp\/v2\/product\/65505","targetHints":{"allow":["GET"]}}],"collection":[{"href":"https:\/\/staging.dyrsan.fr\/pt\/wp-json\/wp\/v2\/product"}],"about":[{"href":"https:\/\/staging.dyrsan.fr\/pt\/wp-json\/wp\/v2\/types\/product"}],"replies":[{"embeddable":true,"href":"https:\/\/staging.dyrsan.fr\/pt\/wp-json\/wp\/v2\/comments?post=65505"}],"version-history":[{"count":7,"href":"https:\/\/staging.dyrsan.fr\/pt\/wp-json\/wp\/v2\/product\/65505\/revisions"}],"predecessor-version":[{"id":73254,"href":"https:\/\/staging.dyrsan.fr\/pt\/wp-json\/wp\/v2\/product\/65505\/revisions\/73254"}],"wp:featuredmedia":[{"embeddable":true,"href":"https:\/\/staging.dyrsan.fr\/pt\/wp-json\/wp\/v2\/media\/61235"}],"wp:attachment":[{"href":"https:\/\/staging.dyrsan.fr\/pt\/wp-json\/wp\/v2\/media?parent=65505"}],"wp:term":[{"taxonomy":"product_brand","embeddable":true,"href":"https:\/\/staging.dyrsan.fr\/pt\/wp-json\/wp\/v2\/product_brand?post=65505"},{"taxonomy":"product_cat","embeddable":true,"href":"https:\/\/staging.dyrsan.fr\/pt\/wp-json\/wp\/v2\/product_cat?post=65505"},{"taxonomy":"product_tag","embeddable":true,"href":"https:\/\/staging.dyrsan.fr\/pt\/wp-json\/wp\/v2\/product_tag?post=65505"}],"curies":[{"name":"wp","href":"https:\/\/api.w.org\/{rel}","templated":true}]}}