{"id":65502,"date":"2025-08-29T20:31:59","date_gmt":"2025-08-29T20:31:59","guid":{"rendered":"https:\/\/www.2027.staging.dyrsan.fr\/?post_type=product&#038;p=65502"},"modified":"2026-04-14T10:18:10","modified_gmt":"2026-04-14T10:18:10","slug":"tissu-maille-jacquard-motif-leopard","status":"publish","type":"product","link":"https:\/\/staging.dyrsan.fr\/pt\/shop\/tissu-maille-jacquard-motif-leopard\/","title":{"rendered":"Tecido de malha jacquard leopardo"},"content":{"rendered":"<p>Malha el\u00e1stica e texturizada em jacquard de leopardo. Este tecido jacquard com padr\u00e3o animal \u00e9 ideal para fatos de banho, roupa de praia e cria\u00e7\u00f5es de moda, oferecendo um aspeto gr\u00e1fico moderno e um excelente conforto.<\/p>\n<p>&nbsp;<\/p>\n<p><strong>Especifica\u00e7\u00f5es t\u00e9cnicas:<\/strong><br \/>\nN\u00famero de cat\u00e1logo: DY2506<br \/>\nComposi\u00e7\u00e3o: 60 nylon %, 3 poli\u00e9ster %, 4 elastano %<br \/>\nPeso: 200 g\/m\u00b2.<br \/>\nLargura: 155 cm<br \/>\nCor: estampa de leopardo<br \/>\nAspeto: malha jacquard texturada com padr\u00e3o de leopardo<br \/>\nPropriedades: el\u00e1stico, flex\u00edvel, confort\u00e1vel, resistente<br \/>\nUtiliza\u00e7\u00e3o: fatos de banho, roupa de praia, lingerie, vestu\u00e1rio de moda, pe\u00e7as el\u00e1sticas<br \/>\nPre\u00e7o de orienta\u00e7\u00e3o: 23,60 euros \/ m<\/p>\n<p style=\"font-family: wash;font-size: 30px\"><b style=\"font-family: wash;font-size: 30px\"><img class=\"alignnone wp-image-67583\" src=\"https:\/\/staging.dyrsan.fr\/wp-content\/uploads\/2025\/08\/instru-1.jpeg\" alt=\"\" width=\"153\" height=\"42\" loading=\"lazy\" decoding=\"async\" title=\"\" srcset=\"https:\/\/staging.dyrsan.fr\/wp-content\/uploads\/2025\/08\/instru-1.jpeg 698w, https:\/\/staging.dyrsan.fr\/wp-content\/uploads\/2025\/08\/instru-1-18x5.jpeg 18w\" sizes=\"auto, (max-width: 153px) 100vw, 153px\" \/><\/b><\/p>","protected":false},"excerpt":{"rendered":"<p>Malha el\u00e1stica e texturizada em jacquard de leopardo. Este tecido jacquard com padr\u00e3o animal \u00e9 ideal para fatos de banho, roupa de praia e cria\u00e7\u00f5es de moda, oferecendo um aspeto gr\u00e1fico moderno e um excelente conforto.<\/p>\n<p>&nbsp;<\/p>\n<p><strong>Especifica\u00e7\u00f5es t\u00e9cnicas:<\/strong><br \/>\nN\u00famero de cat\u00e1logo: DY2506<br \/>\nComposi\u00e7\u00e3o: 60 nylon %, 3 poli\u00e9ster %, 4 elastano %<br \/>\nPeso: 200 g\/m\u00b2.<br \/>\nLargura: 155 cm<br \/>\nCor: estampa de leopardo<br \/>\nAspeto: malha jacquard texturada com padr\u00e3o de leopardo<br \/>\nPropriedades: el\u00e1stico, flex\u00edvel, confort\u00e1vel, resistente<br \/>\nUtiliza\u00e7\u00e3o: fatos de banho, roupa de praia, lingerie, vestu\u00e1rio de moda, pe\u00e7as el\u00e1sticas<br \/>\nPre\u00e7o de orienta\u00e7\u00e3o: 23,60 euros \/ m<\/p>\n<p style=\"font-family: wash;font-size: 30px\"><b style=\"font-family: wash;font-size: 30px\"><img loading=\"lazy\" decoding=\"async\" class=\"alignnone wp-image-67583\" src=\"https:\/\/staging.dyrsan.fr\/wp-content\/uploads\/2025\/08\/instru-1.jpeg\" alt=\"\" width=\"153\" height=\"42\" srcset=\"https:\/\/staging.dyrsan.fr\/wp-content\/uploads\/2025\/08\/instru-1.jpeg 698w, https:\/\/staging.dyrsan.fr\/wp-content\/uploads\/2025\/08\/instru-1-18x5.jpeg 18w\" sizes=\"auto, (max-width: 153px) 100vw, 153px\" \/><\/b><\/p>","protected":false},"featured_media":61219,"comment_status":"open","ping_status":"closed","template":"","meta":[],"product_brand":[370],"product_cat":[210,150,180,213],"product_tag":[222,154],"class_list":{"0":"post-65502","1":"product","2":"type-product","3":"status-publish","4":"has-post-thumbnail","6":"product_brand-dyrsan","7":"product_cat-tissus-imprimes-motifs-animaux","8":"product_cat-tissus","9":"product_cat-tissus-mailles-jacquard","10":"product_cat-tissus-textures","11":"product_tag-motifs-animaux","12":"product_tag-tissus-maillot-de-bain","14":"first","15":"instock","16":"taxable","17":"shipping-taxable","18":"purchasable","19":"product-type-variable","20":"has-default-attributes"},"_links":{"self":[{"href":"https:\/\/staging.dyrsan.fr\/pt\/wp-json\/wp\/v2\/product\/65502","targetHints":{"allow":["GET"]}}],"collection":[{"href":"https:\/\/staging.dyrsan.fr\/pt\/wp-json\/wp\/v2\/product"}],"about":[{"href":"https:\/\/staging.dyrsan.fr\/pt\/wp-json\/wp\/v2\/types\/product"}],"replies":[{"embeddable":true,"href":"https:\/\/staging.dyrsan.fr\/pt\/wp-json\/wp\/v2\/comments?post=65502"}],"version-history":[{"count":5,"href":"https:\/\/staging.dyrsan.fr\/pt\/wp-json\/wp\/v2\/product\/65502\/revisions"}],"predecessor-version":[{"id":73343,"href":"https:\/\/staging.dyrsan.fr\/pt\/wp-json\/wp\/v2\/product\/65502\/revisions\/73343"}],"wp:featuredmedia":[{"embeddable":true,"href":"https:\/\/staging.dyrsan.fr\/pt\/wp-json\/wp\/v2\/media\/61219"}],"wp:attachment":[{"href":"https:\/\/staging.dyrsan.fr\/pt\/wp-json\/wp\/v2\/media?parent=65502"}],"wp:term":[{"taxonomy":"product_brand","embeddable":true,"href":"https:\/\/staging.dyrsan.fr\/pt\/wp-json\/wp\/v2\/product_brand?post=65502"},{"taxonomy":"product_cat","embeddable":true,"href":"https:\/\/staging.dyrsan.fr\/pt\/wp-json\/wp\/v2\/product_cat?post=65502"},{"taxonomy":"product_tag","embeddable":true,"href":"https:\/\/staging.dyrsan.fr\/pt\/wp-json\/wp\/v2\/product_tag?post=65502"}],"curies":[{"name":"wp","href":"https:\/\/api.w.org\/{rel}","templated":true}]}}