{"id":65500,"date":"2025-11-07T17:20:39","date_gmt":"2025-11-07T17:20:39","guid":{"rendered":"https:\/\/www.2027.staging.dyrsan.fr\/?post_type=product&#038;p=65500"},"modified":"2026-04-14T10:17:58","modified_gmt":"2026-04-14T10:17:58","slug":"tissu-en-maille-jacquard-lurex-rose-clair","status":"publish","type":"product","link":"https:\/\/staging.dyrsan.fr\/pt\/shop\/tissu-en-maille-jacquard-lurex-rose-clair\/","title":{"rendered":"Tecido jacquard lurex em rosa claro"},"content":{"rendered":"<p>Tissu en maille jacquard lurex rose clair \u00e0 l\u2019aspect brillant. Ce tissu lurex rose clair est certifi\u00e9 Oeko-Tex et adapt\u00e9 \u00e0 la confection de maillots de bain raffin\u00e9s.<\/p>\n<p>&nbsp;<\/p>\n<p><strong>Caract\u00e9ristiques:<\/strong><br \/>\nR\u00e9f\u00e9rence : DY2502<br \/>\nComposition : 82 % nylon, 8 % spandex<br \/>\nPeso: 200 g\/m\u00b2.<br \/>\nLargura: 155 cm<br \/>\nCouleur : rose clair<br \/>\nCertifica\u00e7\u00e3o: Oeko-Tex<br \/>\nUtiliza\u00e7\u00e3o: fatos de banho<\/p>\n<p><b style=\"font-family: wash;font-size: 30px\"><img class=\"alignnone wp-image-67583\" src=\"https:\/\/staging.dyrsan.fr\/wp-content\/uploads\/2025\/08\/instru-1.jpeg\" alt=\"\" width=\"153\" height=\"42\" loading=\"lazy\" decoding=\"async\" title=\"\" srcset=\"https:\/\/staging.dyrsan.fr\/wp-content\/uploads\/2025\/08\/instru-1.jpeg 698w, https:\/\/staging.dyrsan.fr\/wp-content\/uploads\/2025\/08\/instru-1-18x5.jpeg 18w\" sizes=\"auto, (max-width: 153px) 100vw, 153px\" \/><\/b><\/p>\n<p>&nbsp;<\/p>","protected":false},"excerpt":{"rendered":"<p>Tissu en maille jacquard lurex rose clair \u00e0 l\u2019aspect brillant. Ce tissu lurex rose clair est certifi\u00e9 Oeko-Tex et adapt\u00e9 \u00e0 la confection de maillots de bain raffin\u00e9s.<\/p>\n<p>&nbsp;<\/p>\n<p><strong>Caract\u00e9ristiques:<\/strong><br \/>\nR\u00e9f\u00e9rence : DY2502<br \/>\nComposition : 82 % nylon, 8 % spandex<br \/>\nPeso: 200 g\/m\u00b2.<br \/>\nLargura: 155 cm<br \/>\nCouleur : rose clair<br \/>\nCertifica\u00e7\u00e3o: Oeko-Tex<br \/>\nUtiliza\u00e7\u00e3o: fatos de banho<\/p>\n<p><b style=\"font-family: wash;font-size: 30px\"><img loading=\"lazy\" decoding=\"async\" class=\"alignnone wp-image-67583\" src=\"https:\/\/staging.dyrsan.fr\/wp-content\/uploads\/2025\/08\/instru-1.jpeg\" alt=\"\" width=\"153\" height=\"42\" srcset=\"https:\/\/staging.dyrsan.fr\/wp-content\/uploads\/2025\/08\/instru-1.jpeg 698w, https:\/\/staging.dyrsan.fr\/wp-content\/uploads\/2025\/08\/instru-1-18x5.jpeg 18w\" sizes=\"auto, (max-width: 153px) 100vw, 153px\" \/><\/b><\/p>","protected":false},"featured_media":61211,"comment_status":"closed","ping_status":"closed","template":"","meta":[],"product_brand":[370],"product_cat":[150,251,193,180],"product_tag":[194,215,154],"class_list":{"0":"post-65500","1":"product","2":"type-product","3":"status-publish","4":"has-post-thumbnail","6":"product_brand-dyrsan","7":"product_cat-tissus","8":"product_cat-tissus-jersey","9":"product_cat-tissus-lurex-brillants","10":"product_cat-tissus-mailles-jacquard","11":"product_tag-tissu-brillant","12":"product_tag-tissu-oeko-tex","13":"product_tag-tissus-maillot-de-bain","15":"first","16":"instock","17":"taxable","18":"shipping-taxable","19":"purchasable","20":"product-type-variable","21":"has-default-attributes"},"_links":{"self":[{"href":"https:\/\/staging.dyrsan.fr\/pt\/wp-json\/wp\/v2\/product\/65500","targetHints":{"allow":["GET"]}}],"collection":[{"href":"https:\/\/staging.dyrsan.fr\/pt\/wp-json\/wp\/v2\/product"}],"about":[{"href":"https:\/\/staging.dyrsan.fr\/pt\/wp-json\/wp\/v2\/types\/product"}],"replies":[{"embeddable":true,"href":"https:\/\/staging.dyrsan.fr\/pt\/wp-json\/wp\/v2\/comments?post=65500"}],"version-history":[{"count":8,"href":"https:\/\/staging.dyrsan.fr\/pt\/wp-json\/wp\/v2\/product\/65500\/revisions"}],"predecessor-version":[{"id":74412,"href":"https:\/\/staging.dyrsan.fr\/pt\/wp-json\/wp\/v2\/product\/65500\/revisions\/74412"}],"wp:featuredmedia":[{"embeddable":true,"href":"https:\/\/staging.dyrsan.fr\/pt\/wp-json\/wp\/v2\/media\/61211"}],"wp:attachment":[{"href":"https:\/\/staging.dyrsan.fr\/pt\/wp-json\/wp\/v2\/media?parent=65500"}],"wp:term":[{"taxonomy":"product_brand","embeddable":true,"href":"https:\/\/staging.dyrsan.fr\/pt\/wp-json\/wp\/v2\/product_brand?post=65500"},{"taxonomy":"product_cat","embeddable":true,"href":"https:\/\/staging.dyrsan.fr\/pt\/wp-json\/wp\/v2\/product_cat?post=65500"},{"taxonomy":"product_tag","embeddable":true,"href":"https:\/\/staging.dyrsan.fr\/pt\/wp-json\/wp\/v2\/product_tag?post=65500"}],"curies":[{"name":"wp","href":"https:\/\/api.w.org\/{rel}","templated":true}]}}