{"id":65472,"date":"2025-11-07T17:20:36","date_gmt":"2025-11-07T17:20:36","guid":{"rendered":"https:\/\/www.2027.staging.dyrsan.fr\/?post_type=product&#038;p=65472"},"modified":"2026-04-14T10:19:54","modified_gmt":"2026-04-14T10:19:54","slug":"tissu-en-eponge-epais-tropical-tree","status":"publish","type":"product","link":"https:\/\/staging.dyrsan.fr\/pt\/shop\/tissu-en-eponge-epais-tropical-tree\/","title":{"rendered":"Tecido felpudo espesso Tropical Tree"},"content":{"rendered":"<p>Tissu en \u00e9ponge \u00e9pais Tropical Tree \u00e0 la texture marqu\u00e9e et extensible. Ce tissu \u00e9ponge \u00e9pais Tropical Tree pr\u00e9sente un grammage \u00e9lev\u00e9 de 400 g\/m\u00b2 et convient \u00e0 des cr\u00e9ations n\u00e9cessitant tenue et confort.<\/p>\n<p>&nbsp;<\/p>\n<p><strong>Especifica\u00e7\u00f5es t\u00e9cnicas:<\/strong><br \/>\nR\u00e9f\u00e9rence : DY3463-TR<br \/>\nComposition : 82 % fibre de viscose, 12 % polyester, 6 % spandex<br \/>\nPeso: 400 g\/m\u00b2.<br \/>\nLargeur : 80 cm<br \/>\nCor: pode ser personalizada de acordo com o c\u00f3digo Pantone<\/p>\n<p><b style=\"font-family: wash;font-size: 30px\"><img class=\"alignnone wp-image-67583\" src=\"https:\/\/staging.dyrsan.fr\/wp-content\/uploads\/2025\/08\/instru-1.jpeg\" alt=\"\" width=\"153\" height=\"42\" loading=\"lazy\" decoding=\"async\" title=\"\" srcset=\"https:\/\/staging.dyrsan.fr\/wp-content\/uploads\/2025\/08\/instru-1.jpeg 698w, https:\/\/staging.dyrsan.fr\/wp-content\/uploads\/2025\/08\/instru-1-18x5.jpeg 18w\" sizes=\"auto, (max-width: 153px) 100vw, 153px\" \/><\/b><\/p>","protected":false},"excerpt":{"rendered":"<p>Tissu en \u00e9ponge \u00e9pais Tropical Tree \u00e0 la texture marqu\u00e9e et extensible. Ce tissu \u00e9ponge \u00e9pais Tropical Tree pr\u00e9sente un grammage \u00e9lev\u00e9 de 400 g\/m\u00b2 et convient \u00e0 des cr\u00e9ations n\u00e9cessitant tenue et confort.<\/p>\n<p>&nbsp;<\/p>\n<p><strong>Especifica\u00e7\u00f5es t\u00e9cnicas:<\/strong><br \/>\nR\u00e9f\u00e9rence : DY3463-TR<br \/>\nComposition : 82 % fibre de viscose, 12 % polyester, 6 % spandex<br \/>\nPeso: 400 g\/m\u00b2.<br \/>\nLargeur : 80 cm<br \/>\nCor: pode ser personalizada de acordo com o c\u00f3digo Pantone<\/p>\n<p><b style=\"font-family: wash;font-size: 30px\"><img loading=\"lazy\" decoding=\"async\" class=\"alignnone wp-image-67583\" src=\"https:\/\/staging.dyrsan.fr\/wp-content\/uploads\/2025\/08\/instru-1.jpeg\" alt=\"\" width=\"153\" height=\"42\" srcset=\"https:\/\/staging.dyrsan.fr\/wp-content\/uploads\/2025\/08\/instru-1.jpeg 698w, https:\/\/staging.dyrsan.fr\/wp-content\/uploads\/2025\/08\/instru-1-18x5.jpeg 18w\" sizes=\"auto, (max-width: 153px) 100vw, 153px\" \/><\/b><\/p>","protected":false},"featured_media":61178,"comment_status":"closed","ping_status":"closed","template":"","meta":[],"product_brand":[370],"product_cat":[150,232,180,213],"product_tag":[181,218,189],"class_list":{"0":"post-65472","1":"product","2":"type-product","3":"status-publish","4":"has-post-thumbnail","6":"product_brand-dyrsan","7":"product_cat-tissus","8":"product_cat-tissus-eponges","9":"product_cat-tissus-mailles-jacquard","10":"product_cat-tissus-textures","11":"product_tag-maille-jacquard","12":"product_tag-tissu-inspirations-naturelles","13":"product_tag-tissu-texture","15":"first","16":"instock","17":"taxable","18":"shipping-taxable","19":"purchasable","20":"product-type-variable","21":"has-default-attributes"},"_links":{"self":[{"href":"https:\/\/staging.dyrsan.fr\/pt\/wp-json\/wp\/v2\/product\/65472","targetHints":{"allow":["GET"]}}],"collection":[{"href":"https:\/\/staging.dyrsan.fr\/pt\/wp-json\/wp\/v2\/product"}],"about":[{"href":"https:\/\/staging.dyrsan.fr\/pt\/wp-json\/wp\/v2\/types\/product"}],"replies":[{"embeddable":true,"href":"https:\/\/staging.dyrsan.fr\/pt\/wp-json\/wp\/v2\/comments?post=65472"}],"version-history":[{"count":6,"href":"https:\/\/staging.dyrsan.fr\/pt\/wp-json\/wp\/v2\/product\/65472\/revisions"}],"predecessor-version":[{"id":74416,"href":"https:\/\/staging.dyrsan.fr\/pt\/wp-json\/wp\/v2\/product\/65472\/revisions\/74416"}],"wp:featuredmedia":[{"embeddable":true,"href":"https:\/\/staging.dyrsan.fr\/pt\/wp-json\/wp\/v2\/media\/61178"}],"wp:attachment":[{"href":"https:\/\/staging.dyrsan.fr\/pt\/wp-json\/wp\/v2\/media?parent=65472"}],"wp:term":[{"taxonomy":"product_brand","embeddable":true,"href":"https:\/\/staging.dyrsan.fr\/pt\/wp-json\/wp\/v2\/product_brand?post=65472"},{"taxonomy":"product_cat","embeddable":true,"href":"https:\/\/staging.dyrsan.fr\/pt\/wp-json\/wp\/v2\/product_cat?post=65472"},{"taxonomy":"product_tag","embeddable":true,"href":"https:\/\/staging.dyrsan.fr\/pt\/wp-json\/wp\/v2\/product_tag?post=65472"}],"curies":[{"name":"wp","href":"https:\/\/api.w.org\/{rel}","templated":true}]}}