{"id":65471,"date":"2025-08-29T20:31:52","date_gmt":"2025-08-29T20:31:52","guid":{"rendered":"https:\/\/www.2027.staging.dyrsan.fr\/?post_type=product&#038;p=65471"},"modified":"2026-04-14T10:18:05","modified_gmt":"2026-04-14T10:18:05","slug":"tissu-en-jacquard-epais-extensible-texture-blanc-a-motif-zebre","status":"publish","type":"product","link":"https:\/\/staging.dyrsan.fr\/pt\/shop\/tissu-en-jacquard-epais-extensible-texture-blanc-a-motif-zebre\/","title":{"rendered":"Tecido jacquard el\u00e1stico texturizado branco com padr\u00e3o de zebra"},"content":{"rendered":"<p>Tecido jacquard el\u00e1stico espesso texturizado branco com padr\u00e3o de zebra, com relevo pronunciado e gramagem elevada. Este tecido jacquard el\u00e1stico espesso \u00e9 ideal para fatos de banho estruturados, fatos de banho premium e pe\u00e7as de moda que exijam suporte e textura.<\/p>\n<p>&nbsp;<\/p>\n<p><strong>Especifica\u00e7\u00f5es t\u00e9cnicas:<\/strong><br \/>\nN\u00famero de cat\u00e1logo: DY2505<br \/>\nComposi\u00e7\u00e3o: 95 % poli\u00e9ster, 5 % spandex<br \/>\nPeso: 320 g\/m\u00b2.<br \/>\nLargura: 115 cm<br \/>\nAspeto: jacquard de textura espessa com padr\u00e3o de zebra em relevo<br \/>\nPropriedades: el\u00e1stico, espesso, estruturado, resistente, confort\u00e1vel<br \/>\nUtiliza\u00e7\u00e3o: fatos de banho, roupa de praia, vestu\u00e1rio estruturado, pe\u00e7as de moda com textura<br \/>\nPre\u00e7o de orienta\u00e7\u00e3o: 26,80 euros \/ m<br \/>\nOrigem: fora da Uni\u00e3o Europeia<\/p>\n<p><b style=\"font-family: wash;font-size: 30px\"><img class=\"alignnone wp-image-67583\" src=\"https:\/\/staging.dyrsan.fr\/wp-content\/uploads\/2025\/08\/instru-1.jpeg\" alt=\"\" width=\"153\" height=\"42\" loading=\"lazy\" decoding=\"async\" title=\"\" srcset=\"https:\/\/staging.dyrsan.fr\/wp-content\/uploads\/2025\/08\/instru-1.jpeg 698w, https:\/\/staging.dyrsan.fr\/wp-content\/uploads\/2025\/08\/instru-1-18x5.jpeg 18w\" sizes=\"auto, (max-width: 153px) 100vw, 153px\" \/><\/b><\/p>","protected":false},"excerpt":{"rendered":"<p>Tecido jacquard el\u00e1stico espesso texturizado branco com padr\u00e3o de zebra, com relevo pronunciado e gramagem elevada. Este tecido jacquard el\u00e1stico espesso \u00e9 ideal para fatos de banho estruturados, fatos de banho premium e pe\u00e7as de moda que exijam suporte e textura.<\/p>\n<p>&nbsp;<\/p>\n<p><strong>Especifica\u00e7\u00f5es t\u00e9cnicas:<\/strong><br \/>\nN\u00famero de cat\u00e1logo: DY2505<br \/>\nComposi\u00e7\u00e3o: 95 % poli\u00e9ster, 5 % spandex<br \/>\nPeso: 320 g\/m\u00b2.<br \/>\nLargura: 115 cm<br \/>\nAspeto: jacquard de textura espessa com padr\u00e3o de zebra em relevo<br \/>\nPropriedades: el\u00e1stico, espesso, estruturado, resistente, confort\u00e1vel<br \/>\nUtiliza\u00e7\u00e3o: fatos de banho, roupa de praia, vestu\u00e1rio estruturado, pe\u00e7as de moda com textura<br \/>\nPre\u00e7o de orienta\u00e7\u00e3o: 26,80 euros \/ m<br \/>\nOrigem: fora da Uni\u00e3o Europeia<\/p>\n<p><b style=\"font-family: wash;font-size: 30px\"><img loading=\"lazy\" decoding=\"async\" class=\"alignnone wp-image-67583\" src=\"https:\/\/staging.dyrsan.fr\/wp-content\/uploads\/2025\/08\/instru-1.jpeg\" alt=\"\" width=\"153\" height=\"42\" srcset=\"https:\/\/staging.dyrsan.fr\/wp-content\/uploads\/2025\/08\/instru-1.jpeg 698w, https:\/\/staging.dyrsan.fr\/wp-content\/uploads\/2025\/08\/instru-1-18x5.jpeg 18w\" sizes=\"auto, (max-width: 153px) 100vw, 153px\" \/><\/b><\/p>","protected":false},"featured_media":61171,"comment_status":"closed","ping_status":"closed","template":"","meta":[],"product_brand":[370],"product_cat":[210,150,180],"product_tag":[154],"class_list":{"0":"post-65471","1":"product","2":"type-product","3":"status-publish","4":"has-post-thumbnail","6":"product_brand-dyrsan","7":"product_cat-tissus-imprimes-motifs-animaux","8":"product_cat-tissus","9":"product_cat-tissus-mailles-jacquard","10":"product_tag-tissus-maillot-de-bain","12":"first","13":"instock","14":"taxable","15":"shipping-taxable","16":"purchasable","17":"product-type-variable","18":"has-default-attributes"},"_links":{"self":[{"href":"https:\/\/staging.dyrsan.fr\/pt\/wp-json\/wp\/v2\/product\/65471","targetHints":{"allow":["GET"]}}],"collection":[{"href":"https:\/\/staging.dyrsan.fr\/pt\/wp-json\/wp\/v2\/product"}],"about":[{"href":"https:\/\/staging.dyrsan.fr\/pt\/wp-json\/wp\/v2\/types\/product"}],"replies":[{"embeddable":true,"href":"https:\/\/staging.dyrsan.fr\/pt\/wp-json\/wp\/v2\/comments?post=65471"}],"version-history":[{"count":10,"href":"https:\/\/staging.dyrsan.fr\/pt\/wp-json\/wp\/v2\/product\/65471\/revisions"}],"predecessor-version":[{"id":73355,"href":"https:\/\/staging.dyrsan.fr\/pt\/wp-json\/wp\/v2\/product\/65471\/revisions\/73355"}],"wp:featuredmedia":[{"embeddable":true,"href":"https:\/\/staging.dyrsan.fr\/pt\/wp-json\/wp\/v2\/media\/61171"}],"wp:attachment":[{"href":"https:\/\/staging.dyrsan.fr\/pt\/wp-json\/wp\/v2\/media?parent=65471"}],"wp:term":[{"taxonomy":"product_brand","embeddable":true,"href":"https:\/\/staging.dyrsan.fr\/pt\/wp-json\/wp\/v2\/product_brand?post=65471"},{"taxonomy":"product_cat","embeddable":true,"href":"https:\/\/staging.dyrsan.fr\/pt\/wp-json\/wp\/v2\/product_cat?post=65471"},{"taxonomy":"product_tag","embeddable":true,"href":"https:\/\/staging.dyrsan.fr\/pt\/wp-json\/wp\/v2\/product_tag?post=65471"}],"curies":[{"name":"wp","href":"https:\/\/api.w.org\/{rel}","templated":true}]}}