{"id":65467,"date":"2025-10-07T17:20:34","date_gmt":"2025-10-07T17:20:34","guid":{"rendered":"https:\/\/www.2027.staging.dyrsan.fr\/?post_type=product&#038;p=65467"},"modified":"2026-04-14T10:19:59","modified_gmt":"2026-04-14T10:19:59","slug":"tissu-en-maille-jacquard-maillot-de-bain-texture","status":"publish","type":"product","link":"https:\/\/staging.dyrsan.fr\/pt\/shop\/tissu-en-maille-jacquard-maillot-de-bain-texture\/","title":{"rendered":"Fato de banho em tecido jacquard texturado"},"content":{"rendered":"<p>Malha de fato de banho em jacquard el\u00e1stica, texturada e com certifica\u00e7\u00e3o OEKO-TEX\u00ae. Este tecido de malha jacquard pode ser personalizado com c\u00f3digos Pantone e \u00e9 ideal para fatos de banho e vestu\u00e1rio t\u00e9cnico.<\/p>\n<p>&nbsp;<\/p>\n<p><strong>Especifica\u00e7\u00f5es t\u00e9cnicas:<\/strong><br \/>\nRefer\u00eancia : DY1086-TR<br \/>\nComposi\u00e7\u00e3o: 93 % poli\u00e9ster, 7 % elastano<br \/>\nPeso: 290 g\/m\u00b2.<br \/>\nLargura: 130 cm<br \/>\nCor: pode ser personalizada de acordo com o c\u00f3digo Pantone<br \/>\nCertifica\u00e7\u00e3o: OEKO-TEX<br \/>\nAspeto: texturizado, jacquard<br \/>\nPropriedades: elasticidade, apoio, resist\u00eancia<br \/>\nUtiliza\u00e7\u00e3o: fatos de banho, roupa de desporto, roupa de praia<br \/>\nPre\u00e7o de orienta\u00e7\u00e3o: 23,40 euros<\/p>\n<p><b style=\"font-family: wash;font-size: 30px\"><img class=\"alignnone wp-image-67583\" src=\"https:\/\/staging.dyrsan.fr\/wp-content\/uploads\/2025\/08\/instru-1.jpeg\" alt=\"\" width=\"153\" height=\"42\" loading=\"lazy\" decoding=\"async\" title=\"\" srcset=\"https:\/\/staging.dyrsan.fr\/wp-content\/uploads\/2025\/08\/instru-1.jpeg 698w, https:\/\/staging.dyrsan.fr\/wp-content\/uploads\/2025\/08\/instru-1-18x5.jpeg 18w\" sizes=\"auto, (max-width: 153px) 100vw, 153px\" \/><\/b><\/p>","protected":false},"excerpt":{"rendered":"<p>Malha de fato de banho em jacquard el\u00e1stica, texturada e com certifica\u00e7\u00e3o OEKO-TEX\u00ae. Este tecido de malha jacquard pode ser personalizado com c\u00f3digos Pantone e \u00e9 ideal para fatos de banho e vestu\u00e1rio t\u00e9cnico.<\/p>\n<p>&nbsp;<\/p>\n<p><strong>Especifica\u00e7\u00f5es t\u00e9cnicas:<\/strong><br \/>\nRefer\u00eancia : DY1086-TR<br \/>\nComposi\u00e7\u00e3o: 93 % poli\u00e9ster, 7 % elastano<br \/>\nPeso: 290 g\/m\u00b2.<br \/>\nLargura: 130 cm<br \/>\nCor: pode ser personalizada de acordo com o c\u00f3digo Pantone<br \/>\nCertifica\u00e7\u00e3o: OEKO-TEX<br \/>\nAspeto: texturizado, jacquard<br \/>\nPropriedades: elasticidade, apoio, resist\u00eancia<br \/>\nUtiliza\u00e7\u00e3o: fatos de banho, roupa de desporto, roupa de praia<br \/>\nPre\u00e7o de orienta\u00e7\u00e3o: 23,40 euros<\/p>\n<p style=\"font-family: wash;font-size: 30px\"><b style=\"font-family: wash;font-size: 30px\"><img loading=\"lazy\" decoding=\"async\" class=\"alignnone wp-image-67583\" src=\"https:\/\/staging.dyrsan.fr\/wp-content\/uploads\/2025\/08\/instru-1.jpeg\" alt=\"\" width=\"153\" height=\"42\" srcset=\"https:\/\/staging.dyrsan.fr\/wp-content\/uploads\/2025\/08\/instru-1.jpeg 698w, https:\/\/staging.dyrsan.fr\/wp-content\/uploads\/2025\/08\/instru-1-18x5.jpeg 18w\" sizes=\"auto, (max-width: 153px) 100vw, 153px\" \/><\/b><\/p>","protected":false},"featured_media":61150,"comment_status":"closed","ping_status":"closed","template":"","meta":[],"product_brand":[370],"product_cat":[150,180,213],"product_tag":[181,188,215,186],"class_list":{"0":"post-65467","1":"product","2":"type-product","3":"status-publish","4":"has-post-thumbnail","6":"product_brand-dyrsan","7":"product_cat-tissus","8":"product_cat-tissus-mailles-jacquard","9":"product_cat-tissus-textures","10":"product_tag-maille-jacquard","11":"product_tag-tissu-maille-jacquard","12":"product_tag-tissu-oeko-tex","13":"product_tag-tissu-recycle","15":"first","16":"instock","17":"taxable","18":"shipping-taxable","19":"purchasable","20":"product-type-variable"},"_links":{"self":[{"href":"https:\/\/staging.dyrsan.fr\/pt\/wp-json\/wp\/v2\/product\/65467","targetHints":{"allow":["GET"]}}],"collection":[{"href":"https:\/\/staging.dyrsan.fr\/pt\/wp-json\/wp\/v2\/product"}],"about":[{"href":"https:\/\/staging.dyrsan.fr\/pt\/wp-json\/wp\/v2\/types\/product"}],"replies":[{"embeddable":true,"href":"https:\/\/staging.dyrsan.fr\/pt\/wp-json\/wp\/v2\/comments?post=65467"}],"version-history":[{"count":7,"href":"https:\/\/staging.dyrsan.fr\/pt\/wp-json\/wp\/v2\/product\/65467\/revisions"}],"predecessor-version":[{"id":73320,"href":"https:\/\/staging.dyrsan.fr\/pt\/wp-json\/wp\/v2\/product\/65467\/revisions\/73320"}],"wp:featuredmedia":[{"embeddable":true,"href":"https:\/\/staging.dyrsan.fr\/pt\/wp-json\/wp\/v2\/media\/61150"}],"wp:attachment":[{"href":"https:\/\/staging.dyrsan.fr\/pt\/wp-json\/wp\/v2\/media?parent=65467"}],"wp:term":[{"taxonomy":"product_brand","embeddable":true,"href":"https:\/\/staging.dyrsan.fr\/pt\/wp-json\/wp\/v2\/product_brand?post=65467"},{"taxonomy":"product_cat","embeddable":true,"href":"https:\/\/staging.dyrsan.fr\/pt\/wp-json\/wp\/v2\/product_cat?post=65467"},{"taxonomy":"product_tag","embeddable":true,"href":"https:\/\/staging.dyrsan.fr\/pt\/wp-json\/wp\/v2\/product_tag?post=65467"}],"curies":[{"name":"wp","href":"https:\/\/api.w.org\/{rel}","templated":true}]}}