{"id":65466,"date":"2025-10-07T17:20:37","date_gmt":"2025-10-07T17:20:37","guid":{"rendered":"https:\/\/www.2027.staging.dyrsan.fr\/?post_type=product&#038;p=65466"},"modified":"2026-04-14T10:18:57","modified_gmt":"2026-04-14T10:18:57","slug":"tissu-en-maille-jacquard-bleu-roi-a-motifs-de-vagues","status":"publish","type":"product","link":"https:\/\/staging.dyrsan.fr\/pt\/shop\/tissu-en-maille-jacquard-bleu-roi-a-motifs-de-vagues\/","title":{"rendered":"Malha jacquard azul real com padr\u00e3o ondulado"},"content":{"rendered":"<p>Tissu en maille jacquard bleu roi \u00e0 motifs de vagues, extensible et certifi\u00e9 OEKO-TEX\u00ae. Ce tissu jacquard offre une texture graphique \u00e9l\u00e9gante et une bonne \u00e9lasticit\u00e9, id\u00e9al pour la confection de maillots de bain modernes, pi\u00e8ces swimwear et cr\u00e9ations stretch raffin\u00e9es.<\/p>\n<p>&nbsp;<\/p>\n<p><strong>Especifica\u00e7\u00f5es t\u00e9cnicas:<\/strong><br \/>\nR\u00e9f\u00e9rence : DY2521<br \/>\nComposi\u00e7\u00e3o: 93 % poli\u00e9ster, 7 % elastano<br \/>\nPoids : 220 g\/m\u00b2<br \/>\nLargeur : 132 cm<br \/>\nCor: pode ser personalizada de acordo com o c\u00f3digo Pantone<br \/>\nCertifica\u00e7\u00e3o: OEKO-TEX<br \/>\nAspect : maille jacquard \u00e0 motifs de vagues<br \/>\nPropriedades: el\u00e1stico<br \/>\nPrix indicatif : 21,00 \u20ac<\/p>\n<p><b style=\"font-family: wash;font-size: 30px\"><img class=\"alignnone wp-image-67583\" src=\"https:\/\/staging.dyrsan.fr\/wp-content\/uploads\/2025\/08\/instru-1.jpeg\" alt=\"\" width=\"153\" height=\"42\" loading=\"lazy\" decoding=\"async\" title=\"\" srcset=\"https:\/\/staging.dyrsan.fr\/wp-content\/uploads\/2025\/08\/instru-1.jpeg 698w, https:\/\/staging.dyrsan.fr\/wp-content\/uploads\/2025\/08\/instru-1-18x5.jpeg 18w\" sizes=\"auto, (max-width: 153px) 100vw, 153px\" \/><\/b><\/p>","protected":false},"excerpt":{"rendered":"<p>Tissu en maille jacquard bleu roi \u00e0 motifs de vagues, extensible et certifi\u00e9 OEKO-TEX\u00ae. Ce tissu jacquard offre une texture graphique \u00e9l\u00e9gante et une bonne \u00e9lasticit\u00e9, id\u00e9al pour la confection de maillots de bain modernes, pi\u00e8ces swimwear et cr\u00e9ations stretch raffin\u00e9es.<\/p>\n<p>&nbsp;<\/p>\n<p><strong>Especifica\u00e7\u00f5es t\u00e9cnicas:<\/strong><br \/>\nR\u00e9f\u00e9rence : DY2521<br \/>\nComposi\u00e7\u00e3o: 93 % poli\u00e9ster, 7 % elastano<br \/>\nPoids : 220 g\/m\u00b2<br \/>\nLargeur : 132 cm<br \/>\nCor: pode ser personalizada de acordo com o c\u00f3digo Pantone<br \/>\nCertifica\u00e7\u00e3o: OEKO-TEX<br \/>\nAspect : maille jacquard \u00e0 motifs de vagues<br \/>\nPropriedades: el\u00e1stico<br \/>\nPrix indicatif : 21,00 \u20ac<\/p>\n<p><b style=\"font-family: wash;font-size: 30px\"><img loading=\"lazy\" decoding=\"async\" class=\"alignnone wp-image-67583\" src=\"https:\/\/staging.dyrsan.fr\/wp-content\/uploads\/2025\/08\/instru-1.jpeg\" alt=\"\" width=\"153\" height=\"42\" srcset=\"https:\/\/staging.dyrsan.fr\/wp-content\/uploads\/2025\/08\/instru-1.jpeg 698w, https:\/\/staging.dyrsan.fr\/wp-content\/uploads\/2025\/08\/instru-1-18x5.jpeg 18w\" sizes=\"auto, (max-width: 153px) 100vw, 153px\" \/><\/b><\/p>","protected":false},"featured_media":61145,"comment_status":"closed","ping_status":"closed","template":"","meta":[],"product_brand":[370],"product_cat":[150,180,213],"product_tag":[154],"class_list":{"0":"post-65466","1":"product","2":"type-product","3":"status-publish","4":"has-post-thumbnail","6":"product_brand-dyrsan","7":"product_cat-tissus","8":"product_cat-tissus-mailles-jacquard","9":"product_cat-tissus-textures","10":"product_tag-tissus-maillot-de-bain","12":"first","13":"instock","14":"taxable","15":"shipping-taxable","16":"purchasable","17":"product-type-variable"},"_links":{"self":[{"href":"https:\/\/staging.dyrsan.fr\/pt\/wp-json\/wp\/v2\/product\/65466","targetHints":{"allow":["GET"]}}],"collection":[{"href":"https:\/\/staging.dyrsan.fr\/pt\/wp-json\/wp\/v2\/product"}],"about":[{"href":"https:\/\/staging.dyrsan.fr\/pt\/wp-json\/wp\/v2\/types\/product"}],"replies":[{"embeddable":true,"href":"https:\/\/staging.dyrsan.fr\/pt\/wp-json\/wp\/v2\/comments?post=65466"}],"version-history":[{"count":10,"href":"https:\/\/staging.dyrsan.fr\/pt\/wp-json\/wp\/v2\/product\/65466\/revisions"}],"predecessor-version":[{"id":73921,"href":"https:\/\/staging.dyrsan.fr\/pt\/wp-json\/wp\/v2\/product\/65466\/revisions\/73921"}],"wp:featuredmedia":[{"embeddable":true,"href":"https:\/\/staging.dyrsan.fr\/pt\/wp-json\/wp\/v2\/media\/61145"}],"wp:attachment":[{"href":"https:\/\/staging.dyrsan.fr\/pt\/wp-json\/wp\/v2\/media?parent=65466"}],"wp:term":[{"taxonomy":"product_brand","embeddable":true,"href":"https:\/\/staging.dyrsan.fr\/pt\/wp-json\/wp\/v2\/product_brand?post=65466"},{"taxonomy":"product_cat","embeddable":true,"href":"https:\/\/staging.dyrsan.fr\/pt\/wp-json\/wp\/v2\/product_cat?post=65466"},{"taxonomy":"product_tag","embeddable":true,"href":"https:\/\/staging.dyrsan.fr\/pt\/wp-json\/wp\/v2\/product_tag?post=65466"}],"curies":[{"name":"wp","href":"https:\/\/api.w.org\/{rel}","templated":true}]}}