{"id":65461,"date":"2025-08-29T20:31:52","date_gmt":"2025-08-29T20:31:52","guid":{"rendered":"https:\/\/www.2027.staging.dyrsan.fr\/?post_type=product&#038;p=65461"},"modified":"2026-04-03T17:54:13","modified_gmt":"2026-04-03T17:54:13","slug":"embout-a-cordon-en-metal-dore-brillant","status":"publish","type":"product","link":"https:\/\/staging.dyrsan.fr\/pt\/shop\/embout-a-cordon-en-metal-dore-brillant\/","title":{"rendered":"Extremidade do cord\u00e3o em metal dourado brilhante"},"content":{"rendered":"<p>Cet embout \u00e0 cordon en m\u00e9tal dor\u00e9 brillant assure une finition nette et \u00e9l\u00e9gante des cordons textiles. Con\u00e7u pour les cr\u00e9ations de maillots de bain, lingerie et accessoires, il apporte une touche professionnelle et soign\u00e9e.<\/p>\n<p>&nbsp;<\/p>\n<p><strong>Especifica\u00e7\u00f5es t\u00e9cnicas:<\/strong><\/p>\n<p>R\u00e9f\u00e9rence : DY2748<br \/>\nMaterial(is): Metal<br \/>\nCor: dourado<br \/>\nTaille : 6,5 \u00d7 12 \u00d7 4 mm<br \/>\nPoids : 1 g<\/p>\n<p>&nbsp;<\/p>\n<p><strong>Carater\u00edsticas t\u00e9cnicas:<\/strong><\/p>\n<p>Finition(s) disponibles: Argent\u00e9 \/ Or jaune \/ Or Jaune brillant \/ Or rose \/ Gris acier \/ Bronze dor\u00e9<\/p>\n<p>Taille\u00a0 : 6,5 x 12 x 4 mm<br \/>\nPoids : 1g<br \/>\nTratamento de superf\u00edcie: polimento espelhado e galvanoplastia<br \/>\nMaterial(is): Metal<br \/>\nCommande personnalis\u00e9e &#8211; Livraison sous 4 semaines max<\/p>\n<p>Vendido em embalagens de 100 unidades<\/p>","protected":false},"excerpt":{"rendered":"<p>Cet embout \u00e0 cordon en m\u00e9tal dor\u00e9 brillant assure une finition nette et \u00e9l\u00e9gante des cordons textiles. Con\u00e7u pour les cr\u00e9ations de maillots de bain, lingerie et accessoires, il apporte une touche professionnelle et soign\u00e9e.<\/p>\n<p>&nbsp;<\/p>\n<p><strong>Especifica\u00e7\u00f5es t\u00e9cnicas:<\/strong><\/p>\n<p>R\u00e9f\u00e9rence : DY2748<br \/>\nMaterial(is): Metal<br \/>\nCor: dourado<br \/>\nTaille : 6,5 \u00d7 12 \u00d7 4 mm<br \/>\nPoids : 1 g<\/p>\n<p>&nbsp;<\/p>\n<p><strong>Carater\u00edsticas t\u00e9cnicas:<\/strong><\/p>\n<p>Finition(s) disponibles: Argent\u00e9 \/ Or jaune \/ Or Jaune brillant \/ Or rose \/ Gris acier \/ Bronze dor\u00e9<\/p>\n<p>Taille\u00a0 : 6,5 x 12 x 4 mm<br \/>\nPoids : 1g<br \/>\nTratamento de superf\u00edcie: polimento espelhado e galvanoplastia<br \/>\nMaterial(is): Metal<br \/>\nCommande personnalis\u00e9e &#8211; Livraison sous 4 semaines max<\/p>\n<p>Vendido em embalagens de 100 unidades<\/p>","protected":false},"featured_media":61115,"comment_status":"closed","ping_status":"closed","template":"","meta":[],"product_brand":[],"product_cat":[140,211],"product_tag":[387,388,386],"class_list":{"0":"post-65461","1":"product","2":"type-product","3":"status-publish","4":"has-post-thumbnail","6":"product_cat-accessoires","7":"product_cat-embouts","8":"product_tag-embout","9":"product_tag-embout-en-metal","10":"product_tag-embouts-pour-cordon","11":"product_shipping_class-1-a-2kg","13":"first","14":"instock","15":"taxable","16":"shipping-taxable","17":"purchasable","18":"product-type-simple"},"_links":{"self":[{"href":"https:\/\/staging.dyrsan.fr\/pt\/wp-json\/wp\/v2\/product\/65461","targetHints":{"allow":["GET"]}}],"collection":[{"href":"https:\/\/staging.dyrsan.fr\/pt\/wp-json\/wp\/v2\/product"}],"about":[{"href":"https:\/\/staging.dyrsan.fr\/pt\/wp-json\/wp\/v2\/types\/product"}],"replies":[{"embeddable":true,"href":"https:\/\/staging.dyrsan.fr\/pt\/wp-json\/wp\/v2\/comments?post=65461"}],"version-history":[{"count":3,"href":"https:\/\/staging.dyrsan.fr\/pt\/wp-json\/wp\/v2\/product\/65461\/revisions"}],"predecessor-version":[{"id":73114,"href":"https:\/\/staging.dyrsan.fr\/pt\/wp-json\/wp\/v2\/product\/65461\/revisions\/73114"}],"wp:featuredmedia":[{"embeddable":true,"href":"https:\/\/staging.dyrsan.fr\/pt\/wp-json\/wp\/v2\/media\/61115"}],"wp:attachment":[{"href":"https:\/\/staging.dyrsan.fr\/pt\/wp-json\/wp\/v2\/media?parent=65461"}],"wp:term":[{"taxonomy":"product_brand","embeddable":true,"href":"https:\/\/staging.dyrsan.fr\/pt\/wp-json\/wp\/v2\/product_brand?post=65461"},{"taxonomy":"product_cat","embeddable":true,"href":"https:\/\/staging.dyrsan.fr\/pt\/wp-json\/wp\/v2\/product_cat?post=65461"},{"taxonomy":"product_tag","embeddable":true,"href":"https:\/\/staging.dyrsan.fr\/pt\/wp-json\/wp\/v2\/product_tag?post=65461"}],"curies":[{"name":"wp","href":"https:\/\/api.w.org\/{rel}","templated":true}]}}