{"id":65459,"date":"2025-08-29T20:31:51","date_gmt":"2025-08-29T20:31:51","guid":{"rendered":"https:\/\/www.2027.staging.dyrsan.fr\/?post_type=product&#038;p=65459"},"modified":"2026-04-03T17:54:18","modified_gmt":"2026-04-03T17:54:18","slug":"petite-boucle-en-plastique-couleur-argente","status":"publish","type":"product","link":"https:\/\/staging.dyrsan.fr\/pt\/shop\/petite-boucle-en-plastique-couleur-argente\/","title":{"rendered":"Pequena fivela de pl\u00e1stico prateada"},"content":{"rendered":"<p>Cette petite boucle en plastique couleur argent\u00e9 est id\u00e9ale pour l\u2019assemblage et le r\u00e9glage des cr\u00e9ations textiles. L\u00e9g\u00e8re et discr\u00e8te, elle convient parfaitement aux maillots de bain, lingerie et accessoires n\u00e9cessitant une finition soign\u00e9e.<\/p>\n<p>&nbsp;<\/p>\n<p><strong>Especifica\u00e7\u00f5es t\u00e9cnicas:<\/strong><\/p>\n<p>R\u00e9f\u00e9rence : DY0018<br \/>\nMat\u00e9riau(x) : Plastique<br \/>\nCor: prata<\/p>\n<p>&nbsp;<\/p>\n<p><strong>Carater\u00edsticas t\u00e9cnicas:<\/strong><\/p>\n<p>Por medida: dispon\u00edvel em tamanhos personalizados e v\u00e1rios acabamentos (ouro amarelo, ouro amarelo brilhante, ouro rosa, prata, cinzento a\u00e7o, bronze dourado) para combinar com os seus desenhos.<br \/>\nEncomendas a granel: pre\u00e7os baixos e op\u00e7\u00f5es flex\u00edveis para as suas colec\u00e7\u00f5es.<br \/>\nDurabilidade excecional: Resiste \u00e0 lavagem sem alterar o seu aspeto.<br \/>\nDesempenho garantido: Elevada resist\u00eancia \u00e0 tra\u00e7\u00e3o para uma utiliza\u00e7\u00e3o fi\u00e1vel e duradoura.<br \/>\nProte\u00e7\u00e3o avan\u00e7ada: Perfeito para ambientes aqu\u00e1ticos gra\u00e7as \u00e0 sua resist\u00eancia ao cloro, \u00e0 \u00e1gua do mar e \u00e0 corros\u00e3o.<br \/>\nNormas cumpridas: sem chumbo, n\u00edquel e cr\u00f3mio, em conformidade com a OEKO e amigo do ambiente.<br \/>\nCompromisso com a qualidade: materiais cuidadosamente selecionados para acabamentos elegantes e duradouros.<\/p>","protected":false},"excerpt":{"rendered":"<p>Cette petite boucle en plastique couleur argent\u00e9 est id\u00e9ale pour l\u2019assemblage et le r\u00e9glage des cr\u00e9ations textiles. L\u00e9g\u00e8re et discr\u00e8te, elle convient parfaitement aux maillots de bain, lingerie et accessoires n\u00e9cessitant une finition soign\u00e9e.<\/p>\n<p>&nbsp;<\/p>\n<p><strong>Especifica\u00e7\u00f5es t\u00e9cnicas:<\/strong><\/p>\n<p>R\u00e9f\u00e9rence : DY0018<br \/>\nMat\u00e9riau(x) : Plastique<br \/>\nCor: prata<\/p>\n<p>&nbsp;<\/p>\n<p><strong>Carater\u00edsticas t\u00e9cnicas:<\/strong><\/p>\n<p>Por medida: dispon\u00edvel em tamanhos personalizados e v\u00e1rios acabamentos (ouro amarelo, ouro amarelo brilhante, ouro rosa, prata, cinzento a\u00e7o, bronze dourado) para combinar com os seus desenhos.<br \/>\nEncomendas a granel: pre\u00e7os baixos e op\u00e7\u00f5es flex\u00edveis para as suas colec\u00e7\u00f5es.<br \/>\nDurabilidade excecional: Resiste \u00e0 lavagem sem alterar o seu aspeto.<br \/>\nDesempenho garantido: Elevada resist\u00eancia \u00e0 tra\u00e7\u00e3o para uma utiliza\u00e7\u00e3o fi\u00e1vel e duradoura.<br \/>\nProte\u00e7\u00e3o avan\u00e7ada: Perfeito para ambientes aqu\u00e1ticos gra\u00e7as \u00e0 sua resist\u00eancia ao cloro, \u00e0 \u00e1gua do mar e \u00e0 corros\u00e3o.<br \/>\nNormas cumpridas: sem chumbo, n\u00edquel e cr\u00f3mio, em conformidade com a OEKO e amigo do ambiente.<br \/>\nCompromisso com a qualidade: materiais cuidadosamente selecionados para acabamentos elegantes e duradouros.<\/p>","protected":false},"featured_media":61106,"comment_status":"closed","ping_status":"closed","template":"","meta":[],"product_brand":[],"product_cat":[140,148],"product_tag":[384],"class_list":{"0":"post-65459","1":"product","2":"type-product","3":"status-publish","4":"has-post-thumbnail","6":"product_cat-accessoires","7":"product_cat-boucles","8":"product_tag-boucle","9":"product_shipping_class-1-a-2kg","11":"first","12":"instock","13":"taxable","14":"shipping-taxable","15":"purchasable","16":"product-type-simple"},"_links":{"self":[{"href":"https:\/\/staging.dyrsan.fr\/pt\/wp-json\/wp\/v2\/product\/65459","targetHints":{"allow":["GET"]}}],"collection":[{"href":"https:\/\/staging.dyrsan.fr\/pt\/wp-json\/wp\/v2\/product"}],"about":[{"href":"https:\/\/staging.dyrsan.fr\/pt\/wp-json\/wp\/v2\/types\/product"}],"replies":[{"embeddable":true,"href":"https:\/\/staging.dyrsan.fr\/pt\/wp-json\/wp\/v2\/comments?post=65459"}],"version-history":[{"count":2,"href":"https:\/\/staging.dyrsan.fr\/pt\/wp-json\/wp\/v2\/product\/65459\/revisions"}],"predecessor-version":[{"id":73147,"href":"https:\/\/staging.dyrsan.fr\/pt\/wp-json\/wp\/v2\/product\/65459\/revisions\/73147"}],"wp:featuredmedia":[{"embeddable":true,"href":"https:\/\/staging.dyrsan.fr\/pt\/wp-json\/wp\/v2\/media\/61106"}],"wp:attachment":[{"href":"https:\/\/staging.dyrsan.fr\/pt\/wp-json\/wp\/v2\/media?parent=65459"}],"wp:term":[{"taxonomy":"product_brand","embeddable":true,"href":"https:\/\/staging.dyrsan.fr\/pt\/wp-json\/wp\/v2\/product_brand?post=65459"},{"taxonomy":"product_cat","embeddable":true,"href":"https:\/\/staging.dyrsan.fr\/pt\/wp-json\/wp\/v2\/product_cat?post=65459"},{"taxonomy":"product_tag","embeddable":true,"href":"https:\/\/staging.dyrsan.fr\/pt\/wp-json\/wp\/v2\/product_tag?post=65459"}],"curies":[{"name":"wp","href":"https:\/\/api.w.org\/{rel}","templated":true}]}}