{"id":65455,"date":"2025-08-29T20:31:51","date_gmt":"2025-08-29T20:31:51","guid":{"rendered":"https:\/\/www.2027.staging.dyrsan.fr\/?post_type=product&#038;p=65455"},"modified":"2026-04-03T17:54:27","modified_gmt":"2026-04-03T17:54:27","slug":"embout-a-cordon-en-metal-dore-8-mm","status":"publish","type":"product","link":"https:\/\/staging.dyrsan.fr\/pt\/shop\/embout-a-cordon-en-metal-dore-8-mm\/","title":{"rendered":"Extremidade do cord\u00e3o em metal dourado 8 mm"},"content":{"rendered":"<p>Esta extremidade de cord\u00e3o em metal dourado de 8 mm foi concebida para o acabamento de cord\u00f5es e la\u00e7os t\u00eaxteis. Garante um fecho limpo, forte e atrativo, ideal para fatos de banho, lingerie e acess\u00f3rios.<\/p>\n<p>&nbsp;<\/p>\n<p><strong>Especifica\u00e7\u00f5es t\u00e9cnicas:<\/strong><\/p>\n<p>N\u00famero de cat\u00e1logo: 65455<br \/>\nMaterial(is): Metal<br \/>\nCor: dourado<br \/>\nTamanho: 8 mm<br \/>\nPeso : 7 g<br \/>\nTratamento de superf\u00edcie: polimento espelhado e galvanoplastia<br \/>\nAcabamentos dispon\u00edveis: Prata \/ Ouro amarelo \/ Ouro amarelo brilhante \/ Ouro rosa \/ Cinzento a\u00e7o \/ Bronze dourado<br \/>\nEmbalagem : Vendido em embalagens de 100 unidades<br \/>\nEncomenda personalizada: entrega no prazo m\u00e1ximo de 4 semanas<\/p>","protected":false},"excerpt":{"rendered":"<p>Esta extremidade de cord\u00e3o em metal dourado de 8 mm foi concebida para o acabamento de cord\u00f5es e la\u00e7os t\u00eaxteis. Garante um fecho limpo, forte e atrativo, ideal para fatos de banho, lingerie e acess\u00f3rios.<\/p>\n<p>&nbsp;<\/p>\n<p><strong>Especifica\u00e7\u00f5es t\u00e9cnicas:<\/strong><\/p>\n<p>N\u00famero de cat\u00e1logo: 65455<br \/>\nMaterial(is): Metal<br \/>\nCor: dourado<br \/>\nTamanho: 8 mm<br \/>\nPeso : 7 g<br \/>\nTratamento de superf\u00edcie: polimento espelhado e galvanoplastia<br \/>\nAcabamentos dispon\u00edveis: Prata \/ Ouro amarelo \/ Ouro amarelo brilhante \/ Ouro rosa \/ Cinzento a\u00e7o \/ Bronze dourado<br \/>\nEmbalagem : Vendido em embalagens de 100 unidades<br \/>\nEncomenda personalizada: entrega no prazo m\u00e1ximo de 4 semanas<\/p>","protected":false},"featured_media":61080,"comment_status":"closed","ping_status":"closed","template":"","meta":[],"product_brand":[],"product_cat":[140,211],"product_tag":[387,388,386],"class_list":{"0":"post-65455","1":"product","2":"type-product","3":"status-publish","4":"has-post-thumbnail","6":"product_cat-accessoires","7":"product_cat-embouts","8":"product_tag-embout","9":"product_tag-embout-en-metal","10":"product_tag-embouts-pour-cordon","11":"product_shipping_class-1-a-2kg","13":"first","14":"instock","15":"taxable","16":"shipping-taxable","17":"purchasable","18":"product-type-simple"},"_links":{"self":[{"href":"https:\/\/staging.dyrsan.fr\/pt\/wp-json\/wp\/v2\/product\/65455","targetHints":{"allow":["GET"]}}],"collection":[{"href":"https:\/\/staging.dyrsan.fr\/pt\/wp-json\/wp\/v2\/product"}],"about":[{"href":"https:\/\/staging.dyrsan.fr\/pt\/wp-json\/wp\/v2\/types\/product"}],"replies":[{"embeddable":true,"href":"https:\/\/staging.dyrsan.fr\/pt\/wp-json\/wp\/v2\/comments?post=65455"}],"version-history":[{"count":3,"href":"https:\/\/staging.dyrsan.fr\/pt\/wp-json\/wp\/v2\/product\/65455\/revisions"}],"predecessor-version":[{"id":73128,"href":"https:\/\/staging.dyrsan.fr\/pt\/wp-json\/wp\/v2\/product\/65455\/revisions\/73128"}],"wp:featuredmedia":[{"embeddable":true,"href":"https:\/\/staging.dyrsan.fr\/pt\/wp-json\/wp\/v2\/media\/61080"}],"wp:attachment":[{"href":"https:\/\/staging.dyrsan.fr\/pt\/wp-json\/wp\/v2\/media?parent=65455"}],"wp:term":[{"taxonomy":"product_brand","embeddable":true,"href":"https:\/\/staging.dyrsan.fr\/pt\/wp-json\/wp\/v2\/product_brand?post=65455"},{"taxonomy":"product_cat","embeddable":true,"href":"https:\/\/staging.dyrsan.fr\/pt\/wp-json\/wp\/v2\/product_cat?post=65455"},{"taxonomy":"product_tag","embeddable":true,"href":"https:\/\/staging.dyrsan.fr\/pt\/wp-json\/wp\/v2\/product_tag?post=65455"}],"curies":[{"name":"wp","href":"https:\/\/api.w.org\/{rel}","templated":true}]}}