{"id":65395,"date":"2025-08-29T20:31:38","date_gmt":"2025-08-29T20:31:38","guid":{"rendered":"https:\/\/www.2027.staging.dyrsan.fr\/?post_type=product&#038;p=65395"},"modified":"2026-04-14T10:15:01","modified_gmt":"2026-04-14T10:15:01","slug":"tissu-en-maille-jacquard-texture-epais","status":"publish","type":"product","link":"https:\/\/staging.dyrsan.fr\/pt\/shop\/tissu-en-maille-jacquard-texture-epais\/","title":{"rendered":"Tecido de malha jacquard com textura espessa"},"content":{"rendered":"<p>Malha jacquard espessa, el\u00e1stica e texturada de alta qualidade. Este tecido de malha jacquard espessa oferece uma textura estruturada e uma excelente sustenta\u00e7\u00e3o, ideal para a cria\u00e7\u00e3o de fatos de banho, roupa de praia de qualidade e pe\u00e7as de moda de conforto de alta gama.<\/p>\n<p>&nbsp;<\/p>\n<p><strong>Especifica\u00e7\u00f5es t\u00e9cnicas:<\/strong><br \/>\nN\u00famero de cat\u00e1logo: DY97291<br \/>\nComposi\u00e7\u00e3o: 93 % poli\u00e9ster, 7 % elastano<br \/>\nPeso: 400 g\/m\u00b2.<br \/>\nLargura: 125 cm<br \/>\nCor: pode ser personalizada de acordo com o c\u00f3digo Pantone<br \/>\nCertifica\u00e7\u00e3o: OEKO-TEX<br \/>\nAspeto: malha jacquard de textura espessa<br \/>\nPropriedades: el\u00e1stico, grosso, forte, confort\u00e1vel, ajuste \u00f3timo<br \/>\nUtiliza\u00e7\u00e3o: fatos de banho, roupa de praia, vestu\u00e1rio de escultura, pe\u00e7as de moda com textura de alta qualidade<\/p>\n<div id=\"simple-translate\" class=\"simple-translate-system-theme\">\n<div>\n<div class=\"simple-translate-button isShow\" style=\"background-image: url('chrome-extension:\/\/cllnohpbfenopiakdcjmjcbaeapmkcdl\/icons\/512.png'); height: 22px; width: 22px; top: 198px; left: 176px;\"><\/div>\n<div class=\"simple-translate-panel\" style=\"width: 300px; height: 200px; top: 0px; left: 0px; font-size: 13px;\">\n<div class=\"simple-translate-result-wrapper\" style=\"overflow: hidden;\">\n<div class=\"simple-translate-move\" draggable=\"true\"><\/div>\n<div class=\"simple-translate-result-contents\">\n<p class=\"simple-translate-result\" dir=\"auto\">\n<p class=\"simple-translate-candidate\" dir=\"auto\">\n<\/div>\n<\/div>\n<\/div>\n<\/div>\n<\/div>","protected":false},"excerpt":{"rendered":"<p>Malha jacquard espessa, el\u00e1stica e texturada de alta qualidade. Este tecido de malha jacquard espessa oferece uma textura estruturada e uma excelente sustenta\u00e7\u00e3o, ideal para a cria\u00e7\u00e3o de fatos de banho, roupa de praia de qualidade e pe\u00e7as de moda de conforto de alta gama.<\/p>\n<p>&nbsp;<\/p>\n<p><strong>Especifica\u00e7\u00f5es t\u00e9cnicas:<\/strong><br \/>\nN\u00famero de cat\u00e1logo: DY97291<br \/>\nComposi\u00e7\u00e3o: 93 % poli\u00e9ster, 7 % elastano<br \/>\nPeso: 400 g\/m\u00b2.<br \/>\nLargura: 125 cm<br \/>\nCor: pode ser personalizada de acordo com o c\u00f3digo Pantone<br \/>\nCertifica\u00e7\u00e3o: OEKO-TEX<br \/>\nAspeto: malha jacquard de textura espessa<br \/>\nPropriedades: el\u00e1stico, grosso, forte, confort\u00e1vel, ajuste \u00f3timo<br \/>\nUtiliza\u00e7\u00e3o: fatos de banho, roupa de praia, vestu\u00e1rio de escultura, pe\u00e7as de moda com textura de alta qualidade<\/p>","protected":false},"featured_media":61013,"comment_status":"closed","ping_status":"closed","template":"","meta":[],"product_brand":[370],"product_cat":[150,184,180,455],"product_tag":[181,188,189,154],"class_list":{"0":"post-65395","1":"product","2":"type-product","3":"status-publish","4":"has-post-thumbnail","6":"product_brand-dyrsan","7":"product_cat-tissus","8":"product_cat-tissus-eco-responsables","9":"product_cat-tissus-mailles-jacquard","10":"product_cat-tissus-maillots-de-bain","11":"product_tag-maille-jacquard","12":"product_tag-tissu-maille-jacquard","13":"product_tag-tissu-texture","14":"product_tag-tissus-maillot-de-bain","16":"first","17":"instock","18":"taxable","19":"shipping-taxable","20":"purchasable","21":"product-type-simple"},"_links":{"self":[{"href":"https:\/\/staging.dyrsan.fr\/pt\/wp-json\/wp\/v2\/product\/65395","targetHints":{"allow":["GET"]}}],"collection":[{"href":"https:\/\/staging.dyrsan.fr\/pt\/wp-json\/wp\/v2\/product"}],"about":[{"href":"https:\/\/staging.dyrsan.fr\/pt\/wp-json\/wp\/v2\/types\/product"}],"replies":[{"embeddable":true,"href":"https:\/\/staging.dyrsan.fr\/pt\/wp-json\/wp\/v2\/comments?post=65395"}],"version-history":[{"count":10,"href":"https:\/\/staging.dyrsan.fr\/pt\/wp-json\/wp\/v2\/product\/65395\/revisions"}],"predecessor-version":[{"id":74931,"href":"https:\/\/staging.dyrsan.fr\/pt\/wp-json\/wp\/v2\/product\/65395\/revisions\/74931"}],"wp:featuredmedia":[{"embeddable":true,"href":"https:\/\/staging.dyrsan.fr\/pt\/wp-json\/wp\/v2\/media\/61013"}],"wp:attachment":[{"href":"https:\/\/staging.dyrsan.fr\/pt\/wp-json\/wp\/v2\/media?parent=65395"}],"wp:term":[{"taxonomy":"product_brand","embeddable":true,"href":"https:\/\/staging.dyrsan.fr\/pt\/wp-json\/wp\/v2\/product_brand?post=65395"},{"taxonomy":"product_cat","embeddable":true,"href":"https:\/\/staging.dyrsan.fr\/pt\/wp-json\/wp\/v2\/product_cat?post=65395"},{"taxonomy":"product_tag","embeddable":true,"href":"https:\/\/staging.dyrsan.fr\/pt\/wp-json\/wp\/v2\/product_tag?post=65395"}],"curies":[{"name":"wp","href":"https:\/\/api.w.org\/{rel}","templated":true}]}}