{"id":65392,"date":"2025-08-29T20:31:37","date_gmt":"2025-08-29T20:31:37","guid":{"rendered":"https:\/\/www.2027.staging.dyrsan.fr\/?post_type=product&#038;p=65392"},"modified":"2026-04-14T10:14:26","modified_gmt":"2026-04-14T10:14:26","slug":"tissu-microfibre-extensible-blanc-casse","status":"publish","type":"product","link":"https:\/\/staging.dyrsan.fr\/pt\/shop\/tissu-microfibre-extensible-blanc-casse\/","title":{"rendered":"Tecido de microfibra el\u00e1stica em branco-escuro"},"content":{"rendered":"<p>Tissu microfibre extensible blanc cass\u00e9, certifi\u00e9 OEKO-TEX\u00ae. Ce tissu microfibre extensible offre un toucher doux, une excellente \u00e9lasticit\u00e9 et un bon maintien. Il est id\u00e9al pour la confection de lingerie, maillots de bain, doublures et v\u00eatements techniques n\u00e9cessitant confort et performance.<\/p>\n<p>&nbsp;<\/p>\n<p><strong>Especifica\u00e7\u00f5es t\u00e9cnicas:<\/strong><br \/>\nR\u00e9f\u00e9rence : DY97371<br \/>\nComposition : 66 % nylon, 34 % spandex<br \/>\nPoids : 150 g\/m\u00b2<br \/>\nLargura: 160 cm<br \/>\nLongueur du rouleau : 155 cm<br \/>\nCouleur : blanc cass\u00e9 (personnalisable selon code Pantone)<br \/>\nCertifica\u00e7\u00e3o: OEKO-TEX<br \/>\nAspect : microfibre lisse<br \/>\nPropri\u00e9t\u00e9s : extensible, doux, confortable<br \/>\nUtilisation : lingerie, doublure, swimwear, v\u00eatements techniques<\/p>","protected":false},"excerpt":{"rendered":"<p>Tissu microfibre extensible blanc cass\u00e9, certifi\u00e9 OEKO-TEX\u00ae. Ce tissu microfibre extensible offre un toucher doux, une excellente \u00e9lasticit\u00e9 et un bon maintien. Il est id\u00e9al pour la confection de lingerie, maillots de bain, doublures et v\u00eatements techniques n\u00e9cessitant confort et performance.<\/p>\n<p>&nbsp;<\/p>\n<p><strong>Especifica\u00e7\u00f5es t\u00e9cnicas:<\/strong><br \/>\nR\u00e9f\u00e9rence : DY97371<br \/>\nComposition : 66 % nylon, 34 % spandex<br \/>\nPoids : 150 g\/m\u00b2<br \/>\nLargura: 160 cm<br \/>\nLongueur du rouleau : 155 cm<br \/>\nCouleur : blanc cass\u00e9 (personnalisable selon code Pantone)<br \/>\nCertifica\u00e7\u00e3o: OEKO-TEX<br \/>\nAspect : microfibre lisse<br \/>\nPropri\u00e9t\u00e9s : extensible, doux, confortable<br \/>\nUtilisation : lingerie, doublure, swimwear, v\u00eatements techniques<\/p>","protected":false},"featured_media":61003,"comment_status":"closed","ping_status":"closed","template":"","meta":[],"product_brand":[370],"product_cat":[150,178],"product_tag":[154],"class_list":{"0":"post-65392","1":"product","2":"type-product","3":"status-publish","4":"has-post-thumbnail","6":"product_brand-dyrsan","7":"product_cat-tissus","8":"product_cat-tissus-microfibres","9":"product_tag-tissus-maillot-de-bain","11":"first","12":"instock","13":"taxable","14":"shipping-taxable","15":"purchasable","16":"product-type-simple"},"_links":{"self":[{"href":"https:\/\/staging.dyrsan.fr\/pt\/wp-json\/wp\/v2\/product\/65392","targetHints":{"allow":["GET"]}}],"collection":[{"href":"https:\/\/staging.dyrsan.fr\/pt\/wp-json\/wp\/v2\/product"}],"about":[{"href":"https:\/\/staging.dyrsan.fr\/pt\/wp-json\/wp\/v2\/types\/product"}],"replies":[{"embeddable":true,"href":"https:\/\/staging.dyrsan.fr\/pt\/wp-json\/wp\/v2\/comments?post=65392"}],"version-history":[{"count":6,"href":"https:\/\/staging.dyrsan.fr\/pt\/wp-json\/wp\/v2\/product\/65392\/revisions"}],"predecessor-version":[{"id":73969,"href":"https:\/\/staging.dyrsan.fr\/pt\/wp-json\/wp\/v2\/product\/65392\/revisions\/73969"}],"wp:featuredmedia":[{"embeddable":true,"href":"https:\/\/staging.dyrsan.fr\/pt\/wp-json\/wp\/v2\/media\/61003"}],"wp:attachment":[{"href":"https:\/\/staging.dyrsan.fr\/pt\/wp-json\/wp\/v2\/media?parent=65392"}],"wp:term":[{"taxonomy":"product_brand","embeddable":true,"href":"https:\/\/staging.dyrsan.fr\/pt\/wp-json\/wp\/v2\/product_brand?post=65392"},{"taxonomy":"product_cat","embeddable":true,"href":"https:\/\/staging.dyrsan.fr\/pt\/wp-json\/wp\/v2\/product_cat?post=65392"},{"taxonomy":"product_tag","embeddable":true,"href":"https:\/\/staging.dyrsan.fr\/pt\/wp-json\/wp\/v2\/product_tag?post=65392"}],"curies":[{"name":"wp","href":"https:\/\/api.w.org\/{rel}","templated":true}]}}