{"id":65387,"date":"2025-08-29T20:31:37","date_gmt":"2025-08-29T20:31:37","guid":{"rendered":"https:\/\/www.2027.staging.dyrsan.fr\/?post_type=product&#038;p=65387"},"modified":"2026-04-14T10:13:44","modified_gmt":"2026-04-14T10:13:44","slug":"tissu-microfibre-extensible","status":"publish","type":"product","link":"https:\/\/staging.dyrsan.fr\/pt\/shop\/tissu-microfibre-extensible\/","title":{"rendered":"Tecido de microfibra el\u00e1stico"},"content":{"rendered":"<p>Um tecido de microfibra el\u00e1stica com certifica\u00e7\u00e3o OEKO-TEX\u00ae, leve e fluido, ideal para lingerie, fatos de banho e vestu\u00e1rio t\u00e9cnico. A sua textura suave ao toque e a sua elasticidade garantem conforto e durabilidade para cria\u00e7\u00f5es de qualidade.<\/p>\n<p>&nbsp;<\/p>\n<p><strong>Especifica\u00e7\u00f5es t\u00e9cnicas :<\/strong><br \/>\nN\u00famero de cat\u00e1logo: DY97243<br \/>\nComposi\u00e7\u00e3o: 87 % poli\u00e9ster, 13 % elastano<br \/>\nPeso: 120 g\/m\u00b2.<br \/>\nTamanho: 145 cm<br \/>\nCor: Ameixa (personaliz\u00e1vel segundo o c\u00f3digo Pantone)<br \/>\nCertifica\u00e7\u00e3o: OEKO-TEX\u00ae Standard 100<br \/>\nAspeto: suave, fino e el\u00e1stico<br \/>\nPropriedades: flex\u00edvel, respir\u00e1vel, de secagem r\u00e1pida, el\u00e1stico de 4 vias<br \/>\nUtiliza\u00e7\u00e3o: lingerie, forro, fatos de banho, roupa de desporto ou de dan\u00e7a<br \/>\nCuidados: lavar a 30\u00b0C, n\u00e3o usar lix\u00edvia, passar a ferro suavemente<\/p>","protected":false},"excerpt":{"rendered":"<p>Um tecido de microfibra el\u00e1stica com certifica\u00e7\u00e3o OEKO-TEX\u00ae, leve e fluido, ideal para lingerie, fatos de banho e vestu\u00e1rio t\u00e9cnico. A sua textura suave ao toque e a sua elasticidade garantem conforto e durabilidade para cria\u00e7\u00f5es de qualidade.<\/p>\n<p>&nbsp;<\/p>\n<p><strong>Especifica\u00e7\u00f5es t\u00e9cnicas :<\/strong><br \/>\nN\u00famero de cat\u00e1logo: DY97243<br \/>\nComposi\u00e7\u00e3o: 87 % poli\u00e9ster, 13 % elastano<br \/>\nPeso: 120 g\/m\u00b2.<br \/>\nTamanho: 145 cm<br \/>\nCor: Ameixa (personaliz\u00e1vel segundo o c\u00f3digo Pantone)<br \/>\nCertifica\u00e7\u00e3o: OEKO-TEX\u00ae Standard 100<br \/>\nAspeto: suave, fino e el\u00e1stico<br \/>\nPropriedades: flex\u00edvel, respir\u00e1vel, de secagem r\u00e1pida, el\u00e1stico de 4 vias<br \/>\nUtiliza\u00e7\u00e3o: lingerie, forro, fatos de banho, roupa de desporto ou de dan\u00e7a<br \/>\nCuidados: lavar a 30\u00b0C, n\u00e3o usar lix\u00edvia, passar a ferro suavemente<\/p>","protected":false},"featured_media":60986,"comment_status":"closed","ping_status":"closed","template":"","meta":[],"product_brand":[370],"product_cat":[150,178],"product_tag":[154],"class_list":{"0":"post-65387","1":"product","2":"type-product","3":"status-publish","4":"has-post-thumbnail","6":"product_brand-dyrsan","7":"product_cat-tissus","8":"product_cat-tissus-microfibres","9":"product_tag-tissus-maillot-de-bain","11":"first","12":"instock","13":"taxable","14":"shipping-taxable","15":"purchasable","16":"product-type-simple"},"_links":{"self":[{"href":"https:\/\/staging.dyrsan.fr\/pt\/wp-json\/wp\/v2\/product\/65387","targetHints":{"allow":["GET"]}}],"collection":[{"href":"https:\/\/staging.dyrsan.fr\/pt\/wp-json\/wp\/v2\/product"}],"about":[{"href":"https:\/\/staging.dyrsan.fr\/pt\/wp-json\/wp\/v2\/types\/product"}],"replies":[{"embeddable":true,"href":"https:\/\/staging.dyrsan.fr\/pt\/wp-json\/wp\/v2\/comments?post=65387"}],"version-history":[{"count":8,"href":"https:\/\/staging.dyrsan.fr\/pt\/wp-json\/wp\/v2\/product\/65387\/revisions"}],"predecessor-version":[{"id":73363,"href":"https:\/\/staging.dyrsan.fr\/pt\/wp-json\/wp\/v2\/product\/65387\/revisions\/73363"}],"wp:featuredmedia":[{"embeddable":true,"href":"https:\/\/staging.dyrsan.fr\/pt\/wp-json\/wp\/v2\/media\/60986"}],"wp:attachment":[{"href":"https:\/\/staging.dyrsan.fr\/pt\/wp-json\/wp\/v2\/media?parent=65387"}],"wp:term":[{"taxonomy":"product_brand","embeddable":true,"href":"https:\/\/staging.dyrsan.fr\/pt\/wp-json\/wp\/v2\/product_brand?post=65387"},{"taxonomy":"product_cat","embeddable":true,"href":"https:\/\/staging.dyrsan.fr\/pt\/wp-json\/wp\/v2\/product_cat?post=65387"},{"taxonomy":"product_tag","embeddable":true,"href":"https:\/\/staging.dyrsan.fr\/pt\/wp-json\/wp\/v2\/product_tag?post=65387"}],"curies":[{"name":"wp","href":"https:\/\/api.w.org\/{rel}","templated":true}]}}