{"id":65381,"date":"2025-08-29T20:31:37","date_gmt":"2025-08-29T20:31:37","guid":{"rendered":"https:\/\/www.2027.staging.dyrsan.fr\/?post_type=product&#038;p=65381"},"modified":"2026-04-03T17:54:44","modified_gmt":"2026-04-03T17:54:44","slug":"boucle-connecteur-en-metal-gris-acier-48-mm","status":"publish","type":"product","link":"https:\/\/staging.dyrsan.fr\/pt\/shop\/boucle-connecteur-en-metal-gris-acier-48-mm\/","title":{"rendered":"Fivela de liga\u00e7\u00e3o met\u00e1lica cinzenta de 48 mm em a\u00e7o"},"content":{"rendered":"<p>Cette boucle connecteur en m\u00e9tal gris acier 48 mm est id\u00e9ale pour l\u2019assemblage et la finition des maillots de bain, lingerie et v\u00eatements. Robuste et \u00e9l\u00e9gante, elle assure une connexion fiable tout en apportant une touche moderne aux cr\u00e9ations textiles professionnelles.<\/p>\n<p>&nbsp;<\/p>\n<p><strong>Especifica\u00e7\u00f5es t\u00e9cnicas:<\/strong><\/p>\n<p>R\u00e9f\u00e9rence : DY0305<br \/>\nMaterial(is): Metal<br \/>\nCouleur : Gris acier<br \/>\nTaille : 48 mm<br \/>\nPoids : 12 g<br \/>\nTratamento de superf\u00edcie: polimento espelhado e galvanoplastia<br \/>\nEmbalagem : Vendido em embalagens de 100 unidades<br \/>\nUtilisation : Maillot de bain, lingerie, v\u00eatement, accessoires textiles<br \/>\nCommande personnalis\u00e9e : Livraison sous 4 semaines max<\/p>","protected":false},"excerpt":{"rendered":"<p>Cette boucle connecteur en m\u00e9tal gris acier 48 mm est id\u00e9ale pour l\u2019assemblage et la finition des maillots de bain, lingerie et v\u00eatements. Robuste et \u00e9l\u00e9gante, elle assure une connexion fiable tout en apportant une touche moderne aux cr\u00e9ations textiles professionnelles.<\/p>\n<p>&nbsp;<\/p>\n<p><strong>Especifica\u00e7\u00f5es t\u00e9cnicas:<\/strong><\/p>\n<p>R\u00e9f\u00e9rence : DY0305<br \/>\nMaterial(is): Metal<br \/>\nCouleur : Gris acier<br \/>\nTaille : 48 mm<br \/>\nPoids : 12 g<br \/>\nTratamento de superf\u00edcie: polimento espelhado e galvanoplastia<br \/>\nEmbalagem : Vendido em embalagens de 100 unidades<br \/>\nUtilisation : Maillot de bain, lingerie, v\u00eatement, accessoires textiles<br \/>\nCommande personnalis\u00e9e : Livraison sous 4 semaines max<\/p>","protected":false},"featured_media":60964,"comment_status":"closed","ping_status":"closed","template":"","meta":[],"product_brand":[],"product_cat":[148,140,149],"product_tag":[384,157,170],"class_list":{"0":"post-65381","1":"product","2":"type-product","3":"status-publish","4":"has-post-thumbnail","6":"product_cat-boucles","7":"product_cat-accessoires","8":"product_cat-connecteurs","9":"product_tag-boucle","10":"product_tag-boucle-connecteur","11":"product_tag-boucle-maillot-de-bain","12":"product_shipping_class-1-a-2kg","14":"first","15":"instock","16":"taxable","17":"shipping-taxable","18":"purchasable","19":"product-type-simple"},"_links":{"self":[{"href":"https:\/\/staging.dyrsan.fr\/pt\/wp-json\/wp\/v2\/product\/65381","targetHints":{"allow":["GET"]}}],"collection":[{"href":"https:\/\/staging.dyrsan.fr\/pt\/wp-json\/wp\/v2\/product"}],"about":[{"href":"https:\/\/staging.dyrsan.fr\/pt\/wp-json\/wp\/v2\/types\/product"}],"replies":[{"embeddable":true,"href":"https:\/\/staging.dyrsan.fr\/pt\/wp-json\/wp\/v2\/comments?post=65381"}],"version-history":[{"count":4,"href":"https:\/\/staging.dyrsan.fr\/pt\/wp-json\/wp\/v2\/product\/65381\/revisions"}],"predecessor-version":[{"id":73158,"href":"https:\/\/staging.dyrsan.fr\/pt\/wp-json\/wp\/v2\/product\/65381\/revisions\/73158"}],"wp:featuredmedia":[{"embeddable":true,"href":"https:\/\/staging.dyrsan.fr\/pt\/wp-json\/wp\/v2\/media\/60964"}],"wp:attachment":[{"href":"https:\/\/staging.dyrsan.fr\/pt\/wp-json\/wp\/v2\/media?parent=65381"}],"wp:term":[{"taxonomy":"product_brand","embeddable":true,"href":"https:\/\/staging.dyrsan.fr\/pt\/wp-json\/wp\/v2\/product_brand?post=65381"},{"taxonomy":"product_cat","embeddable":true,"href":"https:\/\/staging.dyrsan.fr\/pt\/wp-json\/wp\/v2\/product_cat?post=65381"},{"taxonomy":"product_tag","embeddable":true,"href":"https:\/\/staging.dyrsan.fr\/pt\/wp-json\/wp\/v2\/product_tag?post=65381"}],"curies":[{"name":"wp","href":"https:\/\/api.w.org\/{rel}","templated":true}]}}