{"id":65380,"date":"2025-08-29T20:31:36","date_gmt":"2025-08-29T20:31:36","guid":{"rendered":"https:\/\/www.2027.staging.dyrsan.fr\/?post_type=product&#038;p=65380"},"modified":"2026-04-03T17:54:46","modified_gmt":"2026-04-03T17:54:46","slug":"boucle-connecteur-en-metal-couleur-argent-40-mm","status":"publish","type":"product","link":"https:\/\/staging.dyrsan.fr\/pt\/shop\/boucle-connecteur-en-metal-couleur-argent-40-mm\/","title":{"rendered":"Fivela de liga\u00e7\u00e3o met\u00e1lica prateada de 40 mm"},"content":{"rendered":"<p>Cette boucle connecteur en m\u00e9tal couleur argent 40 mm est id\u00e9ale pour l\u2019assemblage et la finition des maillots de bain, bikinis, lingerie et accessoires textiles. Solide et \u00e9l\u00e9gante, elle garantit une liaison fiable tout en apportant une finition professionnelle et soign\u00e9e.<\/p>\n<p>&nbsp;<\/p>\n<p><strong>Especifica\u00e7\u00f5es t\u00e9cnicas:<\/strong><br \/>\nR\u00e9f\u00e9rence : DY0809<br \/>\nMaterial(is): Metal<br \/>\nCouleur : Argent<br \/>\nTaille : 40 mm<br \/>\nPoids : 8 g<br \/>\nTratamento de superf\u00edcie: polimento espelhado e galvanoplastia<br \/>\nEmbalagem : Vendido em embalagens de 100 unidades<br \/>\nPrazo de execu\u00e7\u00e3o: Encomenda personalizada - Entrega no prazo m\u00e1ximo de 4 semanas<\/p>","protected":false},"excerpt":{"rendered":"<p>Cette boucle connecteur en m\u00e9tal couleur argent 40 mm est id\u00e9ale pour l\u2019assemblage et la finition des maillots de bain, bikinis, lingerie et accessoires textiles. Solide et \u00e9l\u00e9gante, elle garantit une liaison fiable tout en apportant une finition professionnelle et soign\u00e9e.<\/p>\n<p>&nbsp;<\/p>\n<p><strong>Especifica\u00e7\u00f5es t\u00e9cnicas:<\/strong><br \/>\nR\u00e9f\u00e9rence : DY0809<br \/>\nMaterial(is): Metal<br \/>\nCouleur : Argent<br \/>\nTaille : 40 mm<br \/>\nPoids : 8 g<br \/>\nTratamento de superf\u00edcie: polimento espelhado e galvanoplastia<br \/>\nEmbalagem : Vendido em embalagens de 100 unidades<br \/>\nPrazo de execu\u00e7\u00e3o: Encomenda personalizada - Entrega no prazo m\u00e1ximo de 4 semanas<\/p>","protected":false},"featured_media":60960,"comment_status":"closed","ping_status":"closed","template":"","meta":[],"product_brand":[],"product_cat":[148,140,149],"product_tag":[384,157,170],"class_list":{"0":"post-65380","1":"product","2":"type-product","3":"status-publish","4":"has-post-thumbnail","6":"product_cat-boucles","7":"product_cat-accessoires","8":"product_cat-connecteurs","9":"product_tag-boucle","10":"product_tag-boucle-connecteur","11":"product_tag-boucle-maillot-de-bain","12":"product_shipping_class-1-a-2kg","14":"first","15":"instock","16":"taxable","17":"shipping-taxable","18":"purchasable","19":"product-type-simple"},"_links":{"self":[{"href":"https:\/\/staging.dyrsan.fr\/pt\/wp-json\/wp\/v2\/product\/65380","targetHints":{"allow":["GET"]}}],"collection":[{"href":"https:\/\/staging.dyrsan.fr\/pt\/wp-json\/wp\/v2\/product"}],"about":[{"href":"https:\/\/staging.dyrsan.fr\/pt\/wp-json\/wp\/v2\/types\/product"}],"replies":[{"embeddable":true,"href":"https:\/\/staging.dyrsan.fr\/pt\/wp-json\/wp\/v2\/comments?post=65380"}],"version-history":[{"count":5,"href":"https:\/\/staging.dyrsan.fr\/pt\/wp-json\/wp\/v2\/product\/65380\/revisions"}],"predecessor-version":[{"id":73735,"href":"https:\/\/staging.dyrsan.fr\/pt\/wp-json\/wp\/v2\/product\/65380\/revisions\/73735"}],"wp:featuredmedia":[{"embeddable":true,"href":"https:\/\/staging.dyrsan.fr\/pt\/wp-json\/wp\/v2\/media\/60960"}],"wp:attachment":[{"href":"https:\/\/staging.dyrsan.fr\/pt\/wp-json\/wp\/v2\/media?parent=65380"}],"wp:term":[{"taxonomy":"product_brand","embeddable":true,"href":"https:\/\/staging.dyrsan.fr\/pt\/wp-json\/wp\/v2\/product_brand?post=65380"},{"taxonomy":"product_cat","embeddable":true,"href":"https:\/\/staging.dyrsan.fr\/pt\/wp-json\/wp\/v2\/product_cat?post=65380"},{"taxonomy":"product_tag","embeddable":true,"href":"https:\/\/staging.dyrsan.fr\/pt\/wp-json\/wp\/v2\/product_tag?post=65380"}],"curies":[{"name":"wp","href":"https:\/\/api.w.org\/{rel}","templated":true}]}}