{"id":65378,"date":"2025-08-29T20:31:36","date_gmt":"2025-08-29T20:31:36","guid":{"rendered":"https:\/\/www.2027.staging.dyrsan.fr\/?post_type=product&#038;p=65378"},"modified":"2026-04-03T17:54:51","modified_gmt":"2026-04-03T17:54:51","slug":"fermoir-attache-en-metal-couleur-or-20-mm","status":"publish","type":"product","link":"https:\/\/staging.dyrsan.fr\/pt\/shop\/fermoir-attache-en-metal-couleur-or-20-mm\/","title":{"rendered":"Fecho de metal dourado de 20 mm"},"content":{"rendered":"<p>Ce fermoir attache en m\u00e9tal couleur or 20 mm est con\u00e7u pour la fermeture des maillots de bain, bikinis, lingerie et v\u00eatements. Robuste et \u00e9l\u00e9gant, il assure une fixation fiable tout en apportant une finition soign\u00e9e aux cr\u00e9ations textiles professionnelles.<\/p>\n<p>&nbsp;<\/p>\n<p><strong>Especifica\u00e7\u00f5es t\u00e9cnicas:<\/strong><br \/>\nR\u00e9f\u00e9rence : DYD0025<br \/>\nMaterial(is): Metal<br \/>\nCouleur : Or<br \/>\nTaille : 20 mm<br \/>\nPeso : 9 g<br \/>\nTratamento de superf\u00edcie: polimento espelhado e galvanoplastia<br \/>\nEmbalagem : Vendido em embalagens de 100 unidades<br \/>\nDisponibilit\u00e9 : 10 en stock<br \/>\nPrazo de execu\u00e7\u00e3o: Encomenda personalizada - Entrega no prazo m\u00e1ximo de 4 semanas<\/p>","protected":false},"excerpt":{"rendered":"<p>Ce fermoir attache en m\u00e9tal couleur or 20 mm est con\u00e7u pour la fermeture des maillots de bain, bikinis, lingerie et v\u00eatements. Robuste et \u00e9l\u00e9gant, il assure une fixation fiable tout en apportant une finition soign\u00e9e aux cr\u00e9ations textiles professionnelles.<\/p>\n<p>&nbsp;<\/p>\n<p><strong>Especifica\u00e7\u00f5es t\u00e9cnicas:<\/strong><br \/>\nR\u00e9f\u00e9rence : DYD0025<br \/>\nMaterial(is): Metal<br \/>\nCouleur : Or<br \/>\nTaille : 20 mm<br \/>\nPeso : 9 g<br \/>\nTratamento de superf\u00edcie: polimento espelhado e galvanoplastia<br \/>\nEmbalagem : Vendido em embalagens de 100 unidades<br \/>\nDisponibilit\u00e9 : 10 en stock<br \/>\nPrazo de execu\u00e7\u00e3o: Encomenda personalizada - Entrega no prazo m\u00e1ximo de 4 semanas<\/p>","protected":false},"featured_media":60951,"comment_status":"closed","ping_status":"closed","template":"","meta":[],"product_brand":[],"product_cat":[140,147],"product_tag":[376,375],"class_list":{"0":"post-65378","1":"product","2":"type-product","3":"status-publish","4":"has-post-thumbnail","6":"product_cat-accessoires","7":"product_cat-fermoirs","8":"product_tag-attache","9":"product_tag-fermoir","10":"product_shipping_class-1-a-2kg","12":"first","13":"instock","14":"taxable","15":"shipping-taxable","16":"purchasable","17":"product-type-simple"},"_links":{"self":[{"href":"https:\/\/staging.dyrsan.fr\/pt\/wp-json\/wp\/v2\/product\/65378","targetHints":{"allow":["GET"]}}],"collection":[{"href":"https:\/\/staging.dyrsan.fr\/pt\/wp-json\/wp\/v2\/product"}],"about":[{"href":"https:\/\/staging.dyrsan.fr\/pt\/wp-json\/wp\/v2\/types\/product"}],"replies":[{"embeddable":true,"href":"https:\/\/staging.dyrsan.fr\/pt\/wp-json\/wp\/v2\/comments?post=65378"}],"version-history":[{"count":5,"href":"https:\/\/staging.dyrsan.fr\/pt\/wp-json\/wp\/v2\/product\/65378\/revisions"}],"predecessor-version":[{"id":73831,"href":"https:\/\/staging.dyrsan.fr\/pt\/wp-json\/wp\/v2\/product\/65378\/revisions\/73831"}],"wp:featuredmedia":[{"embeddable":true,"href":"https:\/\/staging.dyrsan.fr\/pt\/wp-json\/wp\/v2\/media\/60951"}],"wp:attachment":[{"href":"https:\/\/staging.dyrsan.fr\/pt\/wp-json\/wp\/v2\/media?parent=65378"}],"wp:term":[{"taxonomy":"product_brand","embeddable":true,"href":"https:\/\/staging.dyrsan.fr\/pt\/wp-json\/wp\/v2\/product_brand?post=65378"},{"taxonomy":"product_cat","embeddable":true,"href":"https:\/\/staging.dyrsan.fr\/pt\/wp-json\/wp\/v2\/product_cat?post=65378"},{"taxonomy":"product_tag","embeddable":true,"href":"https:\/\/staging.dyrsan.fr\/pt\/wp-json\/wp\/v2\/product_tag?post=65378"}],"curies":[{"name":"wp","href":"https:\/\/api.w.org\/{rel}","templated":true}]}}