{"id":65344,"date":"2025-08-29T20:31:30","date_gmt":"2025-08-29T20:31:30","guid":{"rendered":"https:\/\/www.2027.staging.dyrsan.fr\/?post_type=product&#038;p=65344"},"modified":"2026-04-03T17:54:59","modified_gmt":"2026-04-03T17:54:59","slug":"boucle-connecteur-en-forme-de-coeur-en-metal-dore-brillant","status":"publish","type":"product","link":"https:\/\/staging.dyrsan.fr\/pt\/shop\/boucle-connecteur-en-forme-de-coeur-en-metal-dore-brillant\/","title":{"rendered":"Fivela de liga\u00e7\u00e3o em forma de cora\u00e7\u00e3o em metal dourado brilhante"},"content":{"rendered":"<p>Cette boucle connecteur en forme de c\u0153ur en m\u00e9tal dor\u00e9 brillant est id\u00e9ale pour apporter une touche \u00e9l\u00e9gante et d\u00e9corative aux maillots de bain, bikinis, lingerie et accessoires textiles. Sa finition brillante et sa forme c\u0153ur en font un \u00e9l\u00e9ment \u00e0 la fois fonctionnel et esth\u00e9tique pour des cr\u00e9ations haut de gamme.<\/p>\n<p>&nbsp;<\/p>\n<p><strong>Especifica\u00e7\u00f5es t\u00e9cnicas:<\/strong><br \/>\nR\u00e9f\u00e9rence : DY0793<br \/>\nMaterial(is): Metal<br \/>\nCouleur : Dor\u00e9 brillant<br \/>\nForme : C\u0153ur<\/p>\n<p><strong>Carater\u00edsticas t\u00e9cnicas:<\/strong><\/p>\n<p>Por medida: dispon\u00edvel em tamanhos personalizados e v\u00e1rios acabamentos (ouro amarelo, ouro amarelo brilhante, ouro rosa, prata, cinzento a\u00e7o, bronze dourado) para combinar com os seus desenhos.<br \/>\nEncomendas a granel: pre\u00e7os baixos e op\u00e7\u00f5es flex\u00edveis para as suas colec\u00e7\u00f5es.<br \/>\nDurabilidade excecional: Resiste \u00e0 lavagem sem alterar o seu aspeto.<br \/>\nDesempenho garantido: Elevada resist\u00eancia \u00e0 tra\u00e7\u00e3o para uma utiliza\u00e7\u00e3o fi\u00e1vel e duradoura.<br \/>\nProte\u00e7\u00e3o avan\u00e7ada: Perfeito para ambientes aqu\u00e1ticos gra\u00e7as \u00e0 sua resist\u00eancia ao cloro, \u00e0 \u00e1gua do mar e \u00e0 corros\u00e3o.<br \/>\nNormas cumpridas: sem chumbo, n\u00edquel e cr\u00f3mio, em conformidade com a OEKO e amigo do ambiente.<br \/>\nCompromisso com a qualidade: materiais cuidadosamente selecionados para acabamentos elegantes e duradouros.<\/p>","protected":false},"excerpt":{"rendered":"<p>Cette boucle connecteur en forme de c\u0153ur en m\u00e9tal dor\u00e9 brillantest id\u00e9ale pour apporter une touche \u00e9l\u00e9gante et d\u00e9corative aux maillots de bain, bikinis, lingerie et accessoires textiles. Sa finition brillante et sa forme c\u0153ur en font un \u00e9l\u00e9ment \u00e0 la fois fonctionnel et esth\u00e9tique pour des cr\u00e9ations haut de gamme.<\/p>\n<p>&nbsp;<\/p>\n<p><strong>Especifica\u00e7\u00f5es t\u00e9cnicas:<\/strong><br \/>\nR\u00e9f\u00e9rence : DY0793<br \/>\nMaterial(is): Metal<br \/>\nCouleur : Dor\u00e9 brillant<br \/>\nForme : C\u0153ur<\/p>\n<p>&nbsp;<\/p>\n<p><strong>Carater\u00edsticas t\u00e9cnicas:<\/strong><\/p>\n<p>Por medida: dispon\u00edvel em tamanhos personalizados e v\u00e1rios acabamentos (ouro amarelo, ouro amarelo brilhante, ouro rosa, prata, cinzento a\u00e7o, bronze dourado) para combinar com os seus desenhos.<br \/>\nEncomendas a granel: pre\u00e7os baixos e op\u00e7\u00f5es flex\u00edveis para as suas colec\u00e7\u00f5es.<br \/>\nDurabilidade excecional: Resiste \u00e0 lavagem sem alterar o seu aspeto.<br \/>\nDesempenho garantido: Elevada resist\u00eancia \u00e0 tra\u00e7\u00e3o para uma utiliza\u00e7\u00e3o fi\u00e1vel e duradoura.<br \/>\nProte\u00e7\u00e3o avan\u00e7ada: Perfeito para ambientes aqu\u00e1ticos gra\u00e7as \u00e0 sua resist\u00eancia ao cloro, \u00e0 \u00e1gua do mar e \u00e0 corros\u00e3o.<br \/>\nNormas cumpridas: sem chumbo, n\u00edquel e cr\u00f3mio, em conformidade com a OEKO e amigo do ambiente.<br \/>\nCompromisso com a qualidade: materiais cuidadosamente selecionados para acabamentos elegantes e duradouros.<\/p>","protected":false},"featured_media":60934,"comment_status":"closed","ping_status":"closed","template":"","meta":[],"product_brand":[],"product_cat":[148,140,149],"product_tag":[157,170],"class_list":{"0":"post-65344","1":"product","2":"type-product","3":"status-publish","4":"has-post-thumbnail","6":"product_cat-boucles","7":"product_cat-accessoires","8":"product_cat-connecteurs","9":"product_tag-boucle-connecteur","10":"product_tag-boucle-maillot-de-bain","11":"product_shipping_class-1-a-2kg","13":"first","14":"instock","15":"taxable","16":"shipping-taxable","17":"purchasable","18":"product-type-simple"},"_links":{"self":[{"href":"https:\/\/staging.dyrsan.fr\/pt\/wp-json\/wp\/v2\/product\/65344","targetHints":{"allow":["GET"]}}],"collection":[{"href":"https:\/\/staging.dyrsan.fr\/pt\/wp-json\/wp\/v2\/product"}],"about":[{"href":"https:\/\/staging.dyrsan.fr\/pt\/wp-json\/wp\/v2\/types\/product"}],"replies":[{"embeddable":true,"href":"https:\/\/staging.dyrsan.fr\/pt\/wp-json\/wp\/v2\/comments?post=65344"}],"version-history":[{"count":3,"href":"https:\/\/staging.dyrsan.fr\/pt\/wp-json\/wp\/v2\/product\/65344\/revisions"}],"predecessor-version":[{"id":73173,"href":"https:\/\/staging.dyrsan.fr\/pt\/wp-json\/wp\/v2\/product\/65344\/revisions\/73173"}],"wp:featuredmedia":[{"embeddable":true,"href":"https:\/\/staging.dyrsan.fr\/pt\/wp-json\/wp\/v2\/media\/60934"}],"wp:attachment":[{"href":"https:\/\/staging.dyrsan.fr\/pt\/wp-json\/wp\/v2\/media?parent=65344"}],"wp:term":[{"taxonomy":"product_brand","embeddable":true,"href":"https:\/\/staging.dyrsan.fr\/pt\/wp-json\/wp\/v2\/product_brand?post=65344"},{"taxonomy":"product_cat","embeddable":true,"href":"https:\/\/staging.dyrsan.fr\/pt\/wp-json\/wp\/v2\/product_cat?post=65344"},{"taxonomy":"product_tag","embeddable":true,"href":"https:\/\/staging.dyrsan.fr\/pt\/wp-json\/wp\/v2\/product_tag?post=65344"}],"curies":[{"name":"wp","href":"https:\/\/api.w.org\/{rel}","templated":true}]}}