{"id":65343,"date":"2025-08-29T20:31:30","date_gmt":"2025-08-29T20:31:30","guid":{"rendered":"https:\/\/www.2027.staging.dyrsan.fr\/?post_type=product&#038;p=65343"},"modified":"2026-04-03T17:55:01","modified_gmt":"2026-04-03T17:55:01","slug":"grand-fermoir-attache-en-metal-dore-brillant-54-mm","status":"publish","type":"product","link":"https:\/\/staging.dyrsan.fr\/pt\/shop\/grand-fermoir-attache-en-metal-dore-brillant-54-mm\/","title":{"rendered":"Fecho grande em metal dourado brilhante 54 mm"},"content":{"rendered":"<p>Este fecho grande em metal dourado brilhante de 54 mm \u00e9 ideal para prender com seguran\u00e7a fatos de banho, biqu\u00ednis, lingerie e vestu\u00e1rio. O seu acabamento brilhante confere um toque de eleg\u00e2ncia, garantindo ao mesmo tempo robustez e fiabilidade para as cria\u00e7\u00f5es t\u00eaxteis profissionais.<\/p>\n<p>&nbsp;<\/p>\n<p><strong>Especifica\u00e7\u00f5es t\u00e9cnicas:<\/strong><\/p>\n<p>Refer\u00eancia : DY4590B<br \/>\nMaterial(is): Metal<br \/>\nCor: Ouro amarelo brilhante<br \/>\nTamanho: 54 mm<\/p>\n<p><strong>Carater\u00edsticas t\u00e9cnicas:<\/strong><\/p>\n<p>Por medida: dispon\u00edvel em tamanhos personalizados e v\u00e1rios acabamentos (ouro amarelo, ouro amarelo brilhante, ouro rosa, prata, cinzento a\u00e7o, bronze dourado) para combinar com os seus desenhos.<br \/>\nEncomendas a granel: pre\u00e7os baixos e op\u00e7\u00f5es flex\u00edveis para as suas colec\u00e7\u00f5es.<br \/>\nDurabilidade excecional: Resiste \u00e0 lavagem sem alterar o seu aspeto.<br \/>\nDesempenho garantido: Elevada resist\u00eancia \u00e0 tra\u00e7\u00e3o para uma utiliza\u00e7\u00e3o fi\u00e1vel e duradoura.<br \/>\nProte\u00e7\u00e3o avan\u00e7ada: Perfeito para ambientes aqu\u00e1ticos gra\u00e7as \u00e0 sua resist\u00eancia ao cloro, \u00e0 \u00e1gua do mar e \u00e0 corros\u00e3o.<br \/>\nNormas cumpridas: sem chumbo, n\u00edquel e cr\u00f3mio, em conformidade com a OEKO e amigo do ambiente.<br \/>\nCompromisso com a qualidade: materiais cuidadosamente selecionados para acabamentos elegantes e duradouros.<\/p>","protected":false},"excerpt":{"rendered":"<p>Este fecho grande em metal dourado brilhante de 54 mm \u00e9 ideal para prender com seguran\u00e7a fatos de banho, biqu\u00ednis, lingerie e vestu\u00e1rio. O seu acabamento brilhante confere um toque de eleg\u00e2ncia, garantindo ao mesmo tempo robustez e fiabilidade para as cria\u00e7\u00f5es t\u00eaxteis profissionais.<\/p>\n<p>&nbsp;<\/p>\n<p><strong>Especifica\u00e7\u00f5es t\u00e9cnicas:<\/strong><\/p>\n<p>Refer\u00eancia : DY4590B<br \/>\nMaterial(is): Metal<br \/>\nCor: Ouro amarelo brilhante<br \/>\nTamanho: 54 mm<\/p>\n<p>&nbsp;<\/p>\n<p><strong>Carater\u00edsticas t\u00e9cnicas:<\/strong><\/p>\n<p>Por medida: dispon\u00edvel em tamanhos personalizados e v\u00e1rios acabamentos (ouro amarelo, ouro amarelo brilhante, ouro rosa, prata, cinzento a\u00e7o, bronze dourado) para combinar com os seus desenhos.<br \/>\nEncomendas a granel: pre\u00e7os baixos e op\u00e7\u00f5es flex\u00edveis para as suas colec\u00e7\u00f5es.<br \/>\nDurabilidade excecional: Resiste \u00e0 lavagem sem alterar o seu aspeto.<br \/>\nDesempenho garantido: Elevada resist\u00eancia \u00e0 tra\u00e7\u00e3o para uma utiliza\u00e7\u00e3o fi\u00e1vel e duradoura.<br \/>\nProte\u00e7\u00e3o avan\u00e7ada: Perfeito para ambientes aqu\u00e1ticos gra\u00e7as \u00e0 sua resist\u00eancia ao cloro, \u00e0 \u00e1gua do mar e \u00e0 corros\u00e3o.<br \/>\nNormas cumpridas: sem chumbo, n\u00edquel e cr\u00f3mio, em conformidade com a OEKO e amigo do ambiente.<br \/>\nCompromisso com a qualidade: materiais cuidadosamente selecionados para acabamentos elegantes e duradouros.<\/p>","protected":false},"featured_media":60927,"comment_status":"closed","ping_status":"closed","template":"","meta":[],"product_brand":[],"product_cat":[140,147],"product_tag":[376,375],"class_list":{"0":"post-65343","1":"product","2":"type-product","3":"status-publish","4":"has-post-thumbnail","6":"product_cat-accessoires","7":"product_cat-fermoirs","8":"product_tag-attache","9":"product_tag-fermoir","10":"product_shipping_class-1-a-2kg","12":"first","13":"instock","14":"taxable","15":"shipping-taxable","16":"purchasable","17":"product-type-simple"},"_links":{"self":[{"href":"https:\/\/staging.dyrsan.fr\/pt\/wp-json\/wp\/v2\/product\/65343","targetHints":{"allow":["GET"]}}],"collection":[{"href":"https:\/\/staging.dyrsan.fr\/pt\/wp-json\/wp\/v2\/product"}],"about":[{"href":"https:\/\/staging.dyrsan.fr\/pt\/wp-json\/wp\/v2\/types\/product"}],"replies":[{"embeddable":true,"href":"https:\/\/staging.dyrsan.fr\/pt\/wp-json\/wp\/v2\/comments?post=65343"}],"version-history":[{"count":3,"href":"https:\/\/staging.dyrsan.fr\/pt\/wp-json\/wp\/v2\/product\/65343\/revisions"}],"predecessor-version":[{"id":73171,"href":"https:\/\/staging.dyrsan.fr\/pt\/wp-json\/wp\/v2\/product\/65343\/revisions\/73171"}],"wp:featuredmedia":[{"embeddable":true,"href":"https:\/\/staging.dyrsan.fr\/pt\/wp-json\/wp\/v2\/media\/60927"}],"wp:attachment":[{"href":"https:\/\/staging.dyrsan.fr\/pt\/wp-json\/wp\/v2\/media?parent=65343"}],"wp:term":[{"taxonomy":"product_brand","embeddable":true,"href":"https:\/\/staging.dyrsan.fr\/pt\/wp-json\/wp\/v2\/product_brand?post=65343"},{"taxonomy":"product_cat","embeddable":true,"href":"https:\/\/staging.dyrsan.fr\/pt\/wp-json\/wp\/v2\/product_cat?post=65343"},{"taxonomy":"product_tag","embeddable":true,"href":"https:\/\/staging.dyrsan.fr\/pt\/wp-json\/wp\/v2\/product_tag?post=65343"}],"curies":[{"name":"wp","href":"https:\/\/api.w.org\/{rel}","templated":true}]}}