{"id":65337,"date":"2025-08-29T20:31:29","date_gmt":"2025-08-29T20:31:29","guid":{"rendered":"https:\/\/www.2027.staging.dyrsan.fr\/?post_type=product&#038;p=65337"},"modified":"2026-04-03T17:55:13","modified_gmt":"2026-04-03T17:55:13","slug":"regleur-pour-bretelle-en-metal","status":"publish","type":"product","link":"https:\/\/staging.dyrsan.fr\/pt\/shop\/regleur-pour-bretelle-en-metal\/","title":{"rendered":"Ajustadores para aparelhos met\u00e1licos"},"content":{"rendered":"<p>Ce r\u00e9gleur pour bretelle en m\u00e9tal est con\u00e7u pour l\u2019ajustement pr\u00e9cis des bretelles et sangles sur les v\u00eatements, lingerie et accessoires textiles. Solide et discret, il garantit un r\u00e9glage fiable tout en assurant une finition professionnelle.<\/p>\n<p>&nbsp;<\/p>\n<p><strong>Especifica\u00e7\u00f5es t\u00e9cnicas:<\/strong><br \/>\nR\u00e9f\u00e9rence : 65337<br \/>\nMaterial(is): Metal<br \/>\nCouleur : selon finition (argent\u00e9, or, etc.)<br \/>\nLargeur de bretelle compatible : 10 mm<br \/>\nTaille : 20 mm<br \/>\nPoids : 2 g<br \/>\nTratamento de superf\u00edcie: polimento espelhado e galvanoplastia<br \/>\nEmbalagem : Vendido em embalagens de 100 unidades<br \/>\nDisponibilit\u00e9 : Prix sur demande<br \/>\nPrazo de execu\u00e7\u00e3o: Encomenda personalizada - Entrega no prazo m\u00e1ximo de 4 semanas<\/p>","protected":false},"excerpt":{"rendered":"<p>Ce r\u00e9gleur pour bretelle en m\u00e9tal est con\u00e7u pour l\u2019ajustement pr\u00e9cis des bretelles et sangles sur les v\u00eatements, lingerie et accessoires textiles. Solide et discret, il garantit un r\u00e9glage fiable tout en assurant une finition professionnelle.<\/p>\n<p>&nbsp;<\/p>\n<p><strong>Especifica\u00e7\u00f5es t\u00e9cnicas:<\/strong><br \/>\nR\u00e9f\u00e9rence : 65337<br \/>\nMaterial(is): Metal<br \/>\nCouleur : selon finition (argent\u00e9, or, etc.)<br \/>\nLargeur de bretelle compatible : 10 mm<br \/>\nTaille : 20 mm<br \/>\nPoids : 2 g<br \/>\nTratamento de superf\u00edcie: polimento espelhado e galvanoplastia<br \/>\nEmbalagem : Vendido em embalagens de 100 unidades<br \/>\nDisponibilit\u00e9 : Prix sur demande<br \/>\nPrazo de execu\u00e7\u00e3o: Encomenda personalizada - Entrega no prazo m\u00e1ximo de 4 semanas<\/p>","protected":false},"featured_media":60902,"comment_status":"closed","ping_status":"closed","template":"","meta":[],"product_brand":[],"product_cat":[435,140],"product_tag":[],"class_list":{"0":"post-65337","1":"product","2":"type-product","3":"status-publish","4":"has-post-thumbnail","6":"product_cat-regleurs","7":"product_cat-accessoires","8":"product_shipping_class-1-a-2kg","9":"prix-sur-demande-enabled","11":"first","12":"instock","13":"taxable","14":"shipping-taxable","15":"product-type-simple"},"_links":{"self":[{"href":"https:\/\/staging.dyrsan.fr\/pt\/wp-json\/wp\/v2\/product\/65337","targetHints":{"allow":["GET"]}}],"collection":[{"href":"https:\/\/staging.dyrsan.fr\/pt\/wp-json\/wp\/v2\/product"}],"about":[{"href":"https:\/\/staging.dyrsan.fr\/pt\/wp-json\/wp\/v2\/types\/product"}],"replies":[{"embeddable":true,"href":"https:\/\/staging.dyrsan.fr\/pt\/wp-json\/wp\/v2\/comments?post=65337"}],"version-history":[{"count":5,"href":"https:\/\/staging.dyrsan.fr\/pt\/wp-json\/wp\/v2\/product\/65337\/revisions"}],"predecessor-version":[{"id":73184,"href":"https:\/\/staging.dyrsan.fr\/pt\/wp-json\/wp\/v2\/product\/65337\/revisions\/73184"}],"wp:featuredmedia":[{"embeddable":true,"href":"https:\/\/staging.dyrsan.fr\/pt\/wp-json\/wp\/v2\/media\/60902"}],"wp:attachment":[{"href":"https:\/\/staging.dyrsan.fr\/pt\/wp-json\/wp\/v2\/media?parent=65337"}],"wp:term":[{"taxonomy":"product_brand","embeddable":true,"href":"https:\/\/staging.dyrsan.fr\/pt\/wp-json\/wp\/v2\/product_brand?post=65337"},{"taxonomy":"product_cat","embeddable":true,"href":"https:\/\/staging.dyrsan.fr\/pt\/wp-json\/wp\/v2\/product_cat?post=65337"},{"taxonomy":"product_tag","embeddable":true,"href":"https:\/\/staging.dyrsan.fr\/pt\/wp-json\/wp\/v2\/product_tag?post=65337"}],"curies":[{"name":"wp","href":"https:\/\/api.w.org\/{rel}","templated":true}]}}