{"id":65334,"date":"2025-08-29T20:31:29","date_gmt":"2025-08-29T20:31:29","guid":{"rendered":"https:\/\/www.2027.staging.dyrsan.fr\/?post_type=product&#038;p=65334"},"modified":"2026-04-03T17:55:19","modified_gmt":"2026-04-03T17:55:19","slug":"connecteur-en-metal-or-jaune-brillant-75-mm","status":"publish","type":"product","link":"https:\/\/staging.dyrsan.fr\/pt\/shop\/connecteur-en-metal-or-jaune-brillant-75-mm\/","title":{"rendered":"Conector met\u00e1lico em ouro amarelo brilhante de 75 mm"},"content":{"rendered":"<p>Este conetor met\u00e1lico em ouro amarelo brilhante de 75 mm foi concebido para fatos de banho, lingerie e acess\u00f3rios t\u00eaxteis de gama alta. Forte, elegante e resistente a ambientes aqu\u00e1ticos, garante uma liga\u00e7\u00e3o fi\u00e1vel, acrescentando um acabamento de primeira qualidade \u00e0s cria\u00e7\u00f5es profissionais.<\/p>\n<p>Especifica\u00e7\u00f5es t\u00e9cnicas:<br \/>\nN\u00famero de cat\u00e1logo: DY0696<br \/>\nMaterial(is): Metal<br \/>\nCor: Ouro amarelo brilhante<br \/>\nAcabamento(s) dispon\u00edvel(is): Prata \/ Ouro amarelo \/ Ouro amarelo brilhante \/ Ouro rosa \/ Cinzento a\u00e7o \/ Bronze dourado<br \/>\nTamanho: 75 mm<br \/>\nPeso : 17 g<br \/>\nTratamento de superf\u00edcie: polimento espelhado e galvanoplastia<br \/>\nEmbalagem : Vendido em embalagens de 100 unidades<br \/>\nDisponibilidade: Por encomenda<br \/>\nPrazo de execu\u00e7\u00e3o: Encomenda personalizada - Entrega no prazo m\u00e1ximo de 4 semanas<\/p>","protected":false},"excerpt":{"rendered":"<p>Este conetor met\u00e1lico em ouro amarelo brilhante de 75 mm foi concebido para fatos de banho, lingerie e acess\u00f3rios t\u00eaxteis de gama alta. Forte, elegante e resistente a ambientes aqu\u00e1ticos, garante uma liga\u00e7\u00e3o fi\u00e1vel, acrescentando um acabamento de primeira qualidade \u00e0s cria\u00e7\u00f5es profissionais.<\/p>\n<p>&nbsp;<\/p>\n<p><strong>Especifica\u00e7\u00f5es t\u00e9cnicas:<\/strong><br \/>\nN\u00famero de cat\u00e1logo: DY0696<br \/>\nMaterial(is): Metal<br \/>\nCor: Ouro amarelo brilhante<br \/>\nAcabamento(s) dispon\u00edvel(is): Prata \/ Ouro amarelo \/ Ouro amarelo brilhante \/ Ouro rosa \/ Cinzento a\u00e7o \/ Bronze dourado<br \/>\nTamanho: 75 mm<br \/>\nPeso : 17 g<br \/>\nTratamento de superf\u00edcie: polimento espelhado e galvanoplastia<br \/>\nEmbalagem : Vendido em embalagens de 100 unidades<br \/>\nDisponibilidade: Por encomenda<br \/>\nPrazo de execu\u00e7\u00e3o: Encomenda personalizada - Entrega no prazo m\u00e1ximo de 4 semanas<\/p>","protected":false},"featured_media":60893,"comment_status":"closed","ping_status":"closed","template":"","meta":[],"product_brand":[],"product_cat":[149,140],"product_tag":[438],"class_list":{"0":"post-65334","1":"product","2":"type-product","3":"status-publish","4":"has-post-thumbnail","6":"product_cat-connecteurs","7":"product_cat-accessoires","8":"product_tag-connecteur","9":"product_shipping_class-1-a-2kg","11":"first","12":"instock","13":"taxable","14":"shipping-taxable","15":"purchasable","16":"product-type-simple"},"_links":{"self":[{"href":"https:\/\/staging.dyrsan.fr\/pt\/wp-json\/wp\/v2\/product\/65334","targetHints":{"allow":["GET"]}}],"collection":[{"href":"https:\/\/staging.dyrsan.fr\/pt\/wp-json\/wp\/v2\/product"}],"about":[{"href":"https:\/\/staging.dyrsan.fr\/pt\/wp-json\/wp\/v2\/types\/product"}],"replies":[{"embeddable":true,"href":"https:\/\/staging.dyrsan.fr\/pt\/wp-json\/wp\/v2\/comments?post=65334"}],"version-history":[{"count":4,"href":"https:\/\/staging.dyrsan.fr\/pt\/wp-json\/wp\/v2\/product\/65334\/revisions"}],"predecessor-version":[{"id":73203,"href":"https:\/\/staging.dyrsan.fr\/pt\/wp-json\/wp\/v2\/product\/65334\/revisions\/73203"}],"wp:featuredmedia":[{"embeddable":true,"href":"https:\/\/staging.dyrsan.fr\/pt\/wp-json\/wp\/v2\/media\/60893"}],"wp:attachment":[{"href":"https:\/\/staging.dyrsan.fr\/pt\/wp-json\/wp\/v2\/media?parent=65334"}],"wp:term":[{"taxonomy":"product_brand","embeddable":true,"href":"https:\/\/staging.dyrsan.fr\/pt\/wp-json\/wp\/v2\/product_brand?post=65334"},{"taxonomy":"product_cat","embeddable":true,"href":"https:\/\/staging.dyrsan.fr\/pt\/wp-json\/wp\/v2\/product_cat?post=65334"},{"taxonomy":"product_tag","embeddable":true,"href":"https:\/\/staging.dyrsan.fr\/pt\/wp-json\/wp\/v2\/product_tag?post=65334"}],"curies":[{"name":"wp","href":"https:\/\/api.w.org\/{rel}","templated":true}]}}