{"id":65331,"date":"2025-08-29T20:31:29","date_gmt":"2025-08-29T20:31:29","guid":{"rendered":"https:\/\/www.2027.staging.dyrsan.fr\/?post_type=product&#038;p=65331"},"modified":"2026-04-03T17:55:25","modified_gmt":"2026-04-03T17:55:25","slug":"crochet-en-metal-dore-forme-g-30-mm","status":"publish","type":"product","link":"https:\/\/staging.dyrsan.fr\/pt\/shop\/crochet-en-metal-dore-forme-g-30-mm\/","title":{"rendered":"Gancho de metal dourado, forma G 30 mm"},"content":{"rendered":"<p>Ce crochet en m\u00e9tal dor\u00e9 forme G 30 mm est id\u00e9al pour les maillots de bain, la lingerie, les v\u00eatements et accessoires textiles. R\u00e9sistant, \u00e9l\u00e9gant et con\u00e7u pour les environnements aquatiques, il assure une fixation fiable tout en apportant une finition haut de gamme aux cr\u00e9ations professionnelles.<\/p>\n<p>&nbsp;<\/p>\n<p><strong>Especifica\u00e7\u00f5es t\u00e9cnicas:<\/strong><br \/>\nR\u00e9f\u00e9rence : DY0158<br \/>\nMaterial(is): Metal<br \/>\nCor: dourado<br \/>\nAcabamento(s) dispon\u00edvel(is): Prata \/ Ouro amarelo \/ Ouro amarelo brilhante \/ Ouro rosa \/ Cinzento a\u00e7o \/ Bronze dourado<br \/>\nTamanho: 30 mm<br \/>\nPeso : 5 g<\/p>\n<p>&nbsp;<\/p>\n<p><strong>Carater\u00edsticas t\u00e9cnicas:<\/strong><br \/>\nSans plomb, nickel ni chrome<br \/>\nConforme aux standards OEKO<br \/>\nR\u00e9sistant au chlore, \u00e0 l\u2019eau de mer et \u00e0 la corrosion<br \/>\nEmbalagem : Vendido em embalagens de 100 unidades<br \/>\nDisponibilidade: Por encomenda<\/p>\n<p>Prazo de execu\u00e7\u00e3o: Encomenda personalizada - Entrega no prazo m\u00e1ximo de 4 semanas<\/p>","protected":false},"excerpt":{"rendered":"<p>Ce crochet en m\u00e9tal dor\u00e9 forme G 30 mm est id\u00e9al pour les maillots de bain, la lingerie, les v\u00eatements et accessoires textiles. R\u00e9sistant, \u00e9l\u00e9gant et con\u00e7u pour les environnements aquatiques, il assure une fixation fiable tout en apportant une finition haut de gamme aux cr\u00e9ations professionnelles.<\/p>\n<p>&nbsp;<\/p>\n<p><strong>Especifica\u00e7\u00f5es t\u00e9cnicas:<\/strong><br \/>\nR\u00e9f\u00e9rence : DY0158<br \/>\nMaterial(is): Metal<br \/>\nCor: dourado<br \/>\nAcabamento(s) dispon\u00edvel(is): Prata \/ Ouro amarelo \/ Ouro amarelo brilhante \/ Ouro rosa \/ Cinzento a\u00e7o \/ Bronze dourado<br \/>\nTamanho: 30 mm<br \/>\nPeso : 5 g<\/p>\n<p>&nbsp;<\/p>\n<p><strong>Carater\u00edsticas t\u00e9cnicas:<\/strong><br \/>\nSans plomb, nickel ni chrome<br \/>\nConforme aux standards OEKO<br \/>\nR\u00e9sistant au chlore, \u00e0 l\u2019eau de mer et \u00e0 la corrosion<br \/>\nEmbalagem : Vendido em embalagens de 100 unidades<br \/>\nDisponibilidade: Por encomenda<\/p>\n<p>Prazo de execu\u00e7\u00e3o: Encomenda personalizada - Entrega no prazo m\u00e1ximo de 4 semanas<\/p>","protected":false},"featured_media":60882,"comment_status":"closed","ping_status":"closed","template":"","meta":[],"product_brand":[],"product_cat":[140,160],"product_tag":[377,378],"class_list":{"0":"post-65331","1":"product","2":"type-product","3":"status-publish","4":"has-post-thumbnail","6":"product_cat-accessoires","7":"product_cat-crochets","8":"product_tag-crochet","9":"product_tag-g-hook-2","10":"product_shipping_class-1-a-2kg","12":"first","13":"instock","14":"taxable","15":"shipping-taxable","16":"purchasable","17":"product-type-simple"},"_links":{"self":[{"href":"https:\/\/staging.dyrsan.fr\/pt\/wp-json\/wp\/v2\/product\/65331","targetHints":{"allow":["GET"]}}],"collection":[{"href":"https:\/\/staging.dyrsan.fr\/pt\/wp-json\/wp\/v2\/product"}],"about":[{"href":"https:\/\/staging.dyrsan.fr\/pt\/wp-json\/wp\/v2\/types\/product"}],"replies":[{"embeddable":true,"href":"https:\/\/staging.dyrsan.fr\/pt\/wp-json\/wp\/v2\/comments?post=65331"}],"version-history":[{"count":7,"href":"https:\/\/staging.dyrsan.fr\/pt\/wp-json\/wp\/v2\/product\/65331\/revisions"}],"predecessor-version":[{"id":73837,"href":"https:\/\/staging.dyrsan.fr\/pt\/wp-json\/wp\/v2\/product\/65331\/revisions\/73837"}],"wp:featuredmedia":[{"embeddable":true,"href":"https:\/\/staging.dyrsan.fr\/pt\/wp-json\/wp\/v2\/media\/60882"}],"wp:attachment":[{"href":"https:\/\/staging.dyrsan.fr\/pt\/wp-json\/wp\/v2\/media?parent=65331"}],"wp:term":[{"taxonomy":"product_brand","embeddable":true,"href":"https:\/\/staging.dyrsan.fr\/pt\/wp-json\/wp\/v2\/product_brand?post=65331"},{"taxonomy":"product_cat","embeddable":true,"href":"https:\/\/staging.dyrsan.fr\/pt\/wp-json\/wp\/v2\/product_cat?post=65331"},{"taxonomy":"product_tag","embeddable":true,"href":"https:\/\/staging.dyrsan.fr\/pt\/wp-json\/wp\/v2\/product_tag?post=65331"}],"curies":[{"name":"wp","href":"https:\/\/api.w.org\/{rel}","templated":true}]}}