{"id":65329,"date":"2025-08-29T20:31:29","date_gmt":"2025-08-29T20:31:29","guid":{"rendered":"https:\/\/www.2027.staging.dyrsan.fr\/?post_type=product&#038;p=65329"},"modified":"2026-04-03T17:55:29","modified_gmt":"2026-04-03T17:55:29","slug":"connecteur-chaine-en-metal-dore","status":"publish","type":"product","link":"https:\/\/staging.dyrsan.fr\/pt\/shop\/connecteur-chaine-en-metal-dore\/","title":{"rendered":"Conector de corrente em metal dourado"},"content":{"rendered":"<p>Ce connecteur cha\u00eene en m\u00e9tal dor\u00e9 est id\u00e9al pour la confection de maillots de bain, bikinis, lingerie et accessoires textiles. R\u00e9sistant \u00e0 l\u2019eau, \u00e0 la transpiration et \u00e0 la corrosion, il garantit une tenue durable et une finition \u00e9l\u00e9gante, m\u00eame en usage intensif.<\/p>\n<p>&nbsp;<\/p>\n<p><strong>Especifica\u00e7\u00f5es t\u00e9cnicas:<\/strong><br \/>\nR\u00e9f\u00e9rence : DYG0339<br \/>\nMaterial(is): Metal<br \/>\nCor: dourado<br \/>\nTaille : 5 \u00d7 2 cm<br \/>\nPoids : 6 g<br \/>\nTratamento de superf\u00edcie: polimento espelhado e galvanoplastia<\/p>\n<p>&nbsp;<\/p>\n<p><strong>Carater\u00edsticas t\u00e9cnicas:<\/strong><br \/>\n\u2013 R\u00e9sistant \u00e0 la rouille<br \/>\n\u2013 R\u00e9sistant \u00e0 l\u2019eau de mer et \u00e0 la transpiration<br \/>\n\u2013 Ne se d\u00e9colore pas<br \/>\n\u2013 Sans bords tranchants (non irritant)<br \/>\n\u2013 Haute tenue dans le temps (m\u00eame cousu ou expos\u00e9 au soleil)<br \/>\nEmbalagem : Vendido em embalagens de 100 unidades<\/p>\n<p>Prazo de execu\u00e7\u00e3o: Encomenda personalizada - Entrega no prazo m\u00e1ximo de 4 semanas<\/p>","protected":false},"excerpt":{"rendered":"<p>Ce connecteur cha\u00eene en m\u00e9tal dor\u00e9 est id\u00e9al pour la confection de maillots de bain, bikinis, lingerie et accessoires textiles. R\u00e9sistant \u00e0 l\u2019eau, \u00e0 la transpiration et \u00e0 la corrosion, il garantit une tenue durable et une finition \u00e9l\u00e9gante, m\u00eame en usage intensif.<\/p>\n<p>&nbsp;<\/p>\n<p><strong>Especifica\u00e7\u00f5es t\u00e9cnicas:<\/strong><br \/>\nR\u00e9f\u00e9rence : DYG0339<br \/>\nMaterial(is): Metal<br \/>\nCor: dourado<br \/>\nTaille : 5 \u00d7 2 cm<br \/>\nPoids : 6 g<br \/>\nTratamento de superf\u00edcie: polimento espelhado e galvanoplastia<\/p>\n<p>&nbsp;<\/p>\n<p><strong>Carater\u00edsticas t\u00e9cnicas:<\/strong><br \/>\n\u2013 R\u00e9sistant \u00e0 la rouille<br \/>\n\u2013 R\u00e9sistant \u00e0 l\u2019eau de mer et \u00e0 la transpiration<br \/>\n\u2013 Ne se d\u00e9colore pas<br \/>\n\u2013 Sans bords tranchants (non irritant)<br \/>\n\u2013 Haute tenue dans le temps (m\u00eame cousu ou expos\u00e9 au soleil)<br \/>\nEmbalagem : Vendido em embalagens de 100 unidades<\/p>\n<p>Prazo de execu\u00e7\u00e3o: Encomenda personalizada - Entrega no prazo m\u00e1ximo de 4 semanas<\/p>","protected":false},"featured_media":60871,"comment_status":"closed","ping_status":"closed","template":"","meta":[],"product_brand":[],"product_cat":[434,140,149],"product_tag":[381,382],"class_list":{"0":"post-65329","1":"product","2":"type-product","3":"status-publish","4":"has-post-thumbnail","6":"product_cat-chaines","7":"product_cat-accessoires","8":"product_cat-connecteurs","9":"product_tag-chaine","10":"product_tag-chaine-connecteur","11":"product_shipping_class-1-a-2kg","13":"first","14":"instock","15":"taxable","16":"shipping-taxable","17":"purchasable","18":"product-type-simple"},"_links":{"self":[{"href":"https:\/\/staging.dyrsan.fr\/pt\/wp-json\/wp\/v2\/product\/65329","targetHints":{"allow":["GET"]}}],"collection":[{"href":"https:\/\/staging.dyrsan.fr\/pt\/wp-json\/wp\/v2\/product"}],"about":[{"href":"https:\/\/staging.dyrsan.fr\/pt\/wp-json\/wp\/v2\/types\/product"}],"replies":[{"embeddable":true,"href":"https:\/\/staging.dyrsan.fr\/pt\/wp-json\/wp\/v2\/comments?post=65329"}],"version-history":[{"count":7,"href":"https:\/\/staging.dyrsan.fr\/pt\/wp-json\/wp\/v2\/product\/65329\/revisions"}],"predecessor-version":[{"id":73195,"href":"https:\/\/staging.dyrsan.fr\/pt\/wp-json\/wp\/v2\/product\/65329\/revisions\/73195"}],"wp:featuredmedia":[{"embeddable":true,"href":"https:\/\/staging.dyrsan.fr\/pt\/wp-json\/wp\/v2\/media\/60871"}],"wp:attachment":[{"href":"https:\/\/staging.dyrsan.fr\/pt\/wp-json\/wp\/v2\/media?parent=65329"}],"wp:term":[{"taxonomy":"product_brand","embeddable":true,"href":"https:\/\/staging.dyrsan.fr\/pt\/wp-json\/wp\/v2\/product_brand?post=65329"},{"taxonomy":"product_cat","embeddable":true,"href":"https:\/\/staging.dyrsan.fr\/pt\/wp-json\/wp\/v2\/product_cat?post=65329"},{"taxonomy":"product_tag","embeddable":true,"href":"https:\/\/staging.dyrsan.fr\/pt\/wp-json\/wp\/v2\/product_tag?post=65329"}],"curies":[{"name":"wp","href":"https:\/\/api.w.org\/{rel}","templated":true}]}}