{"id":65327,"date":"2025-08-29T20:31:28","date_gmt":"2025-08-29T20:31:28","guid":{"rendered":"https:\/\/www.2027.staging.dyrsan.fr\/?post_type=product&#038;p=65327"},"modified":"2026-04-03T17:55:33","modified_gmt":"2026-04-03T17:55:33","slug":"boucle-connecteur-en-metal-argente-20-mm","status":"publish","type":"product","link":"https:\/\/staging.dyrsan.fr\/pt\/shop\/boucle-connecteur-en-metal-argente-20-mm\/","title":{"rendered":"Fivela de liga\u00e7\u00e3o em metal prateado de 20 mm"},"content":{"rendered":"<p>Cette boucle connecteur en m\u00e9tal argent\u00e9 20 mm est id\u00e9ale pour la confection de maillots de bain, lingerie, v\u00eatements et accessoires textiles. \u00c9l\u00e9gante, r\u00e9sistante et con\u00e7ue pour un usage professionnel, elle garantit une finition soign\u00e9e et une excellente tenue, m\u00eame en environnements aquatiques.<\/p>\n<p>&nbsp;<\/p>\n<p><strong>Especifica\u00e7\u00f5es t\u00e9cnicas:<\/strong><br \/>\nR\u00e9f\u00e9rence : DY0980-20<br \/>\nMaterial(is): Metal<br \/>\nCor: Prateado<br \/>\nAcabamento(s) dispon\u00edvel(is): Prata \/ Ouro amarelo \/ Ouro amarelo brilhante \/ Ouro rosa \/ Cinzento a\u00e7o \/ Bronze dourado<br \/>\nTaille : 20 mm<br \/>\nPoids : 4 g<br \/>\nTratamento de superf\u00edcie: polimento espelhado e galvanoplastia<\/p>\n<p>&nbsp;<\/p>\n<p><strong>Carater\u00edsticas t\u00e9cnicas:<\/strong><br \/>\nEmbalagem : Vendido em embalagens de 100 unidades<br \/>\nDisponibilidade: Por encomenda<\/p>\n<p>Prazo de execu\u00e7\u00e3o: Encomenda personalizada - Entrega no prazo m\u00e1ximo de 4 semanas<\/p>","protected":false},"excerpt":{"rendered":"<p>Cette boucle connecteur en m\u00e9tal argent\u00e9 20 mm est id\u00e9ale pour la confection de maillots de bain, lingerie, v\u00eatements et accessoires textiles. \u00c9l\u00e9gante, r\u00e9sistante et con\u00e7ue pour un usage professionnel, elle garantit une finition soign\u00e9e et une excellente tenue, m\u00eame en environnements aquatiques.<\/p>\n<p>&nbsp;<\/p>\n<p><strong>Especifica\u00e7\u00f5es t\u00e9cnicas:<\/strong><br \/>\nR\u00e9f\u00e9rence : DY0980-20<br \/>\nMaterial(is): Metal<br \/>\nCor: Prateado<br \/>\nAcabamento(s) dispon\u00edvel(is): Prata \/ Ouro amarelo \/ Ouro amarelo brilhante \/ Ouro rosa \/ Cinzento a\u00e7o \/ Bronze dourado<br \/>\nTaille : 20 mm<br \/>\nPoids : 4 g<br \/>\nTratamento de superf\u00edcie: polimento espelhado e galvanoplastia<\/p>\n<p>&nbsp;<\/p>\n<p><strong>Carater\u00edsticas t\u00e9cnicas:<\/strong><br \/>\nEmbalagem : Vendido em embalagens de 100 unidades<br \/>\nDisponibilidade: Por encomenda<\/p>\n<p>Prazo de execu\u00e7\u00e3o: Encomenda personalizada - Entrega no prazo m\u00e1ximo de 4 semanas<\/p>","protected":false},"featured_media":60865,"comment_status":"closed","ping_status":"closed","template":"","meta":[],"product_brand":[],"product_cat":[148,140,149],"product_tag":[384,157,170],"class_list":{"0":"post-65327","1":"product","2":"type-product","3":"status-publish","4":"has-post-thumbnail","6":"product_cat-boucles","7":"product_cat-accessoires","8":"product_cat-connecteurs","9":"product_tag-boucle","10":"product_tag-boucle-connecteur","11":"product_tag-boucle-maillot-de-bain","12":"product_shipping_class-1-a-2kg","14":"first","15":"instock","16":"taxable","17":"shipping-taxable","18":"purchasable","19":"product-type-simple"},"_links":{"self":[{"href":"https:\/\/staging.dyrsan.fr\/pt\/wp-json\/wp\/v2\/product\/65327","targetHints":{"allow":["GET"]}}],"collection":[{"href":"https:\/\/staging.dyrsan.fr\/pt\/wp-json\/wp\/v2\/product"}],"about":[{"href":"https:\/\/staging.dyrsan.fr\/pt\/wp-json\/wp\/v2\/types\/product"}],"replies":[{"embeddable":true,"href":"https:\/\/staging.dyrsan.fr\/pt\/wp-json\/wp\/v2\/comments?post=65327"}],"version-history":[{"count":4,"href":"https:\/\/staging.dyrsan.fr\/pt\/wp-json\/wp\/v2\/product\/65327\/revisions"}],"predecessor-version":[{"id":73221,"href":"https:\/\/staging.dyrsan.fr\/pt\/wp-json\/wp\/v2\/product\/65327\/revisions\/73221"}],"wp:featuredmedia":[{"embeddable":true,"href":"https:\/\/staging.dyrsan.fr\/pt\/wp-json\/wp\/v2\/media\/60865"}],"wp:attachment":[{"href":"https:\/\/staging.dyrsan.fr\/pt\/wp-json\/wp\/v2\/media?parent=65327"}],"wp:term":[{"taxonomy":"product_brand","embeddable":true,"href":"https:\/\/staging.dyrsan.fr\/pt\/wp-json\/wp\/v2\/product_brand?post=65327"},{"taxonomy":"product_cat","embeddable":true,"href":"https:\/\/staging.dyrsan.fr\/pt\/wp-json\/wp\/v2\/product_cat?post=65327"},{"taxonomy":"product_tag","embeddable":true,"href":"https:\/\/staging.dyrsan.fr\/pt\/wp-json\/wp\/v2\/product_tag?post=65327"}],"curies":[{"name":"wp","href":"https:\/\/api.w.org\/{rel}","templated":true}]}}