{"id":65326,"date":"2025-08-29T20:31:28","date_gmt":"2025-08-29T20:31:28","guid":{"rendered":"https:\/\/www.2027.staging.dyrsan.fr\/?post_type=product&#038;p=65326"},"modified":"2026-04-03T17:55:35","modified_gmt":"2026-04-03T17:55:35","slug":"fermoir-attache-en-metal-noir-mat-15-mm","status":"publish","type":"product","link":"https:\/\/staging.dyrsan.fr\/pt\/shop\/fermoir-attache-en-metal-noir-mat-15-mm\/","title":{"rendered":"Fecho\/fecho de metal preto mate de 15 mm"},"content":{"rendered":"<p>Este fecho de metal preto mate de 15 mm \u00e9 ideal para fatos de banho, lingerie, vestu\u00e1rio t\u00e9cnico e acess\u00f3rios t\u00eaxteis. Forte, discreto e elegante, oferece um fecho fi\u00e1vel e confere um acabamento moderno e profissional \u00e0s suas cria\u00e7\u00f5es.<\/p>\n<p>&nbsp;<\/p>\n<p><strong>Especifica\u00e7\u00f5es t\u00e9cnicas:<\/strong><br \/>\nRefer\u00eancia : DYD0025-15<br \/>\nMaterial(is): Metal<br \/>\nCor: Preto mate<br \/>\nAcabamento(s) dispon\u00edvel(is): Prata \/ Ouro amarelo \/ Ouro amarelo brilhante \/ Ouro rosa \/ Cinzento a\u00e7o \/ Bronze dourado<br \/>\nTamanho: 15 mm<br \/>\nPeso : 11 g<br \/>\nTratamento de superf\u00edcie: polimento espelhado e galvanoplastia<\/p>\n<p>&nbsp;<\/p>\n<p><strong>Carater\u00edsticas t\u00e9cnicas:<\/strong><br \/>\nEmbalagem : Vendido em embalagens de 100 unidades<br \/>\nDisponibilidade: Por encomenda<\/p>\n<p>Prazo de execu\u00e7\u00e3o: Encomenda personalizada - Entrega no prazo m\u00e1ximo de 4 semanas<\/p>","protected":false},"excerpt":{"rendered":"<p>Este fecho de metal preto mate de 15 mm \u00e9 ideal para fatos de banho, lingerie, vestu\u00e1rio t\u00e9cnico e acess\u00f3rios t\u00eaxteis. Forte, discreto e elegante, oferece um fecho fi\u00e1vel e confere um acabamento moderno e profissional \u00e0s suas cria\u00e7\u00f5es.<\/p>\n<p>&nbsp;<\/p>\n<p><strong>Especifica\u00e7\u00f5es t\u00e9cnicas:<\/strong><br \/>\nRefer\u00eancia : DYD0025-15<br \/>\nMaterial(is): Metal<br \/>\nCor: Preto mate<br \/>\nAcabamento(s) dispon\u00edvel(is): Prata \/ Ouro amarelo \/ Ouro amarelo brilhante \/ Ouro rosa \/ Cinzento a\u00e7o \/ Bronze dourado<br \/>\nTamanho: 15 mm<br \/>\nPeso : 11 g<br \/>\nTratamento de superf\u00edcie: polimento espelhado e galvanoplastia<\/p>\n<p>&nbsp;<\/p>\n<p><strong>Carater\u00edsticas t\u00e9cnicas:<\/strong><br \/>\nEmbalagem : Vendido em embalagens de 100 unidades<br \/>\nDisponibilidade: Por encomenda<\/p>\n<p>Prazo de execu\u00e7\u00e3o: Encomenda personalizada - Entrega no prazo m\u00e1ximo de 4 semanas<\/p>","protected":false},"featured_media":60861,"comment_status":"closed","ping_status":"closed","template":"","meta":[],"product_brand":[],"product_cat":[140,147],"product_tag":[376,375],"class_list":{"0":"post-65326","1":"product","2":"type-product","3":"status-publish","4":"has-post-thumbnail","6":"product_cat-accessoires","7":"product_cat-fermoirs","8":"product_tag-attache","9":"product_tag-fermoir","10":"product_shipping_class-1-a-2kg","12":"first","13":"instock","14":"taxable","15":"shipping-taxable","16":"purchasable","17":"product-type-simple"},"_links":{"self":[{"href":"https:\/\/staging.dyrsan.fr\/pt\/wp-json\/wp\/v2\/product\/65326","targetHints":{"allow":["GET"]}}],"collection":[{"href":"https:\/\/staging.dyrsan.fr\/pt\/wp-json\/wp\/v2\/product"}],"about":[{"href":"https:\/\/staging.dyrsan.fr\/pt\/wp-json\/wp\/v2\/types\/product"}],"replies":[{"embeddable":true,"href":"https:\/\/staging.dyrsan.fr\/pt\/wp-json\/wp\/v2\/comments?post=65326"}],"version-history":[{"count":3,"href":"https:\/\/staging.dyrsan.fr\/pt\/wp-json\/wp\/v2\/product\/65326\/revisions"}],"predecessor-version":[{"id":73219,"href":"https:\/\/staging.dyrsan.fr\/pt\/wp-json\/wp\/v2\/product\/65326\/revisions\/73219"}],"wp:featuredmedia":[{"embeddable":true,"href":"https:\/\/staging.dyrsan.fr\/pt\/wp-json\/wp\/v2\/media\/60861"}],"wp:attachment":[{"href":"https:\/\/staging.dyrsan.fr\/pt\/wp-json\/wp\/v2\/media?parent=65326"}],"wp:term":[{"taxonomy":"product_brand","embeddable":true,"href":"https:\/\/staging.dyrsan.fr\/pt\/wp-json\/wp\/v2\/product_brand?post=65326"},{"taxonomy":"product_cat","embeddable":true,"href":"https:\/\/staging.dyrsan.fr\/pt\/wp-json\/wp\/v2\/product_cat?post=65326"},{"taxonomy":"product_tag","embeddable":true,"href":"https:\/\/staging.dyrsan.fr\/pt\/wp-json\/wp\/v2\/product_tag?post=65326"}],"curies":[{"name":"wp","href":"https:\/\/api.w.org\/{rel}","templated":true}]}}