{"id":65323,"date":"2025-08-29T20:31:28","date_gmt":"2025-08-29T20:31:28","guid":{"rendered":"https:\/\/www.2027.staging.dyrsan.fr\/?post_type=product&#038;p=65323"},"modified":"2026-04-03T17:55:41","modified_gmt":"2026-04-03T17:55:41","slug":"-154","status":"publish","type":"product","link":"https:\/\/staging.dyrsan.fr\/pt\/shop\/-154\/","title":{"rendered":"Separador em forma de V em metal dourado"},"content":{"rendered":"<p>Ce s\u00e9parateur en forme de V en m\u00e9tal dor\u00e9 est id\u00e9al pour les maillots de bain, la lingerie et les cr\u00e9ations textiles haut de gamme. Son design graphique apporte une touche \u00e9l\u00e9gante et moderne tout en assurant une s\u00e9paration et un maintien parfaits. Con\u00e7u pour r\u00e9sister aux environnements aquatiques, il garantit durabilit\u00e9 et finition professionnelle.<\/p>\n<p>&nbsp;<\/p>\n<p><strong>Especifica\u00e7\u00f5es t\u00e9cnicas:<\/strong><br \/>\nR\u00e9f\u00e9rence : DY1586<br \/>\nMaterial(is): Metal<br \/>\nCor: dourado<br \/>\nPor medida: dispon\u00edvel em tamanhos personalizados e v\u00e1rios acabamentos (ouro amarelo, ouro amarelo brilhante, ouro rosa, prata, cinzento a\u00e7o, bronze dourado) para combinar com os seus desenhos.<br \/>\nEncomendas a granel: pre\u00e7os baixos e op\u00e7\u00f5es flex\u00edveis para as suas colec\u00e7\u00f5es.<br \/>\nDurabilidade excecional: Resiste \u00e0 lavagem sem alterar o seu aspeto.<br \/>\nDesempenho garantido: Elevada resist\u00eancia \u00e0 tra\u00e7\u00e3o para uma utiliza\u00e7\u00e3o fi\u00e1vel e duradoura.<br \/>\nProte\u00e7\u00e3o avan\u00e7ada: Perfeito para ambientes aqu\u00e1ticos gra\u00e7as \u00e0 sua resist\u00eancia ao cloro, \u00e0 \u00e1gua do mar e \u00e0 corros\u00e3o.<br \/>\nNormas cumpridas: sem chumbo, n\u00edquel e cr\u00f3mio, em conformidade com a OEKO e amigo do ambiente.<br \/>\nCompromisso com a qualidade: materiais cuidadosamente selecionados para acabamentos elegantes e duradouros.<\/p>","protected":false},"excerpt":{"rendered":"<p>Ce s\u00e9parateur en forme de V en m\u00e9tal dor\u00e9 est id\u00e9al pour les maillots de bain, la lingerie et les cr\u00e9ations textiles haut de gamme. Son design graphique apporte une touche \u00e9l\u00e9gante et moderne tout en assurant une s\u00e9paration et un maintien parfaits. Con\u00e7u pour r\u00e9sister aux environnements aquatiques, il garantit durabilit\u00e9 et finition professionnelle.<\/p>\n<p>&nbsp;<\/p>\n<p><strong>Especifica\u00e7\u00f5es t\u00e9cnicas:<\/strong><br \/>\nR\u00e9f\u00e9rence : DY1586<br \/>\nMaterial(is): Metal<br \/>\nCor: dourado<br \/>\nPor medida: dispon\u00edvel em tamanhos personalizados e v\u00e1rios acabamentos (ouro amarelo, ouro amarelo brilhante, ouro rosa, prata, cinzento a\u00e7o, bronze dourado) para combinar com os seus desenhos.<br \/>\nEncomendas a granel: pre\u00e7os baixos e op\u00e7\u00f5es flex\u00edveis para as suas colec\u00e7\u00f5es.<br \/>\nDurabilidade excecional: Resiste \u00e0 lavagem sem alterar o seu aspeto.<br \/>\nDesempenho garantido: Elevada resist\u00eancia \u00e0 tra\u00e7\u00e3o para uma utiliza\u00e7\u00e3o fi\u00e1vel e duradoura.<br \/>\nProte\u00e7\u00e3o avan\u00e7ada: Perfeito para ambientes aqu\u00e1ticos gra\u00e7as \u00e0 sua resist\u00eancia ao cloro, \u00e0 \u00e1gua do mar e \u00e0 corros\u00e3o.<br \/>\nNormas cumpridas: sem chumbo, n\u00edquel e cr\u00f3mio, em conformidade com a OEKO e amigo do ambiente.<br \/>\nCompromisso com a qualidade: materiais cuidadosamente selecionados para acabamentos elegantes e duradouros.<\/p>","protected":false},"featured_media":60847,"comment_status":"closed","ping_status":"closed","template":"","meta":[],"product_brand":[],"product_cat":[156,140],"product_tag":[373],"class_list":{"0":"post-65323","1":"product","2":"type-product","3":"status-publish","4":"has-post-thumbnail","6":"product_cat-separateurs","7":"product_cat-accessoires","8":"product_tag-separateur","9":"product_shipping_class-1-a-2kg","11":"first","12":"instock","13":"taxable","14":"shipping-taxable","15":"purchasable","16":"product-type-simple"},"_links":{"self":[{"href":"https:\/\/staging.dyrsan.fr\/pt\/wp-json\/wp\/v2\/product\/65323","targetHints":{"allow":["GET"]}}],"collection":[{"href":"https:\/\/staging.dyrsan.fr\/pt\/wp-json\/wp\/v2\/product"}],"about":[{"href":"https:\/\/staging.dyrsan.fr\/pt\/wp-json\/wp\/v2\/types\/product"}],"replies":[{"embeddable":true,"href":"https:\/\/staging.dyrsan.fr\/pt\/wp-json\/wp\/v2\/comments?post=65323"}],"version-history":[{"count":3,"href":"https:\/\/staging.dyrsan.fr\/pt\/wp-json\/wp\/v2\/product\/65323\/revisions"}],"predecessor-version":[{"id":73217,"href":"https:\/\/staging.dyrsan.fr\/pt\/wp-json\/wp\/v2\/product\/65323\/revisions\/73217"}],"wp:featuredmedia":[{"embeddable":true,"href":"https:\/\/staging.dyrsan.fr\/pt\/wp-json\/wp\/v2\/media\/60847"}],"wp:attachment":[{"href":"https:\/\/staging.dyrsan.fr\/pt\/wp-json\/wp\/v2\/media?parent=65323"}],"wp:term":[{"taxonomy":"product_brand","embeddable":true,"href":"https:\/\/staging.dyrsan.fr\/pt\/wp-json\/wp\/v2\/product_brand?post=65323"},{"taxonomy":"product_cat","embeddable":true,"href":"https:\/\/staging.dyrsan.fr\/pt\/wp-json\/wp\/v2\/product_cat?post=65323"},{"taxonomy":"product_tag","embeddable":true,"href":"https:\/\/staging.dyrsan.fr\/pt\/wp-json\/wp\/v2\/product_tag?post=65323"}],"curies":[{"name":"wp","href":"https:\/\/api.w.org\/{rel}","templated":true}]}}