{"id":65321,"date":"2025-08-29T20:31:28","date_gmt":"2025-08-29T20:31:28","guid":{"rendered":"https:\/\/www.2027.staging.dyrsan.fr\/?post_type=product&#038;p=65321"},"modified":"2026-04-03T17:55:43","modified_gmt":"2026-04-03T17:55:43","slug":"boucle-connecteur-serpent-en-metal-et-laiton-dore","status":"publish","type":"product","link":"https:\/\/staging.dyrsan.fr\/pt\/shop\/boucle-connecteur-serpent-en-metal-et-laiton-dore\/","title":{"rendered":"Lat\u00e3o dourado e conetor de fivela de cobra em metal"},"content":{"rendered":"<p>Cette boucle connecteur serpent en m\u00e9tal et laiton dor\u00e9 apporte une touche d\u00e9corative forte et originale aux cr\u00e9ations textiles et accessoires. Id\u00e9ale pour la lingerie, les maillots de bain et les pi\u00e8ces mode haut de gamme, elle combine esth\u00e9tique raffin\u00e9e et robustesse professionnelle.<\/p>\n<p>&nbsp;<\/p>\n<p><strong>Especifica\u00e7\u00f5es t\u00e9cnicas:<\/strong><br \/>\nR\u00e9f\u00e9rence : DY1958<br \/>\nMat\u00e9riau(x) : M\u00e9tal &amp; laiton<br \/>\nCor: dourado<\/p>\n<p>&nbsp;<\/p>\n<p><strong>Carater\u00edsticas t\u00e9cnicas:<\/strong><br \/>\nPor medida: dispon\u00edvel em tamanhos personalizados e v\u00e1rios acabamentos (ouro amarelo, ouro amarelo brilhante, ouro rosa, prata, cinzento a\u00e7o, bronze dourado) para combinar com os seus desenhos.<br \/>\nEncomendas a granel: pre\u00e7os baixos e op\u00e7\u00f5es flex\u00edveis para as suas colec\u00e7\u00f5es.<br \/>\nDurabilidade excecional: Resiste \u00e0 lavagem sem alterar o seu aspeto.<br \/>\nDesempenho garantido: Elevada resist\u00eancia \u00e0 tra\u00e7\u00e3o para uma utiliza\u00e7\u00e3o fi\u00e1vel e duradoura.<br \/>\nProte\u00e7\u00e3o avan\u00e7ada: Perfeito para ambientes aqu\u00e1ticos gra\u00e7as \u00e0 sua resist\u00eancia ao cloro, \u00e0 \u00e1gua do mar e \u00e0 corros\u00e3o.<br \/>\nNormas cumpridas: sem chumbo, n\u00edquel e cr\u00f3mio, em conformidade com a OEKO e amigo do ambiente.<br \/>\nCompromisso com a qualidade: materiais cuidadosamente selecionados para acabamentos elegantes e duradouros.<\/p>","protected":false},"excerpt":{"rendered":"<p>Cette boucle connecteur serpent en m\u00e9tal et laiton dor\u00e9apporte une touche d\u00e9corative forte et originale aux cr\u00e9ations textiles et accessoires. Id\u00e9ale pour la lingerie, les maillots de bain et les pi\u00e8ces mode haut de gamme, elle combine esth\u00e9tique raffin\u00e9e et robustesse professionnelle.<\/p>\n<p>&nbsp;<\/p>\n<p><strong>Especifica\u00e7\u00f5es t\u00e9cnicas:<\/strong><br \/>\nR\u00e9f\u00e9rence : DY1958<br \/>\nMat\u00e9riau(x) : M\u00e9tal &amp; laiton<br \/>\nCor: dourado<\/p>\n<p>&nbsp;<\/p>\n<p><strong>Carater\u00edsticas t\u00e9cnicas:<\/strong><br \/>\nPor medida: dispon\u00edvel em tamanhos personalizados e v\u00e1rios acabamentos (ouro amarelo, ouro amarelo brilhante, ouro rosa, prata, cinzento a\u00e7o, bronze dourado) para combinar com os seus desenhos.<br \/>\nEncomendas a granel: pre\u00e7os baixos e op\u00e7\u00f5es flex\u00edveis para as suas colec\u00e7\u00f5es.<br \/>\nDurabilidade excecional: Resiste \u00e0 lavagem sem alterar o seu aspeto.<br \/>\nDesempenho garantido: Elevada resist\u00eancia \u00e0 tra\u00e7\u00e3o para uma utiliza\u00e7\u00e3o fi\u00e1vel e duradoura.<br \/>\nProte\u00e7\u00e3o avan\u00e7ada: Perfeito para ambientes aqu\u00e1ticos gra\u00e7as \u00e0 sua resist\u00eancia ao cloro, \u00e0 \u00e1gua do mar e \u00e0 corros\u00e3o.<br \/>\nNormas cumpridas: sem chumbo, n\u00edquel e cr\u00f3mio, em conformidade com a OEKO e amigo do ambiente.<br \/>\nCompromisso com a qualidade: materiais cuidadosamente selecionados para acabamentos elegantes e duradouros.<\/p>","protected":false},"featured_media":60841,"comment_status":"closed","ping_status":"closed","template":"","meta":[],"product_brand":[],"product_cat":[140,149],"product_tag":[],"class_list":{"0":"post-65321","1":"product","2":"type-product","3":"status-publish","4":"has-post-thumbnail","6":"product_cat-accessoires","7":"product_cat-connecteurs","8":"product_shipping_class-1-a-2kg","10":"first","11":"instock","12":"taxable","13":"shipping-taxable","14":"purchasable","15":"product-type-simple"},"_links":{"self":[{"href":"https:\/\/staging.dyrsan.fr\/pt\/wp-json\/wp\/v2\/product\/65321","targetHints":{"allow":["GET"]}}],"collection":[{"href":"https:\/\/staging.dyrsan.fr\/pt\/wp-json\/wp\/v2\/product"}],"about":[{"href":"https:\/\/staging.dyrsan.fr\/pt\/wp-json\/wp\/v2\/types\/product"}],"replies":[{"embeddable":true,"href":"https:\/\/staging.dyrsan.fr\/pt\/wp-json\/wp\/v2\/comments?post=65321"}],"version-history":[{"count":3,"href":"https:\/\/staging.dyrsan.fr\/pt\/wp-json\/wp\/v2\/product\/65321\/revisions"}],"predecessor-version":[{"id":73215,"href":"https:\/\/staging.dyrsan.fr\/pt\/wp-json\/wp\/v2\/product\/65321\/revisions\/73215"}],"wp:featuredmedia":[{"embeddable":true,"href":"https:\/\/staging.dyrsan.fr\/pt\/wp-json\/wp\/v2\/media\/60841"}],"wp:attachment":[{"href":"https:\/\/staging.dyrsan.fr\/pt\/wp-json\/wp\/v2\/media?parent=65321"}],"wp:term":[{"taxonomy":"product_brand","embeddable":true,"href":"https:\/\/staging.dyrsan.fr\/pt\/wp-json\/wp\/v2\/product_brand?post=65321"},{"taxonomy":"product_cat","embeddable":true,"href":"https:\/\/staging.dyrsan.fr\/pt\/wp-json\/wp\/v2\/product_cat?post=65321"},{"taxonomy":"product_tag","embeddable":true,"href":"https:\/\/staging.dyrsan.fr\/pt\/wp-json\/wp\/v2\/product_tag?post=65321"}],"curies":[{"name":"wp","href":"https:\/\/api.w.org\/{rel}","templated":true}]}}