{"id":65319,"date":"2025-08-29T20:31:28","date_gmt":"2025-08-29T20:31:28","guid":{"rendered":"https:\/\/www.2027.staging.dyrsan.fr\/?post_type=product&#038;p=65319"},"modified":"2026-04-03T17:55:46","modified_gmt":"2026-04-03T17:55:46","slug":"fermoir-en-metal-argente-20-mm-3","status":"publish","type":"product","link":"https:\/\/staging.dyrsan.fr\/pt\/shop\/fermoir-en-metal-argente-20-mm-3\/","title":{"rendered":"Fecho de metal prateado de 20 mm"},"content":{"rendered":"<p>Ce fermoir en m\u00e9tal argent\u00e9 20 mm Fermoir en m\u00e9tal argent\u00e9 20 mmest con\u00e7u pour les maillots de bain, la lingerie, les ceintures et les accessoires textiles. Robuste, \u00e9l\u00e9gant et r\u00e9sistant aux environnements humides, il garantit une fermeture fiable et durable avec une finition professionnelle haut de gamme.<\/p>\n<p>&nbsp;<\/p>\n<p><strong>Especifica\u00e7\u00f5es t\u00e9cnicas:<\/strong><\/p>\n<p>R\u00e9f\u00e9rence : DYD0037-20<br \/>\nMaterial(is): Metal<br \/>\nCor: Prateado<br \/>\nAcabamento(s) dispon\u00edvel(is): Prata \/ Ouro amarelo \/ Ouro amarelo brilhante \/ Ouro rosa \/ Cinzento a\u00e7o \/ Bronze dourado<br \/>\nTaille : 20 mm<br \/>\nPeso : 11 g<br \/>\nTratamento de superf\u00edcie: polimento espelhado e galvanoplastia<\/p>\n<p>&nbsp;<\/p>\n<p><strong>Carater\u00edsticas t\u00e9cnicas:<\/strong><br \/>\n\u2013 Sans plomb, nickel ni chrome<br \/>\n\u2013 Conforme aux standards OEKO<br \/>\n\u2013 R\u00e9sistant au chlore, \u00e0 l\u2019eau de mer et \u00e0 la corrosion<br \/>\nEmbalagem : Vendido em embalagens de 100 unidades<br \/>\nDisponibilidade: Por encomenda<\/p>\n<p>Prazo de execu\u00e7\u00e3o: Encomenda personalizada - Entrega no prazo m\u00e1ximo de 4 semanas<\/p>","protected":false},"excerpt":{"rendered":"<p>Ce fermoir en m\u00e9tal argent\u00e9 20 mm est con\u00e7u pour les maillots de bain, la lingerie, les ceintures et les accessoires textiles. Robuste, \u00e9l\u00e9gant et r\u00e9sistant aux environnements humides, il garantit une fermeture fiable et durable avec une finition professionnelle haut de gamme.<\/p>\n<p>&nbsp;<\/p>\n<p><strong>Especifica\u00e7\u00f5es t\u00e9cnicas:<\/strong><\/p>\n<p>R\u00e9f\u00e9rence : DYD0037-20<br \/>\nMaterial(is): Metal<br \/>\nCor: Prateado<br \/>\nAcabamento(s) dispon\u00edvel(is): Prata \/ Ouro amarelo \/ Ouro amarelo brilhante \/ Ouro rosa \/ Cinzento a\u00e7o \/ Bronze dourado<br \/>\nTaille : 20 mm<br \/>\nPeso : 11 g<br \/>\nTratamento de superf\u00edcie: polimento espelhado e galvanoplastia<\/p>\n<p>&nbsp;<\/p>\n<p><strong>Carater\u00edsticas t\u00e9cnicas:<\/strong><br \/>\n\u2013 Sans plomb, nickel ni chrome<br \/>\n\u2013 Conforme aux standards OEKO<br \/>\n\u2013 R\u00e9sistant au chlore, \u00e0 l\u2019eau de mer et \u00e0 la corrosion<br \/>\nEmbalagem : Vendido em embalagens de 100 unidades<br \/>\nDisponibilidade: Por encomenda<\/p>\n<p>Prazo de execu\u00e7\u00e3o: Encomenda personalizada - Entrega no prazo m\u00e1ximo de 4 semanas<\/p>","protected":false},"featured_media":60833,"comment_status":"closed","ping_status":"closed","template":"","meta":[],"product_brand":[],"product_cat":[140,147],"product_tag":[376,375],"class_list":{"0":"post-65319","1":"product","2":"type-product","3":"status-publish","4":"has-post-thumbnail","6":"product_cat-accessoires","7":"product_cat-fermoirs","8":"product_tag-attache","9":"product_tag-fermoir","10":"product_shipping_class-1-a-2kg","12":"first","13":"instock","14":"taxable","15":"shipping-taxable","16":"purchasable","17":"product-type-simple"},"_links":{"self":[{"href":"https:\/\/staging.dyrsan.fr\/pt\/wp-json\/wp\/v2\/product\/65319","targetHints":{"allow":["GET"]}}],"collection":[{"href":"https:\/\/staging.dyrsan.fr\/pt\/wp-json\/wp\/v2\/product"}],"about":[{"href":"https:\/\/staging.dyrsan.fr\/pt\/wp-json\/wp\/v2\/types\/product"}],"replies":[{"embeddable":true,"href":"https:\/\/staging.dyrsan.fr\/pt\/wp-json\/wp\/v2\/comments?post=65319"}],"version-history":[{"count":3,"href":"https:\/\/staging.dyrsan.fr\/pt\/wp-json\/wp\/v2\/product\/65319\/revisions"}],"predecessor-version":[{"id":73211,"href":"https:\/\/staging.dyrsan.fr\/pt\/wp-json\/wp\/v2\/product\/65319\/revisions\/73211"}],"wp:featuredmedia":[{"embeddable":true,"href":"https:\/\/staging.dyrsan.fr\/pt\/wp-json\/wp\/v2\/media\/60833"}],"wp:attachment":[{"href":"https:\/\/staging.dyrsan.fr\/pt\/wp-json\/wp\/v2\/media?parent=65319"}],"wp:term":[{"taxonomy":"product_brand","embeddable":true,"href":"https:\/\/staging.dyrsan.fr\/pt\/wp-json\/wp\/v2\/product_brand?post=65319"},{"taxonomy":"product_cat","embeddable":true,"href":"https:\/\/staging.dyrsan.fr\/pt\/wp-json\/wp\/v2\/product_cat?post=65319"},{"taxonomy":"product_tag","embeddable":true,"href":"https:\/\/staging.dyrsan.fr\/pt\/wp-json\/wp\/v2\/product_tag?post=65319"}],"curies":[{"name":"wp","href":"https:\/\/api.w.org\/{rel}","templated":true}]}}