{"id":65166,"date":"2025-09-13T20:12:30","date_gmt":"2025-09-13T20:12:30","guid":{"rendered":"https:\/\/www.2027.staging.dyrsan.fr\/?post_type=product&#038;p=65166"},"modified":"2026-04-03T17:51:17","modified_gmt":"2026-04-03T17:51:17","slug":"anneau-en-metal-dore-30-mm","status":"publish","type":"product","link":"https:\/\/staging.dyrsan.fr\/pt\/shop\/anneau-en-metal-dore-30-mm\/","title":{"rendered":"Anel de metal banhado a ouro de 30 mm"},"content":{"rendered":"<p>Este anel de metal dourado de 30 mm \u00e9 um acess\u00f3rio funcional concebido para a montagem e o acabamento de cria\u00e7\u00f5es t\u00eaxteis. O seu acabamento brilhante garante a sua durabilidade durante anos, tornando-a ideal tanto para a moda de praia como para aplica\u00e7\u00f5es t\u00e9cnicas.<\/p>\n<p>&nbsp;<\/p>\n<p><strong>Especifica\u00e7\u00f5es t\u00e9cnicas:<\/strong><\/p>\n<p>N\u00famero de cat\u00e1logo: DY4903<br \/>\nMaterial(is): Metal<br \/>\nCor: dourado<br \/>\nTamanho: 30 \u00d7 5,2 mm<br \/>\nPeso: 21,6 g (par)<\/p>\n<p>&nbsp;<\/p>\n<p><strong>Carater\u00edsticas t\u00e9cnicas:<\/strong><\/p>\n<p>Resistente \u00e0 ferrugem<br \/>\nResistente \u00e0 \u00e1gua do mar e \u00e0 transpira\u00e7\u00e3o<br \/>\nN\u00e3o descolora<br \/>\nSem arestas vivas (n\u00e3o irritante)<br \/>\nElevada durabilidade (mesmo quando cosido ou exposto ao sol)<\/p>\n<p>Vendido em embalagens de 100 \/ Entrega em 15-20 dias<\/p>","protected":false},"excerpt":{"rendered":"<p>Este anel de metal dourado de 30 mm \u00e9 um acess\u00f3rio funcional concebido para a montagem e o acabamento de cria\u00e7\u00f5es t\u00eaxteis. O seu acabamento brilhante garante a sua durabilidade durante anos, tornando-a ideal tanto para a moda de praia como para aplica\u00e7\u00f5es t\u00e9cnicas.<\/p>\n<p>&nbsp;<\/p>\n<p><strong>Especifica\u00e7\u00f5es t\u00e9cnicas:<\/strong><\/p>\n<p>N\u00famero de cat\u00e1logo: DY4903<br \/>\nMaterial(is): Metal<br \/>\nCor: dourado<br \/>\nTamanho: 30 \u00d7 5,2 mm<br \/>\nPeso: 21,6 g (par)<\/p>\n<p>&nbsp;<\/p>\n<p><strong>Carater\u00edsticas t\u00e9cnicas:<\/strong><\/p>\n<p>Resistente \u00e0 ferrugem<br \/>\nResistente \u00e0 \u00e1gua do mar e \u00e0 transpira\u00e7\u00e3o<br \/>\nN\u00e3o descolora<br \/>\nSem arestas vivas (n\u00e3o irritante)<br \/>\nElevada durabilidade (mesmo quando cosido ou exposto ao sol)<\/p>\n<p>Vendido em embalagens de 100 \/ Entrega em 15-20 dias<\/p>","protected":false},"featured_media":61737,"comment_status":"closed","ping_status":"closed","template":"","meta":[],"product_brand":[370],"product_cat":[435,140],"product_tag":[374],"class_list":{"0":"post-65166","1":"product","2":"type-product","3":"status-publish","4":"has-post-thumbnail","6":"product_brand-dyrsan","7":"product_cat-regleurs","8":"product_cat-accessoires","9":"product_tag-passant","10":"product_shipping_class-1-a-2kg","12":"first","13":"instock","14":"taxable","15":"shipping-taxable","16":"purchasable","17":"product-type-simple"},"_links":{"self":[{"href":"https:\/\/staging.dyrsan.fr\/pt\/wp-json\/wp\/v2\/product\/65166","targetHints":{"allow":["GET"]}}],"collection":[{"href":"https:\/\/staging.dyrsan.fr\/pt\/wp-json\/wp\/v2\/product"}],"about":[{"href":"https:\/\/staging.dyrsan.fr\/pt\/wp-json\/wp\/v2\/types\/product"}],"replies":[{"embeddable":true,"href":"https:\/\/staging.dyrsan.fr\/pt\/wp-json\/wp\/v2\/comments?post=65166"}],"version-history":[{"count":14,"href":"https:\/\/staging.dyrsan.fr\/pt\/wp-json\/wp\/v2\/product\/65166\/revisions"}],"predecessor-version":[{"id":76333,"href":"https:\/\/staging.dyrsan.fr\/pt\/wp-json\/wp\/v2\/product\/65166\/revisions\/76333"}],"wp:featuredmedia":[{"embeddable":true,"href":"https:\/\/staging.dyrsan.fr\/pt\/wp-json\/wp\/v2\/media\/61737"}],"wp:attachment":[{"href":"https:\/\/staging.dyrsan.fr\/pt\/wp-json\/wp\/v2\/media?parent=65166"}],"wp:term":[{"taxonomy":"product_brand","embeddable":true,"href":"https:\/\/staging.dyrsan.fr\/pt\/wp-json\/wp\/v2\/product_brand?post=65166"},{"taxonomy":"product_cat","embeddable":true,"href":"https:\/\/staging.dyrsan.fr\/pt\/wp-json\/wp\/v2\/product_cat?post=65166"},{"taxonomy":"product_tag","embeddable":true,"href":"https:\/\/staging.dyrsan.fr\/pt\/wp-json\/wp\/v2\/product_tag?post=65166"}],"curies":[{"name":"wp","href":"https:\/\/api.w.org\/{rel}","templated":true}]}}